{"id":40377,"date":"2023-12-05T11:42:42","date_gmt":"2023-12-05T11:42:42","guid":{"rendered":"https:\/\/siemid.com\/?post_type=product&#038;p=40377"},"modified":"2026-04-17T08:06:44","modified_gmt":"2026-04-17T08:06:44","slug":"black-fog-light-cover-bezel-grille-bumper-insert-lh-lf-driver-side-for-acura-tl","status":"publish","type":"product","link":"https:\/\/siemid.com\/de\/produkt\/black-fog-light-cover-bezel-grille-bumper-insert-lh-lf-driver-side-for-acura-tl\/","title":{"rendered":"Schwarze Nebelscheinwerfer Abdeckung L\u00fcnette K\u00fchlergrill Sto\u00dff\u00e4nger Einsatz LH LF Fahrerseite f\u00fcr Acura TL"},"content":{"rendered":"<p>Ausstattung<\/br>Bitte pr\u00fcfen Sie vor dem Kauf, ob dieser Artikel in Ihr Fahrzeug passt!<\/br><\/br>Zustand<\/br>100% Neu in der Werksverpackung, nie benutzt oder installiert. gew\u00e4hrleistet Qualit\u00e4t und Leistung des Produkts.<\/br><\/br>Erscheinungsbild<\/br>Farbe: <\/br><\/br>Position<\/br>Platzierung am Fahrzeug: Vorne,Links<\/br><\/br>Teil_Nummer<\/br>LHT00111,71107SEPA10ZA,AC1038104<\/br><\/br>Installations-Tipp<\/br>Behalten&amp;R<\/br><\/br>Typ<\/br>Nebelblende<\/br><\/br>Garantie<\/br>: Verwenden Sie Ihre Hardware, neue Hardware ist in diesem Artikel nicht enthalten.<\/p>","protected":false},"excerpt":{"rendered":"<p>Passform:Bitte \u00fcberpr\u00fcfen Sie vor dem Kauf anhand des Filters und der Beschreibung, ob dieser Artikel in Ihr Fahrzeug passt!<br \/>\nPlatzierung am Fahrzeug: Vorne,Links<br \/>\nPart_Number:LHT00111,71107SEPA10ZA,AC1038104<br \/>\nInstallations-Tipp:Behalten&amp;R<br \/>\nTyp:Nebelblende<\/p>","protected":false},"featured_media":40428,"comment_status":"open","ping_status":"closed","template":"","meta":{"_acf_changed":false,"om_disable_all_campaigns":false,"inline_featured_image":false,"_mi_skip_tracking":false,"_monsterinsights_sitenote_active":false,"_monsterinsights_sitenote_note":"","_monsterinsights_sitenote_category":0},"product_brand":[],"product_cat":[534],"product_tag":[135147],"class_list":{"0":"post-40377","1":"product","2":"type-product","3":"status-publish","4":"has-post-thumbnail","6":"product_cat-light-covers","7":"product_tag-warehouse-location-united-states","8":"product_shipping_class-us-stock-flat","10":"first","11":"instock","12":"sale","13":"featured","14":"shipping-taxable","15":"purchasable","16":"product-type-simple"},"acf":[],"aioseo_notices":[],"_links":{"self":[{"href":"https:\/\/siemid.com\/de\/wp-json\/wp\/v2\/product\/40377","targetHints":{"allow":["GET"]}}],"collection":[{"href":"https:\/\/siemid.com\/de\/wp-json\/wp\/v2\/product"}],"about":[{"href":"https:\/\/siemid.com\/de\/wp-json\/wp\/v2\/types\/product"}],"replies":[{"embeddable":true,"href":"https:\/\/siemid.com\/de\/wp-json\/wp\/v2\/comments?post=40377"}],"wp:featuredmedia":[{"embeddable":true,"href":"https:\/\/siemid.com\/de\/wp-json\/wp\/v2\/media\/40428"}],"wp:attachment":[{"href":"https:\/\/siemid.com\/de\/wp-json\/wp\/v2\/media?parent=40377"}],"wp:term":[{"taxonomy":"product_brand","embeddable":true,"href":"https:\/\/siemid.com\/de\/wp-json\/wp\/v2\/product_brand?post=40377"},{"taxonomy":"product_cat","embeddable":true,"href":"https:\/\/siemid.com\/de\/wp-json\/wp\/v2\/product_cat?post=40377"},{"taxonomy":"product_tag","embeddable":true,"href":"https:\/\/siemid.com\/de\/wp-json\/wp\/v2\/product_tag?post=40377"}],"curies":[{"name":"wp","href":"https:\/\/api.w.org\/{rel}","templated":true}]}}