{"id":40481,"date":"2023-12-06T09:39:43","date_gmt":"2023-12-06T09:39:43","guid":{"rendered":"https:\/\/siemid.com\/?post_type=product&#038;p=40481"},"modified":"2026-04-04T17:08:43","modified_gmt":"2026-04-04T17:08:43","slug":"black-fog-light-cover-bezel-grille-bumper-insert-lh-driver-side-for-kia-optima-%e5%a4%8d%e5%88%b6","status":"publish","type":"product","link":"https:\/\/siemid.com\/de\/produkt\/black-fog-light-cover-bezel-grille-bumper-insert-lh-driver-side-for-kia-optima-%e5%a4%8d%e5%88%b6\/","title":{"rendered":"Neue Generation Led Nebelscheinwerfer nachger\u00fcstet f\u00fcr Ford Focus Escort Edge Ecosport Explorer Raptor C-MAX FIESTA FUSION Ranger Taurus X TRANSIT TOURNEO 2010 2011 2012 2013 14 15 16 17 2019 20 2021 22"},"content":{"rendered":"<h2 class=\"default\">Produkt Beschreibung<\/h2>\n<div id=\"productDescription\" class=\"a-section a-spacing-small\">\n<p>LED-Nebelscheinwerfer der neuen Generation: Dieser Artikel passt als Ersatzteil f\u00fcr die Nebelscheinwerfer, die bereits vorinstalliert sind. Dies sind die neuen Upgrade-LED-Nebelscheinwerfer, die die serienm\u00e4\u00dfigen Halogenlampen ersetzen! Der Ausleuchtungswinkel ist sehr gro\u00df (130 Grad links und rechts), und die Hell-Dunkel-Grenze ist klar und scharf.Zulassung ECE F3 SAE DOT.Diese Lichter w\u00e4ren ideal f\u00fcr Sie, um als LED-Upgrade vor allem zu schwarz unser Fahrzeug. Sie erhalten beide Nebelscheinwerfer. Wenn Sie das Aussehen Ihres Fahrzeugs aufpeppen m\u00f6chten oder mehr Klarheit w\u00e4hrend der Fahrt w\u00fcnschen, unabh\u00e4ngig von den Witterungsbedingungen, kann Ihnen dies in beiden Situationen helfen. Dies verbessert die Sichtbarkeit bei Nacht, dichtem Nebel, starkem Regen und Schnee.<\/p>\n<p><strong><span class=\"a-text-bold\">Die Ausstattung umfasst:<\/span><\/strong><br \/>\n.kommen vollst\u00e4ndig<br \/>\no Hochleistungs-LED-Lampen.<br \/>\no Extra gro\u00dfer Erfassungswinkel.<br \/>\no Wiederverwendung vorhandener Hardware.<br \/>\n<strong><span class=\"a-text-bold\">ERSETZT DIE ORIGINALEN HALOGEN-NEBELSCHEINWERFER NUMMERN<\/span><\/strong><br \/>\n1209177 1209077 620662<br \/>\n4709052 8321A097 5001874722<br \/>\n26155-00Q0A 35500-63J00 35500-63J03<br \/>\n088358 26150-VD300 26150-EB500<br \/>\n35500-63J02<br \/>\n6710027<br \/>\n8200074008<br \/>\nJB3B-15201-AC<br \/>\n<strong><span class=\"a-text-bold\">PASST:<\/span><\/strong><br \/>\n<strong><span class=\"a-text-bold\">FORD<\/span><\/strong><br \/>\nSchwerpunkt 2004-2014<br \/>\nBegleitung 2015-2017<br \/>\nFiesta 2002-2012<br \/>\nRand 2015-2017<br \/>\nEcosport 2003-2016<br \/>\nEntdecker 2011-2015<br \/>\nRaptor 2011-2016<br \/>\nIkon<br \/>\nC-MAX II 2010<br \/>\nFIESTA V 2001-2010<br \/>\nFIESTA VI 2008<br \/>\nFOCUS II 2004-2012<br \/>\nFOCUS II Limousine 2005<br \/>\nFOCUS II Turnier 2004-2012<br \/>\nFUSION 2013-2016<br \/>\nMondeo 2013-2016<br \/>\nFord Freistil 2005-2007<br \/>\nFord Taurus X 2008-2009<br \/>\nC-MAX 2013-2018<br \/>\nTransit 2010-2020<br \/>\nTransit Connect 2010-2020<br \/>\nTransit 250 2015-2021<br \/>\nTransit VM 2006-2013<br \/>\nTRANSIT MK6 2000-2005<br \/>\nTRANSIT MK7 2000-2005<br \/>\nTRANSIT MK8 2014-2019<br \/>\nTOURNEO CONNECT 2002-2013<br \/>\nBRONCO 2021<br \/>\nF\u00d6RSTER 2019-2022<br \/>\nRand 2015-2017<\/p>\n<\/div>","protected":false},"excerpt":{"rendered":"<ul class=\"a-unordered-list a-vertical a-spacing-mini\">\n<li class=\"a-spacing-mini\"><span class=\"a-list-item\">Verwendung der modernsten LED-Linse - der Punktfokuslinse. Im Gegensatz zu herk\u00f6mmlichem Glas wird bei der Punktlinse ein Kunststoffspritzgussverfahren verwendet, so dass die vom Computer berechnete komplexe gekr\u00fcmmte Oberfl\u00e4che geformt werden kann. Die Punktlinse verwendet ein Hyperboloid-Design, das eine h\u00f6here optische Effizienz und einen breiteren Lichttyp aufweist, so dass diese Art von Linse gleichzeitig die Funktion des Nebelscheinwerfers und die Funktion der Zusatzbeleuchtung der Kurve realisieren kann.<\/span><\/li>\n<\/ul>\n<ul class=\"a-unordered-list a-vertical a-spacing-mini\">\n<li class=\"a-spacing-mini\"><span class=\"a-list-item\">Dieser Nebelscheinwerfer passt zu den meisten auf dem Markt erh\u00e4ltlichen Halogenlampen f\u00fcr Ford-Fahrzeuge (H11, H9, H8). Er ist vielseitig einsetzbar und eignet sich sehr gut f\u00fcr Upgrades und Modifikationen.<\/span><\/li>\n<li class=\"a-spacing-mini\"><span class=\"a-list-item\">Siemid Autolights-Focus on the research and development and manufacturing of automotive lamps. Die Essenz der Branche, f\u00fchrend im Trend der Branche! Wir sind bestrebt, Produkte herzustellen, die f\u00fcr den Verbraucher sicher und zufriedenstellend sind. Willkommen bei uns.<\/span><\/li>\n<li class=\"a-spacing-mini\"><span class=\"a-list-item\">Hohe Qualit\u00e4t, 1 Jahr Garantie.<\/span><\/li>\n<li class=\"a-spacing-mini\"><span class=\"a-list-item\">Verpackung: zwei Packungen<\/span><\/li>\n<\/ul>","protected":false},"featured_media":40472,"comment_status":"open","ping_status":"closed","template":"","meta":{"_acf_changed":false,"om_disable_all_campaigns":false,"inline_featured_image":false,"_mi_skip_tracking":false,"_monsterinsights_sitenote_active":false,"_monsterinsights_sitenote_note":"","_monsterinsights_sitenote_category":0},"product_brand":[],"product_cat":[554],"product_tag":[135147],"class_list":{"0":"post-40481","1":"product","2":"type-product","3":"status-publish","4":"has-post-thumbnail","6":"product_cat-fog-lights-automotive-lighting","7":"product_tag-warehouse-location-united-states","8":"product_shipping_class-us-stock-flat","9":"pa_compatibility-2000-ford-transit-mk6","10":"pa_compatibility-2000-ford-transit-mk7","11":"pa_compatibility-2001-ford-fiesta","12":"pa_compatibility-2003-ford-ecosport","13":"pa_compatibility-2004-ford-focus","14":"pa_compatibility-2005-ford-freestyle","15":"pa_compatibility-2006-ford-transit-vm","16":"pa_compatibility-2008-ford-taurus-x","17":"pa_compatibility-2010-ford-c-max","18":"pa_compatibility-2010-ford-transit","19":"pa_compatibility-2010-ford-transit-connect","20":"pa_compatibility-2011-ford-explorer","21":"pa_compatibility-2013-ford-fusion","22":"pa_compatibility-2013-ford-mondeo","23":"pa_compatibility-2014-ford-transit-mk8","24":"pa_compatibility-2015-ford-edge","25":"pa_compatibility-2015-ford-escort","26":"pa_compatibility-2015-ford-transit-250-2","27":"pa_compatibility-2019-ford-ranger","28":"pa_compatibility-2021-ford-bronco","30":"first","31":"instock","32":"sale","33":"featured","34":"shipping-taxable","35":"purchasable","36":"product-type-simple"},"acf":[],"aioseo_notices":[],"_links":{"self":[{"href":"https:\/\/siemid.com\/de\/wp-json\/wp\/v2\/product\/40481","targetHints":{"allow":["GET"]}}],"collection":[{"href":"https:\/\/siemid.com\/de\/wp-json\/wp\/v2\/product"}],"about":[{"href":"https:\/\/siemid.com\/de\/wp-json\/wp\/v2\/types\/product"}],"replies":[{"embeddable":true,"href":"https:\/\/siemid.com\/de\/wp-json\/wp\/v2\/comments?post=40481"}],"wp:featuredmedia":[{"embeddable":true,"href":"https:\/\/siemid.com\/de\/wp-json\/wp\/v2\/media\/40472"}],"wp:attachment":[{"href":"https:\/\/siemid.com\/de\/wp-json\/wp\/v2\/media?parent=40481"}],"wp:term":[{"taxonomy":"product_brand","embeddable":true,"href":"https:\/\/siemid.com\/de\/wp-json\/wp\/v2\/product_brand?post=40481"},{"taxonomy":"product_cat","embeddable":true,"href":"https:\/\/siemid.com\/de\/wp-json\/wp\/v2\/product_cat?post=40481"},{"taxonomy":"product_tag","embeddable":true,"href":"https:\/\/siemid.com\/de\/wp-json\/wp\/v2\/product_tag?post=40481"}],"curies":[{"name":"wp","href":"https:\/\/api.w.org\/{rel}","templated":true}]}}