{"id":40491,"date":"2023-12-09T06:34:00","date_gmt":"2023-12-09T06:34:00","guid":{"rendered":"https:\/\/siemid.com\/?post_type=product&#038;p=40491"},"modified":"2024-01-08T18:06:39","modified_gmt":"2024-01-08T18:06:39","slug":"siemid-neue-generation-led-nebelscheinwerfer-paar-fur-ford-focus-mk2-3-fiesta-mk6-7-8-escort-edge-ecosport-explorer-raptor-c-max-fusion-ranger-taurus-x-transit-2001-2010-2011-2012-2013-14-15-16-17","status":"publish","type":"product","link":"https:\/\/siemid.com\/de\/produkt\/siemid-neue-generation-led-nebelscheinwerfer-paar-fur-ford-focus-mk2-3-fiesta-mk6-7-8-escort-edge-ecosport-explorer-raptor-c-max-fusion-ranger-taurus-x-transit-2001-2010-2011-2012-2013-14-15-16-17\/","title":{"rendered":"Siemid Neue Generation LED Nebelscheinwerfer Paar f??r Ford Focus MK2 3 FIESTA MK6 7 8 Escort Edge Ecosport Explorer Raptor C-MAX FUSION Ranger Taurus X TRANSIT 2001-2010 2011 2012 2013 14 15 16 17"},"content":{"rendered":"<div class=\"a-expander-content a-expander-partial-collapse-content a-expander-content-expanded\" aria-expanded=\"true\">\n<div id=\"productDescription\" class=\"a-section a-spacing-small\">\n<p>Mit unseren LEDs durchleuchten Sie auch dichte Nebelschwaden. Hochwertige Cree Chip LEDs sorgen f\u00fcr freie Sicht, Durchblick und Sicherheit in ihrem Fahrzeug. Dank unkomplizierter Plug&amp;Play-Montage sind die leistungsstarken Leuchten mit wenigen Handgriffen eingebaut und sofort einsatzbereit.<br \/>\nVerleihen Sie Ihrem Fahrzeug einen sportlich eleganten Touch mit langer Lebensdauer.<br \/>\n<strong>Das sind Ihre Vorteile:<\/strong><br \/>\n- Klare und besonders gleichm??ige Beleuchtung<br \/>\n- lange Lebensdauer<br \/>\n- keine Fehlermeldung<br \/>\n- im Stra?enverkehr zugelassen<br \/>\n- einfache Plug&amp;Play-Montage<br \/>\n<strong>Passend zum Thema:<\/strong><br \/>\nFORD<br \/>\nSchwerpunkt 2004-2014<br \/>\nMK2 2005-2008<br \/>\nMK3 2011-2015<br \/>\nFiesta 2002-2012<br \/>\nMK6 2002-2009<br \/>\nMK6.5 2005-2008<br \/>\nMK7 2008-2013<br \/>\nMK7 zetec 2008-2013<br \/>\nMK7.5 st 2014-2018<br \/>\nST MK8 2012-2017<br \/>\nBegleitung 2015-2017<br \/>\nMondeo 2013-2016<br \/>\nRand 2015-2017<br \/>\nEcosport 20032016<br \/>\nExplorer 2002-2014<br \/>\nRaptor 2011-2016<br \/>\nIkon<br \/>\nFIESTA V 2001-2010<br \/>\nFIESTA VI 2008<br \/>\nFOCUS II 2004-2012<br \/>\nFOCUS II Limousine 2005<br \/>\nFOCUS II Turnier 2004-2012<br \/>\nFUSION 2002-2012<br \/>\nFord Freistil 2005-2007<br \/>\nFord Ranger2005-2011<br \/>\nFord Taurus X 2008-2009<br \/>\nC-MAX 2013-2018<br \/>\nTransit 2010-2020<br \/>\nTransit CONNECT 2010-2020<br \/>\nTransit 250 2015-2021<br \/>\nTransit VM 2006-2013<br \/>\nTRANSIT MK6 2000-2005<br \/>\nTRANSIT MK7 2000-2005<br \/>\nTRANSIT MK8 2014-2019<br \/>\nTOURNEO CONNECT 2002-2013<br \/>\nFalke<\/p>\n<\/div>\n<\/div>\n<div id=\"productDescription_expander-expand_collapse_link\" class=\"a-expander-header a-expander-partial-collapse-header celwidget\" data-csa-c-id=\"i1n3ak-d9zvbw-xz19zs-6wlspo\" data-cel-widget=\"productDescription_expander-expand_collapse_link\"><\/div>","protected":false},"excerpt":{"rendered":"<ul class=\"a-unordered-list a-vertical a-spacing-mini\">\n<li class=\"a-spacing-mini\"><span class=\"a-list-item\">Verwendung der modernsten LED-Linse - der Punktfokuslinse. Im Gegensatz zu herk\u00f6mmlichem Glas wird bei der Punktlinse ein Kunststoffspritzgussverfahren verwendet, so dass die vom Computer berechnete komplexe gekr\u00fcmmte Oberfl\u00e4che geformt werden kann. Die Punktlinse verwendet ein Hyperboloid-Design, das eine h\u00f6here optische Effizienz und einen breiteren Lichttyp aufweist, so dass diese Art von Linse gleichzeitig die Funktion des Nebelscheinwerfers und die Funktion der Zusatzbeleuchtung der Kurve realisieren kann.<\/span><\/li>\n<\/ul>\n<ul class=\"a-unordered-list a-vertical a-spacing-mini\">\n<li class=\"a-spacing-mini\"><span class=\"a-list-item\">Dieser Nebelscheinwerfer passt zu den meisten auf dem Markt erh\u00e4ltlichen Halogenlampen f\u00fcr Ford-Fahrzeuge (H11, H9, H8). Er ist vielseitig einsetzbar und eignet sich sehr gut f\u00fcr Upgrades und Modifikationen.<\/span><\/li>\n<li class=\"a-spacing-mini\"><span class=\"a-list-item\">Siemid Autolights-Focus on the research and development and manufacturing of automotive lamps. Die Essenz der Branche, f\u00fchrend im Trend der Branche! Wir sind bestrebt, Produkte herzustellen, die f\u00fcr den Verbraucher sicher und zufriedenstellend sind. Willkommen bei uns.<\/span><\/li>\n<li class=\"a-spacing-mini\"><span class=\"a-list-item\">Hohe Qualit\u00e4t, 1 Jahr Garantie.<\/span><\/li>\n<li class=\"a-spacing-mini\"><span class=\"a-list-item\">Verpackung: zwei Packungen<\/span><\/li>\n<\/ul>","protected":false},"featured_media":40472,"comment_status":"open","ping_status":"closed","template":"","meta":{"_acf_changed":false,"om_disable_all_campaigns":false,"inline_featured_image":false,"_mi_skip_tracking":false,"_monsterinsights_sitenote_active":false,"_monsterinsights_sitenote_note":"","_monsterinsights_sitenote_category":0},"product_brand":[],"product_cat":[554],"product_tag":[135147],"class_list":{"0":"post-40491","1":"product","2":"type-product","3":"status-publish","4":"has-post-thumbnail","6":"product_cat-fog-lights-automotive-lighting","7":"product_tag-warehouse-location-united-states","8":"product_shipping_class-us-stock-flat","9":"pa_compatibility-2000-ford-transit-mk6","10":"pa_compatibility-2000-ford-transit-mk7","11":"pa_compatibility-2001-ford-fiesta","12":"pa_compatibility-2003-ford-ecosport","13":"pa_compatibility-2004-ford-focus","14":"pa_compatibility-2005-ford-freestyle","15":"pa_compatibility-2006-ford-transit-vm","16":"pa_compatibility-2008-ford-taurus-x","17":"pa_compatibility-2010-ford-c-max","18":"pa_compatibility-2010-ford-transit","19":"pa_compatibility-2010-ford-transit-connect","20":"pa_compatibility-2011-ford-explorer","21":"pa_compatibility-2013-ford-fusion","22":"pa_compatibility-2013-ford-mondeo","23":"pa_compatibility-2014-ford-transit-mk8","24":"pa_compatibility-2015-ford-edge","25":"pa_compatibility-2015-ford-escort","26":"pa_compatibility-2015-ford-transit-250-2","27":"pa_compatibility-2019-ford-ranger","28":"pa_compatibility-2021-ford-bronco","30":"first","31":"instock","32":"sale","33":"shipping-taxable","34":"purchasable","35":"product-type-simple"},"acf":[],"aioseo_notices":[],"_links":{"self":[{"href":"https:\/\/siemid.com\/de\/wp-json\/wp\/v2\/product\/40491","targetHints":{"allow":["GET"]}}],"collection":[{"href":"https:\/\/siemid.com\/de\/wp-json\/wp\/v2\/product"}],"about":[{"href":"https:\/\/siemid.com\/de\/wp-json\/wp\/v2\/types\/product"}],"replies":[{"embeddable":true,"href":"https:\/\/siemid.com\/de\/wp-json\/wp\/v2\/comments?post=40491"}],"wp:featuredmedia":[{"embeddable":true,"href":"https:\/\/siemid.com\/de\/wp-json\/wp\/v2\/media\/40472"}],"wp:attachment":[{"href":"https:\/\/siemid.com\/de\/wp-json\/wp\/v2\/media?parent=40491"}],"wp:term":[{"taxonomy":"product_brand","embeddable":true,"href":"https:\/\/siemid.com\/de\/wp-json\/wp\/v2\/product_brand?post=40491"},{"taxonomy":"product_cat","embeddable":true,"href":"https:\/\/siemid.com\/de\/wp-json\/wp\/v2\/product_cat?post=40491"},{"taxonomy":"product_tag","embeddable":true,"href":"https:\/\/siemid.com\/de\/wp-json\/wp\/v2\/product_tag?post=40491"}],"curies":[{"name":"wp","href":"https:\/\/api.w.org\/{rel}","templated":true}]}}