{"id":40492,"date":"2023-12-09T06:59:32","date_gmt":"2023-12-09T06:59:32","guid":{"rendered":"https:\/\/siemid.com\/?post_type=product&#038;p=40492"},"modified":"2026-05-10T17:57:19","modified_gmt":"2026-05-10T17:57:19","slug":"front-grill-compatible-with-volkswagen-jetta-mk6-2015-2016-2017-insert-bumper-upper-center-grille","status":"publish","type":"product","link":"https:\/\/siemid.com\/de\/produkt\/front-grill-compatible-with-volkswagen-jetta-mk6-2015-2016-2017-insert-bumper-upper-center-grille\/","title":{"rendered":"Frontgrill Kompatibel mit Volkswagen Jetta MK6 2015 2016 2017 Einsatz Sto\u00dfstange Obere Mitte K\u00fchlergrill"},"content":{"rendered":"<h2 class=\"default\">Produkt Beschreibung<\/h2>\n<div id=\"productDescription\" class=\"a-section a-spacing-small\">\n<p>&gt;&gt;&gt; Ausgezeichnete Qualit\u00e4t: Schwarz gl\u00e4nzend mit verchromten Zierleisten, hergestellt aus hochwertigem, leichtem ABS-Kunststoff, langlebig und zuverl\u00e4ssig. Hohe Festigkeit, Schlagfestigkeit und Rostbest\u00e4ndigkeit.<br \/>\n&gt;&gt;&gt; Sorgt f\u00fcr ein elegantes und individuelles Aussehen, sch\u00fctzt die Frontpartie Ihres Fahrzeugs und verhindert, dass Fremdk\u00f6rper in den Lufteinlass gelangen und den Motor besch\u00e4digen.<br \/>\n&gt;&gt;&gt; Unverwechselbares Aussehen: Das einzigartige Design des K\u00fchlergrills verst\u00e4rkt die visuelle Wirkung und verleiht Ihrem Fahrzeug einen neuen, ikonischen Look.<br \/>\n&gt;&gt;&gt; Ein professioneller Einbau wird dringend empfohlen: Einfach zu installieren, keine Modifikation erforderlich, direktes Anschrauben an den Ersatz. Anleitung NICHT enthalten.<\/p>\n<\/div>","protected":false},"excerpt":{"rendered":"<ul class=\"a-unordered-list a-vertical a-spacing-mini\">\n<li class=\"a-spacing-mini\"><span class=\"a-list-item\">&gt;&gt;&gt; Ausgezeichnete Qualit\u00e4t: Schwarz gl\u00e4nzend mit verchromten Zierleisten, hergestellt aus hochwertigem, leichtem ABS-Kunststoff, langlebig und zuverl\u00e4ssig. Hohe Festigkeit, Schlagfestigkeit und Rostbest\u00e4ndigkeit.<\/span><\/li>\n<li class=\"a-spacing-mini\"><span class=\"a-list-item\">&gt;&gt;&gt; Sorgt f\u00fcr ein elegantes und individuelles Aussehen, sch\u00fctzt die Frontpartie Ihres Fahrzeugs und verhindert, dass Fremdk\u00f6rper in den Lufteinlass gelangen und den Motor besch\u00e4digen.<\/span><\/li>\n<li class=\"a-spacing-mini\"><span class=\"a-list-item\">&gt;&gt;&gt; Unverwechselbares Aussehen: Das einzigartige Design des K\u00fchlergrills verst\u00e4rkt die visuelle Wirkung und verleiht Ihrem Fahrzeug einen neuen, ikonischen Look.<\/span><\/li>\n<li class=\"a-spacing-mini\"><span class=\"a-list-item\">&gt;&gt;&gt; Ein professioneller Einbau wird dringend empfohlen: Einfach zu installieren, keine Modifikation erforderlich, direktes Anschrauben an den Ersatz. Anleitung NICHT enthalten.<\/span><\/li>\n<\/ul>","protected":false},"featured_media":40494,"comment_status":"open","ping_status":"closed","template":"","meta":{"_acf_changed":false,"om_disable_all_campaigns":false,"inline_featured_image":false,"_mi_skip_tracking":false,"_monsterinsights_sitenote_active":false,"_monsterinsights_sitenote_note":"","_monsterinsights_sitenote_category":0},"product_brand":[],"product_cat":[587],"product_tag":[135147],"class_list":{"0":"post-40492","1":"product","2":"type-product","3":"status-publish","4":"has-post-thumbnail","6":"product_cat-replacement-grilles","7":"product_tag-warehouse-location-united-states","8":"product_shipping_class-us-stock-flat","9":"pa_compatibility-2015-volkswagen-jetta","11":"first","12":"instock","13":"sale","14":"featured","15":"shipping-taxable","16":"purchasable","17":"product-type-simple"},"acf":[],"aioseo_notices":[],"_links":{"self":[{"href":"https:\/\/siemid.com\/de\/wp-json\/wp\/v2\/product\/40492","targetHints":{"allow":["GET"]}}],"collection":[{"href":"https:\/\/siemid.com\/de\/wp-json\/wp\/v2\/product"}],"about":[{"href":"https:\/\/siemid.com\/de\/wp-json\/wp\/v2\/types\/product"}],"replies":[{"embeddable":true,"href":"https:\/\/siemid.com\/de\/wp-json\/wp\/v2\/comments?post=40492"}],"wp:featuredmedia":[{"embeddable":true,"href":"https:\/\/siemid.com\/de\/wp-json\/wp\/v2\/media\/40494"}],"wp:attachment":[{"href":"https:\/\/siemid.com\/de\/wp-json\/wp\/v2\/media?parent=40492"}],"wp:term":[{"taxonomy":"product_brand","embeddable":true,"href":"https:\/\/siemid.com\/de\/wp-json\/wp\/v2\/product_brand?post=40492"},{"taxonomy":"product_cat","embeddable":true,"href":"https:\/\/siemid.com\/de\/wp-json\/wp\/v2\/product_cat?post=40492"},{"taxonomy":"product_tag","embeddable":true,"href":"https:\/\/siemid.com\/de\/wp-json\/wp\/v2\/product_tag?post=40492"}],"curies":[{"name":"wp","href":"https:\/\/api.w.org\/{rel}","templated":true}]}}