{"id":40878,"date":"2023-12-14T15:38:26","date_gmt":"2023-12-14T15:38:26","guid":{"rendered":"https:\/\/siemid.com\/?post_type=product&#038;p=40878"},"modified":"2023-12-14T15:44:04","modified_gmt":"2023-12-14T15:44:04","slug":"siemid-new-generation-led-fog-lights-lamp-retrofit-and-upgraded-for-peugeot-206-207-307-407-4007-408-607-2008-3008-4008-5008-2002-2003-2004-2005-2006-2007-2009-2010-2011-2012-2013-2014-2015-2016-2017","status":"publish","type":"product","link":"https:\/\/siemid.com\/de\/produkt\/siemid-new-generation-led-fog-lights-lamp-retrofit-and-upgraded-for-peugeot-206-207-307-407-4007-408-607-2008-3008-4008-5008-2002-2003-2004-2005-2006-2007-2009-2010-2011-2012-2013-2014-2015-2016-2017\/","title":{"rendered":"SIEMID Neue Generation LED-Nebelscheinwerfer Lampe Nachr\u00fcstung und Aufr\u00fcstung F\u00fcr Peugeot 206 207 307 407 4007 408 607 2008 3008 4008 5008 2002 2003 2004 2005 2006 2007 2009 2010 2011 2012 2013 2014 2015 2016 2017"},"content":{"rendered":"<div class=\"a-expander-content a-expander-partial-collapse-content a-expander-content-expanded\" aria-expanded=\"true\">\n<div id=\"productDescription\" class=\"a-section a-spacing-small\">\n<p>LED-Nebelscheinwerfer-Upgrade-Kit der neuen Generation Dieser Artikel passt als Ersatzteil f\u00fcr die Nebelscheinwerfer, die bereits vorinstalliert sind. Dies sind die neuen Upgrade-LED-Nebelscheinwerfer, die die serienm\u00e4\u00dfigen Halogenlampen ersetzen! Der Ausleuchtungswinkel ist sehr gro\u00df (130 Grad links und rechts), und die Hell-Dunkel-Grenze ist klar und scharf.Zulassung ECE F3 SAE DOT. Ihr Fahrzeug MUSS bereits mit den serienm\u00e4\u00dfigen Halogen-Nebelscheinwerfern ausgestattet sein. Dieses Kit eignet sich hervorragend als LED-Upgrade, insbesondere um Ihr Fahrzeug schwarz zu machen. Sie erhalten beide Nebelscheinwerfer. Wenn Sie das Aussehen Ihres Fahrzeugs aufpeppen m\u00f6chten oder mehr Klarheit w\u00e4hrend der Fahrt w\u00fcnschen, unabh\u00e4ngig von den Witterungsbedingungen, k\u00f6nnte Ihnen dies in beiden Situationen helfen. Dies verbessert die Sichtbarkeit bei Nacht, dichtem Nebel, starkem Regen und Schnee.<br \/>\n<strong>Die Ausstattung umfasst:<\/strong><br \/>\n.kommen vollst\u00e4ndig<br \/>\no Hochleistungs-LED-Lampen.<br \/>\no Extra gro\u00dfer Erfassungswinkel.<br \/>\no Wiederverwendung vorhandener Hardware.<br \/>\no Inklusive vollst\u00e4ndiger Anleitung.<br \/>\n<strong>ERSETZT DIE ORIGINALEN HALOGEN-NEBELSCHEINWERFER NUMMERN<\/strong><br \/>\n1209177<br \/>\n1209077<br \/>\n620662<br \/>\n4709052<br \/>\n8321A097<br \/>\n5001874722<br \/>\n26155-00Q0A<br \/>\n35500-63J00<br \/>\n35500-63J03<br \/>\n088358<br \/>\n26150-VD300<br \/>\n26150-EB500<br \/>\n35500-63J02<br \/>\n6710027<br \/>\n8200074008<br \/>\nC2S1740<br \/>\n<strong>PASST:<\/strong><br \/>\n<strong>Peugeot<\/strong><br \/>\nPeugeot107 2005-2012<br \/>\nPeugeot206 2005-2012<br \/>\nPeugeot207 2005-2012<br \/>\nPeugeot307 2004-2012<br \/>\nPeugeot 308 T9 2013-2018<br \/>\nPeugeot 308 \u2161 2013-2018<br \/>\nPeugeot407 2004- 2011<br \/>\nPeugeot408 2014-2019<br \/>\nPeugeot4007 2007-2012<br \/>\nPeugeot607 2004-2011<br \/>\nPeugeot2008 2013-2019<br \/>\nPeugeot3008 2008-2019<br \/>\nPeugeot4008 2012-207<br \/>\nPeugeot5008 2009-2019<\/p>\n<\/div>\n<\/div>\n<div id=\"productDescription_expander-expand_collapse_link\" class=\"a-expander-header a-expander-partial-collapse-header celwidget\" data-csa-c-id=\"i1n3ak-d9zvbw-xz19zs-6wlspo\" data-cel-widget=\"productDescription_expander-expand_collapse_link\"><\/div>","protected":false},"excerpt":{"rendered":"<ul class=\"a-unordered-list a-vertical a-spacing-mini\">\n<li class=\"a-spacing-mini\"><span class=\"a-list-item\">Verwendung der modernsten LED-Linse - der Punktfokuslinse. Im Gegensatz zu herk\u00f6mmlichem Glas wird bei der Punktlinse ein Kunststoffspritzgussverfahren verwendet, so dass die vom Computer berechnete komplexe gekr\u00fcmmte Oberfl\u00e4che geformt werden kann. Die Punktlinse verwendet ein Hyperboloid-Design, das eine h\u00f6here optische Effizienz und einen breiteren Lichttyp aufweist, so dass diese Art von Linse gleichzeitig die Funktion des Nebelscheinwerfers und die Funktion der Zusatzbeleuchtung der Kurve realisieren kann.<\/span><\/li>\n<li class=\"a-spacing-mini\"><span class=\"a-list-item\">Dieser Nebelscheinwerfer ist mit den meisten auf dem Markt erh\u00e4ltlichen Nebelscheinwerfereinbau\u00f6ffnungen und Halogenlampenanschl\u00fcssen (H11, H9, H8) von Peugeot-Fahrzeugen kompatibel. Er ist sehr vielseitig und eignet sich hervorragend f\u00fcr Upgrades und Modifikationen.<\/span><\/li>\n<li class=\"a-spacing-mini\"><span class=\"a-list-item\">Siemid Autolights-Focus on the research and development and manufacturing of automotive lamps. Die Essenz der Branche, f\u00fchrend im Trend der Branche! Wir sind bestrebt, Produkte herzustellen, die f\u00fcr den Verbraucher sicher und zufriedenstellend sind. Willkommen bei uns.<\/span><\/li>\n<li class=\"a-spacing-mini\"><span class=\"a-list-item\">Hohe Qualit\u00e4t, 1 Jahr Garantie. Verpackung: zwei Packungen<\/span><\/li>\n<li class=\"a-spacing-mini\"><span class=\"a-list-item\">Um Fehler zu vermeiden, \u00fcberpr\u00fcfen Sie bitte die Gr\u00f6\u00dfe und Form. Die Gr\u00f6\u00dfe betr\u00e4gt 90mm Durchmesser (runde Form).<\/span><\/li>\n<li class=\"a-spacing-mini\"><\/li>\n<\/ul>","protected":false},"featured_media":40472,"comment_status":"open","ping_status":"closed","template":"","meta":{"_acf_changed":false,"om_disable_all_campaigns":false,"inline_featured_image":false,"_mi_skip_tracking":false,"_monsterinsights_sitenote_active":false,"_monsterinsights_sitenote_note":"","_monsterinsights_sitenote_category":0},"product_brand":[],"product_cat":[554],"product_tag":[135147],"class_list":{"0":"post-40878","1":"product","2":"type-product","3":"status-publish","4":"has-post-thumbnail","6":"product_cat-fog-lights-automotive-lighting","7":"product_tag-warehouse-location-united-states","8":"product_shipping_class-us-stock-flat","9":"pa_compatibility-2000-ford-transit-mk6","10":"pa_compatibility-2000-ford-transit-mk7","11":"pa_compatibility-2001-ford-fiesta","12":"pa_compatibility-2003-ford-ecosport","13":"pa_compatibility-2004-ford-focus","14":"pa_compatibility-2005-ford-freestyle","15":"pa_compatibility-2006-ford-transit-vm","16":"pa_compatibility-2008-ford-taurus-x","17":"pa_compatibility-2010-ford-c-max","18":"pa_compatibility-2010-ford-transit","19":"pa_compatibility-2010-ford-transit-connect","20":"pa_compatibility-2011-ford-explorer","21":"pa_compatibility-2013-ford-fusion","22":"pa_compatibility-2013-ford-mondeo","23":"pa_compatibility-2014-ford-transit-mk8","24":"pa_compatibility-2015-ford-edge","25":"pa_compatibility-2015-ford-escort","26":"pa_compatibility-2015-ford-transit-250-2","27":"pa_compatibility-2019-ford-ranger","28":"pa_compatibility-2021-ford-bronco","30":"first","31":"instock","32":"sale","33":"shipping-taxable","34":"purchasable","35":"product-type-simple"},"acf":[],"aioseo_notices":[],"_links":{"self":[{"href":"https:\/\/siemid.com\/de\/wp-json\/wp\/v2\/product\/40878","targetHints":{"allow":["GET"]}}],"collection":[{"href":"https:\/\/siemid.com\/de\/wp-json\/wp\/v2\/product"}],"about":[{"href":"https:\/\/siemid.com\/de\/wp-json\/wp\/v2\/types\/product"}],"replies":[{"embeddable":true,"href":"https:\/\/siemid.com\/de\/wp-json\/wp\/v2\/comments?post=40878"}],"wp:featuredmedia":[{"embeddable":true,"href":"https:\/\/siemid.com\/de\/wp-json\/wp\/v2\/media\/40472"}],"wp:attachment":[{"href":"https:\/\/siemid.com\/de\/wp-json\/wp\/v2\/media?parent=40878"}],"wp:term":[{"taxonomy":"product_brand","embeddable":true,"href":"https:\/\/siemid.com\/de\/wp-json\/wp\/v2\/product_brand?post=40878"},{"taxonomy":"product_cat","embeddable":true,"href":"https:\/\/siemid.com\/de\/wp-json\/wp\/v2\/product_cat?post=40878"},{"taxonomy":"product_tag","embeddable":true,"href":"https:\/\/siemid.com\/de\/wp-json\/wp\/v2\/product_tag?post=40878"}],"curies":[{"name":"wp","href":"https:\/\/api.w.org\/{rel}","templated":true}]}}