{"id":40991,"date":"2023-12-16T03:12:27","date_gmt":"2023-12-16T03:12:27","guid":{"rendered":"https:\/\/siemid.com\/?post_type=product&#038;p=40991"},"modified":"2025-10-09T17:41:02","modified_gmt":"2025-10-09T17:41:02","slug":"siemid-led-fog-lights-assembly-chrome-bezel-compatible-with-toyota-camry-corolla-yaris-auris-prius-avalon-solara-2006-2019","status":"publish","type":"product","link":"https:\/\/siemid.com\/de\/produkt\/siemid-led-fog-lights-assembly-chrome-bezel-compatible-with-toyota-camry-corolla-yaris-auris-prius-avalon-solara-2006-2019\/","title":{"rendered":"SIEMID LED-Nebelscheinwerfer, Chromblende, Kompatibel mit Toyota Camry, Corolla, Yaris, AURIS, PRIUS, Avalon, Solara, 2006-2019"},"content":{"rendered":"<h2 class=\"default\">Produkt Beschreibung<\/h2>\n<div id=\"productDescription\" class=\"a-section a-spacing-small\">\n<p>Neue Generation von LED-Nebelscheinwerfern f\u00fcr Toyota Fahrzeuge Dieser Artikel passt als Ersatzteil f\u00fcr die vorinstallierten Nebelscheinwerfer. Dies sind die neuen Upgrade-LED-Nebelscheinwerfer, die die serienm\u00e4\u00dfigen Halogenlampen ersetzen! Der Ausleuchtungswinkel ist sehr gro\u00df (120 Grad links und rechts), und die Hell-Dunkel-Grenze ist klar und scharf.Zulassung ECE F3 SAE DOT. Sie erhalten beide Nebelscheinwerfer. Wenn Sie das Aussehen Ihres Fahrzeugs aufpeppen m\u00f6chten oder mehr Klarheit w\u00e4hrend der Fahrt w\u00fcnschen, unabh\u00e4ngig von den Wetterbedingungen, kann Ihnen dies in beiden Situationen helfen. Dies verbessert die Sichtbarkeit bei Nacht, dichtem Nebel, starkem Regen und Schnee.<br \/>\n<strong><span class=\"a-text-bold\">Die Ausstattung umfasst:<\/span><\/strong><br \/>\n.kommen vollst\u00e4ndig<br \/>\no Hochleistungs-LED-Lampen.<br \/>\no Extra gro\u00dfer Erfassungswinkel.<br \/>\no Wiederverwendung vorhandener Hardware.<br \/>\n<strong><span class=\"a-text-bold\">ERSETZT DIE ORIGINALEN HALOGEN-NEBELSCHEINWERFER NUMMERN<\/span><\/strong><br \/>\n8122006100 812200D040 812200D041 812200D042<br \/>\n8122006071 711336EQ 711336ET 81220-06071 711336E<br \/>\nTO2592138 19-5922-00-9 19-5922-00<br \/>\nTO2593138 19-5921-00 19-5921-00-9<br \/>\n<strong><span class=\"a-text-bold\">Passt:<\/span><\/strong><\/p>\n<p>F\u00fcr Camry 2007-2014<br \/>\nF\u00fcr Corolla 2009-2016<br \/>\nF\u00fcr Yaris 2007-2018<br \/>\nF\u00fcr Avalon 2008-2015<br \/>\nF\u00fcr Matrix 2009-2014<br \/>\nF\u00fcr Prius 2010-2015<br \/>\nF\u00fcr Prius C 2012-2015<br \/>\nF\u00fcr Prius V 2012-2017<br \/>\nF\u00fcr PRIUS PLUG-IN 2014-2015<br \/>\nF\u00fcr Solara 2007-2008<br \/>\nF\u00fcr Reiz 2013-2018<br \/>\nF\u00fcr Vios 2014-2016<br \/>\nF\u00fcr Tacoma 2012-2021<br \/>\nF\u00fcr RAV4 2006-2012<br \/>\nF\u00fcr RAV4 2016-2021<br \/>\nF\u00fcr 4Runner 2010-2022<br \/>\nF\u00fcr Tundra 2014-2020<br \/>\nF\u00fcr Highlander 2010-2021<br \/>\nF\u00fcr C-HR 2018-2019<br \/>\nF\u00fcr Venza 2009-2016<br \/>\nF\u00fcr Sienna 2011-2020<br \/>\nF\u00fcr Scion xA 2006<\/p>\n<p><strong><span class=\"a-text-bold\">Passend f\u00fcr LEXUS:<\/span><\/strong><br \/>\nCT200H 2011-2017<br \/>\nES300h 2013-2019<br \/>\nGS200t 2016-2017<br \/>\nGS300 2018-2019<br \/>\nGS350 2013-2020<br \/>\nGS450H 2014-2015<br \/>\nRX450h 2010-2019<br \/>\nES350 2013-2018<br \/>\nIS250 2011-2015<br \/>\nIS300 2016<br \/>\nIS350 2011-2016<br \/>\nNX200T 2015-2017<br \/>\nRX350 2009-2019<br \/>\nGS450H 2013-2018<br \/>\nHS250H 2010-2012<br \/>\nIS F 2008-2014<br \/>\nLX570 2008-2015<\/p>\n<\/div>","protected":false},"excerpt":{"rendered":"<ul class=\"a-unordered-list a-vertical a-spacing-mini\">\n<li class=\"a-spacing-mini\"><span class=\"a-list-item\">Verwendung der modernsten LED-Linse - der Punktfokuslinse. Im Gegensatz zu herk\u00f6mmlichem Glas wird bei der Punktlinse ein Kunststoffspritzgussverfahren verwendet, so dass die vom Computer berechnete komplexe gekr\u00fcmmte Oberfl\u00e4che geformt werden kann. Die Punktlinse verwendet ein Hyperboloid-Design, das eine h\u00f6here optische Effizienz und einen breiteren Lichttyp aufweist, so dass diese Art von Linse gleichzeitig die Funktion des Nebelscheinwerfers und die Funktion der Zusatzbeleuchtung der Kurve realisieren kann.<\/span><\/li>\n<li class=\"a-spacing-mini\"><span class=\"a-list-item\">Dieser Nebelscheinwerfer ist mit den meisten der auf dem Markt befindlichen Befestigungsl\u00f6cher f\u00fcr Halogen-Nebelscheinwerfer und der Gl\u00fchbirnenschnittstelle (H11) von Toyota-Fahrzeugen kompatibel. Er ist sehr vielseitig einsetzbar und eignet sich hervorragend f\u00fcr Upgrades und Modifikationen.<\/span><\/li>\n<li class=\"a-spacing-mini\"><span class=\"a-list-item\">Siemid Autolights-Focus on the research and development and manufacturing of automotive lamps. Die Essenz der Branche, f\u00fchrend im Trend der Branche! Wir sind bestrebt, Produkte herzustellen, die f\u00fcr den Verbraucher sicher und zufriedenstellend sind. Willkommen bei uns.<\/span><\/li>\n<li class=\"a-spacing-mini\"><span class=\"a-list-item\">Hohe Qualit\u00e4t, 1 Jahr Garantie.Verpackung: zwei Packungen<\/span><\/li>\n<li class=\"a-spacing-mini\"><span class=\"a-list-item\">Die Lampe mit verchromtem Rahmen und die Lampe mit schwarzem Rahmen unterscheiden sich nur im Aussehen, die Einbaugr\u00f6\u00dfe ist die gleiche, und das entsprechende Fahrzeug ist das gleiche.<\/span><\/li>\n<\/ul>","protected":false},"featured_media":40992,"comment_status":"open","ping_status":"closed","template":"","meta":{"_acf_changed":false,"om_disable_all_campaigns":false,"inline_featured_image":false,"_mi_skip_tracking":false,"_monsterinsights_sitenote_active":false,"_monsterinsights_sitenote_note":"","_monsterinsights_sitenote_category":0},"product_brand":[],"product_cat":[554],"product_tag":[135147],"class_list":{"0":"post-40991","1":"product","2":"type-product","3":"status-publish","4":"has-post-thumbnail","6":"product_cat-fog-lights-automotive-lighting","7":"product_tag-warehouse-location-united-states","8":"product_shipping_class-us-stock-flat","9":"pa_compatibility-2006-toyota-rav4","10":"pa_compatibility-2006-toyota-scion-xa","11":"pa_compatibility-2007-toyota-camry","12":"pa_compatibility-2007-toyota-corolla","13":"pa_compatibility-2007-toyota-solara","14":"pa_compatibility-2007-toyota-yaris","15":"pa_compatibility-2008-is-f","16":"pa_compatibility-2008-lexus-lx570","17":"pa_compatibility-2008-toyota-avalon","18":"pa_compatibility-2009-lexus-rx350","19":"pa_compatibility-2009-toyota-matrix","20":"pa_compatibility-2009-toyota-venza","21":"pa_compatibility-2010-hs250h","22":"pa_compatibility-2010-lexus-rx450h","23":"pa_compatibility-2010-toyota-4runner","24":"pa_compatibility-2010-toyota-highlander","25":"pa_compatibility-2011-lexus-ct200h","26":"pa_compatibility-2011-lexus-is250","27":"pa_compatibility-2011-lexus-is350","28":"pa_compatibility-2011-toyota-sienna","29":"pa_compatibility-2012-toyota-prius","30":"pa_compatibility-2012-toyota-prius-c","31":"pa_compatibility-2012-toyota-prius-v","32":"pa_compatibility-2012-toyota-tacoma","33":"pa_compatibility-2013-lexus-es300h","34":"pa_compatibility-2013-lexus-es350","35":"pa_compatibility-2013-lexus-gs350","36":"pa_compatibility-2013-lexus-gs450h","37":"pa_compatibility-2014-lexus-gs450h","38":"pa_compatibility-2014-toyota-prius-plug-in","39":"pa_compatibility-2014-toyota-tundra","40":"pa_compatibility-2015-lexus-nx200t","41":"pa_compatibility-2016-lexus-gs200t","42":"pa_compatibility-2016-lexus-is300","43":"pa_compatibility-2018-lexus-gs300","44":"pa_compatibility-2018-toyota-c-hr","46":"first","47":"instock","48":"sale","49":"featured","50":"shipping-taxable","51":"purchasable","52":"product-type-simple"},"acf":[],"aioseo_notices":[],"_links":{"self":[{"href":"https:\/\/siemid.com\/de\/wp-json\/wp\/v2\/product\/40991","targetHints":{"allow":["GET"]}}],"collection":[{"href":"https:\/\/siemid.com\/de\/wp-json\/wp\/v2\/product"}],"about":[{"href":"https:\/\/siemid.com\/de\/wp-json\/wp\/v2\/types\/product"}],"replies":[{"embeddable":true,"href":"https:\/\/siemid.com\/de\/wp-json\/wp\/v2\/comments?post=40991"}],"wp:featuredmedia":[{"embeddable":true,"href":"https:\/\/siemid.com\/de\/wp-json\/wp\/v2\/media\/40992"}],"wp:attachment":[{"href":"https:\/\/siemid.com\/de\/wp-json\/wp\/v2\/media?parent=40991"}],"wp:term":[{"taxonomy":"product_brand","embeddable":true,"href":"https:\/\/siemid.com\/de\/wp-json\/wp\/v2\/product_brand?post=40991"},{"taxonomy":"product_cat","embeddable":true,"href":"https:\/\/siemid.com\/de\/wp-json\/wp\/v2\/product_cat?post=40991"},{"taxonomy":"product_tag","embeddable":true,"href":"https:\/\/siemid.com\/de\/wp-json\/wp\/v2\/product_tag?post=40991"}],"curies":[{"name":"wp","href":"https:\/\/api.w.org\/{rel}","templated":true}]}}