{"id":41006,"date":"2024-01-04T14:25:36","date_gmt":"2024-01-04T14:25:36","guid":{"rendered":"https:\/\/siemid.com\/?post_type=product&#038;p=41006"},"modified":"2024-01-04T14:55:20","modified_gmt":"2024-01-04T14:55:20","slug":"1-pcs-high-quality-projector-fog-lights-for-gmc-terrain-acadia-limited-cadillac-cts-pontiac-torrent-2006-2009-2010-2011-2013-2015-2017-2019-2021","status":"publish","type":"product","link":"https:\/\/siemid.com\/de\/produkt\/1-pcs-high-quality-projector-fog-lights-for-gmc-terrain-acadia-limited-cadillac-cts-pontiac-torrent-2006-2009-2010-2011-2013-2015-2017-2019-2021\/","title":{"rendered":"1 St\u00fcck Hochwertige Projektor-Nebelscheinwerfer f\u00fcr GMC Terrain Acadia Limited Cadillac CTS Pontiac Torrent 2006 2009 2010 2011 2013 2015 2017 2019 2021"},"content":{"rendered":"<p><strong><span class=\"a-text-bold\">Passend f\u00fcr:<\/span><\/strong><br \/>\nGMC ACADIA 2013-2019<br \/>\nGMC ACADIA LIMITED 2017<br \/>\nGMC TERRAIN 2010-2021<br \/>\nBuick ALLURE 2008-2009<br \/>\nBuick ENCLAVE 2008-2015<br \/>\nBuick LACROSSE 2008-2019<br \/>\nBuick LUCERNE 2006-2011<br \/>\nBuick VERANO 2015-2017<br \/>\nBuick Rainier 2004-2007<br \/>\nCadillac CTS 2011-2015<br \/>\nChevrolet Camaro 2012-2015<br \/>\nChevrolet Equinox 2007-2015<br \/>\nChevrolet HHR 2008-2010<br \/>\nChevrolet IMPALA 2006-2013<br \/>\nChevrolet IMPALA LIMITED 2014-2016<br \/>\nChevrolet MALIBU 2006-2008<br \/>\nChevrolet MONTE CARLO 2006-2007<br \/>\nChevrolet TRAVERSE 2013-2017<br \/>\nChevrolet Monte Carlo 2006-2007<br \/>\nPONTIAC TORRENT 2006-2009<br \/>\nSATURN ION 2003-2007<br \/>\nSATURN VUE 2006-2007<\/p>","protected":false},"excerpt":{"rendered":"<p>&nbsp;<\/p>\n<ul class=\"a-unordered-list a-vertical a-spacing-mini\">\n<li class=\"a-spacing-mini\"><span class=\"a-list-item\">Kompatibel mit GMC 10-21 Terrain\/13-19 Acadia; Kompatibel mit 04-07 Rainier \/ 08-09 Buick Allure \/ 08-15 Enclave \/ 06-11 Lucerne; Kompatibel mit 11-15 Cadilla.c CTS; Kompatibel mit 07-15 Chevy Equinox \/ 08-11 HHR \/ 06-13 Impala \/ 14-16 Impala Limited \/ 06-08 Malibu \/ 06-07 Monte Carlo \/ 13-15 Traverse; Kompatibel mit 06-09 Pontiac Torrent; Kompatibel mit 03-07 Saturn Ion \/ 06-07 Vue<\/span><\/li>\n<li class=\"a-spacing-mini\"><span class=\"a-list-item\">Keine Bohrungen oder andere Modifikationen erforderlich, bequemer Ersatz f\u00fcr alte und abgenutzte Nebelscheinwerfer.<\/span><\/li>\n<li class=\"a-spacing-mini\"><span class=\"a-list-item\">Erh\u00f6hen Sie die Sichtbarkeit bei Nacht, starkem Regen, Schnee oder dichtem Nebel. Au\u00dferdem verleihen Sie Ihrem Fahrzeug ein anderes Aussehen, das sich hervorragend f\u00fcr Showzwecke eignet oder um alte und abgenutzte Nebelscheinwerfer zu ersetzen.<\/span><\/li>\n<li class=\"a-spacing-mini\"><span class=\"a-list-item\">kommt mit einem St\u00fcck Nebelscheinwerfer (Fahrer sied und Beifahrerseite ist die gleiche)<\/span><\/li>\n<li class=\"a-spacing-mini\"><span class=\"a-list-item\">D.O.T. (Department of Transportation) und S.A.E. (Society of Automotive) zugelassen, um die Qualit\u00e4t und Passgenauigkeit zu gew\u00e4hrleisten<\/span><\/li>\n<\/ul>","protected":false},"featured_media":41007,"comment_status":"open","ping_status":"closed","template":"","meta":{"_acf_changed":false,"om_disable_all_campaigns":false,"inline_featured_image":false,"_mi_skip_tracking":false,"_monsterinsights_sitenote_active":false,"_monsterinsights_sitenote_note":"","_monsterinsights_sitenote_category":0},"product_brand":[],"product_cat":[554],"product_tag":[135147],"class_list":{"0":"post-41006","1":"product","2":"type-product","3":"status-publish","4":"has-post-thumbnail","6":"product_cat-fog-lights-automotive-lighting","7":"product_tag-warehouse-location-united-states","8":"product_shipping_class-us-stock-flat","9":"pa_compatibility-2003-saturn-ion","10":"pa_compatibility-2004-buick-rainier","11":"pa_compatibility-2006-buick-lucerne","12":"pa_compatibility-2006-chevrolet-impala","13":"pa_compatibility-2006-chevrolet-malivu","14":"pa_compatibility-2006-chevrolet-monte-carlo","15":"pa_compatibility-2006-pontiac-torrent","16":"pa_compatibility-2006-saturn-vue","17":"pa_compatibility-2007-chevrolet-equinox","18":"pa_compatibility-2008-buick-allure","19":"pa_compatibility-2008-buick-enclave","20":"pa_compatibility-2008-buick-lacrosse","21":"pa_compatibility-2008-chevrolet-hhr","22":"pa_compatibility-2010-gmc-terrain","23":"pa_compatibility-2011-cadilac-cts","24":"pa_compatibility-2012-chevrolet-camaro","25":"pa_compatibility-2013-chevrolet-traverse","26":"pa_compatibility-2013-gmc-acadia","27":"pa_compatibility-2014-chevrolet-impala-limited","28":"pa_compatibility-2015-buick-verano","29":"pa_compatibility-2017-gmc-acadia-limited","31":"first","32":"instock","33":"sale","34":"shipping-taxable","35":"purchasable","36":"product-type-simple"},"acf":[],"aioseo_notices":[],"_links":{"self":[{"href":"https:\/\/siemid.com\/de\/wp-json\/wp\/v2\/product\/41006","targetHints":{"allow":["GET"]}}],"collection":[{"href":"https:\/\/siemid.com\/de\/wp-json\/wp\/v2\/product"}],"about":[{"href":"https:\/\/siemid.com\/de\/wp-json\/wp\/v2\/types\/product"}],"replies":[{"embeddable":true,"href":"https:\/\/siemid.com\/de\/wp-json\/wp\/v2\/comments?post=41006"}],"wp:featuredmedia":[{"embeddable":true,"href":"https:\/\/siemid.com\/de\/wp-json\/wp\/v2\/media\/41007"}],"wp:attachment":[{"href":"https:\/\/siemid.com\/de\/wp-json\/wp\/v2\/media?parent=41006"}],"wp:term":[{"taxonomy":"product_brand","embeddable":true,"href":"https:\/\/siemid.com\/de\/wp-json\/wp\/v2\/product_brand?post=41006"},{"taxonomy":"product_cat","embeddable":true,"href":"https:\/\/siemid.com\/de\/wp-json\/wp\/v2\/product_cat?post=41006"},{"taxonomy":"product_tag","embeddable":true,"href":"https:\/\/siemid.com\/de\/wp-json\/wp\/v2\/product_tag?post=41006"}],"curies":[{"name":"wp","href":"https:\/\/api.w.org\/{rel}","templated":true}]}}