{"id":41013,"date":"2024-01-04T15:10:47","date_gmt":"2024-01-04T15:10:47","guid":{"rendered":"https:\/\/siemid.com\/?post_type=product&#038;p=41013"},"modified":"2026-01-07T18:20:06","modified_gmt":"2026-01-07T18:20:06","slug":"new-generation-led-fog-lights-retrofit-upgraded-for-honda-acura-nissan-subaru-ford-mitsubishi-lincoln-porsche-jeep-ram-fiat-suzuki-land-rover-peugeot-renault-citroen-jaguar","status":"publish","type":"product","link":"https:\/\/siemid.com\/de\/produkt\/new-generation-led-fog-lights-retrofit-upgraded-for-honda-acura-nissan-subaru-ford-mitsubishi-lincoln-porsche-jeep-ram-fiat-suzuki-land-rover-peugeot-renault-citroen-jaguar\/","title":{"rendered":"Neue Generation Led-Nebelscheinwerfer nachger\u00fcstet f\u00fcr Honda Acura Nissan Subaru Ford Mitsubishi Lincoln Porsche Jeep RAM Fiat Suzuki Land Rover Peugeot Renault Citro\u00ebn Jaguar"},"content":{"rendered":"<div class=\"a-expander-content a-expander-partial-collapse-content a-expander-content-expanded\" aria-expanded=\"true\">\n<div id=\"productDescription\" class=\"a-section a-spacing-small\">\n<p>LED-Nebelscheinwerfer-Upgrade-Kit der neuen Generation Dieser Artikel passt als Ersatzteil f\u00fcr die Nebelscheinwerfer, die bereits vorinstalliert sind. Dies sind die neuen Upgrade-LED-Nebelscheinwerfer, die die serienm\u00e4\u00dfigen Halogenlampen ersetzen! Der Ausleuchtungswinkel ist sehr gro\u00df (130 Grad links und rechts), und die Hell-Dunkel-Grenze ist klar und scharf.Zulassung ECE F3 SAE DOT. Ihr Fahrzeug MUSS bereits mit den serienm\u00e4\u00dfigen Halogen-Nebelscheinwerfern ausgestattet sein. Dieses Kit eignet sich hervorragend als LED-Upgrade, insbesondere um Ihr Fahrzeug schwarz zu machen. Sie erhalten beide Nebelscheinwerfer. Wenn Sie das Aussehen Ihres Fahrzeugs aufpeppen m\u00f6chten oder mehr Klarheit w\u00e4hrend der Fahrt w\u00fcnschen, unabh\u00e4ngig von den Witterungsbedingungen, k\u00f6nnte Ihnen dies in beiden Situationen helfen. Dies verbessert die Sichtbarkeit bei Nacht, dichtem Nebel, starkem Regen und Schnee.<br \/>\n<strong>Die Ausstattung umfasst:<\/strong><br \/>\n.kommen vollst\u00e4ndig<br \/>\no Hochleistungs-LED-Lampen.<br \/>\no Extra gro\u00dfer Erfassungswinkel.<br \/>\no Wiederverwendung vorhandener Hardware.<br \/>\no Inklusive vollst\u00e4ndiger Anleitung.<br \/>\n<strong>ERSETZT DIE ORIGINALEN HALOGEN-NEBELSCHEINWERFER NUMMERN<\/strong><br \/>\n1209177<br \/>\n1209077<br \/>\n620662<br \/>\n4709052<br \/>\n8321A097<br \/>\n5001874722<br \/>\n26155-00Q0A<br \/>\n35500-63J00<br \/>\n35500-63J03<br \/>\n088358<br \/>\n26150-VD300<br \/>\n26150-EB500<br \/>\n35500-63J02<br \/>\n6710027<br \/>\n8200074008<br \/>\nC2S1740<\/p>\n<p><strong>PASST:<\/strong><\/p>\n<p><strong>Honda<\/strong><br \/>\nStaatsb\u00fcrgerschaft 2016-2021<br \/>\nCivic Flie\u00dfheck 2016-2019 2020 2021<br \/>\nCivic Sport Hatchback 2016-2021<br \/>\nCR-V 2012-2014 (Untermodell: EX, EX-L, LX, Touring)<br \/>\nCR-Z 2013-2016<br \/>\nFit 2014-2021<br \/>\nJAZZ 2014-2021<br \/>\nHR-V LX 2019 2020 2021<br \/>\nPilotprojekt 2012-2021<br \/>\n2013-2015 Accord (EX, EX-L, LX-S) Coup\u00e9 2-t\u00fcrig<br \/>\n2018-2020 Odyssee<br \/>\n2017-2020 Ridgeline<br \/>\nCrosstour 2013-2015<br \/>\nGK5 2014-2017<br \/>\nCRIDER 2013-2018<br \/>\nGerry 2015-2018<br \/>\nGREIZ 2015-2018<\/p>\n<p><strong>Acura<\/strong><br \/>\nAcura ILX 2013-2016<br \/>\nAcura RDX 2010-2016<br \/>\nAcura TL 2012-2014<br \/>\nAcura TSX 2011-2014<\/p>\n<p><strong>FORD<\/strong><br \/>\nSchwerpunkt 2004-2014<br \/>\nBegleitung 2015-2017<br \/>\nFiesta 2002-2012<br \/>\nRand 2015-2017<br \/>\nEcosport 2003-2016<br \/>\nEntdecker 2011-2015<br \/>\nRaptor 2011-2016<br \/>\nIkon<br \/>\nC-MAX II 2010<br \/>\nFIESTA V 2001-2010<br \/>\nFIESTA VI 2008<br \/>\nFOCUS II 2004-2012<br \/>\nFOCUS II Limousine 2005<br \/>\nFOCUS II Turnier 2004-2012<br \/>\nFUSION 2013-2016<br \/>\nMondeo 2013-2016<br \/>\nFord Freistil 2005-2007<br \/>\nFord Taurus X 2008-2009<br \/>\nC-MAX 2013-2018<br \/>\nTransit 2010-2020<br \/>\nTransit Connect 2010-2020<br \/>\nTransit 250 2015-2021<br \/>\nTransit VM 2006-2013<br \/>\nTRANSIT MK6 2000-2005<br \/>\nTRANSIT MK7 2000-2005<br \/>\nTRANSIT MK8 2014-2019<br \/>\nTOURNEO CONNECT 2002-2013<br \/>\nBRONCO 2021<br \/>\nF\u00d6RSTER 2019-2022<br \/>\nRand 2015-2017<\/p>\n<p><strong>Jeep<\/strong><br \/>\nKompass 2017-2021<br \/>\nKompass MP 2017-2021<br \/>\nAbtr\u00fcnnig 2015-2021<br \/>\nCherokee 2018<\/p>\n<p><strong>RAM<\/strong><br \/>\nRAM 1500 2019-2022<br \/>\nRAM 2500 2019-2022<br \/>\nRAM 3500 2019-2022<br \/>\nRAM PROMASTER 1500 2014-2022<br \/>\nRAM PROMASTER 2500 2014-2022<br \/>\nRAM PROMASTER 3500 2014-2022<br \/>\nRAM PROMASTER CITY 2015-2022<\/p>\n<p><strong>Nissan<\/strong><br \/>\nXterra 2006-2015<br \/>\nFrontier 2005-2020 (2011-2015 muss mit Metallsto\u00dfstange sein)<br \/>\nTitan 2016-2021<br \/>\nSentraSE-R 2007-2012<br \/>\nSentra SE-R Spec V 2007-2012<br \/>\nPfadfinder 2006-2012<br \/>\nPathfinder III (R51) 2006-2012<br \/>\nPathfinder 2017-2021 (Passt nicht in 2013-2016)<br \/>\nBlatt 2011-2017<\/p>\n<p><strong>Subaru<\/strong><br \/>\nSubaru XV 2013-2021<br \/>\nSubaru Crosstrek 2016-2021<br \/>\nSubaru XV Crosstrek 2013-2021<br \/>\nSubaru XV Crosstrek 2.5i \/ Hybrid 2013-2021<br \/>\nSubaru Legacy 2.5i \/3.6L\/3.6R\/ GT 2010-2014<br \/>\nSubaru Outback 2.5i \/3.6L\/3.6R 2010-2012<br \/>\nSubaru WRX \/ STi 2015-2017<br \/>\nSubaru Forester 2014-2021<br \/>\nSubaru Forester 2.5i \/ XT 2014-2021<br \/>\nSubaru BRZ 2013-2016<\/p>\n<p><strong>Suzuki<\/strong><br \/>\nVitara 2001-2021<br \/>\nGrand Vitara 2001-2021<br \/>\nMauersegler 2005-2014<br \/>\nLandy 2010-2015<br \/>\nJimny 1998-2005 2018-2021<br \/>\nAlt 2009-2014<br \/>\nLiane A6 2010-1012<br \/>\nKeietsu<br \/>\nS-CROSS<br \/>\nSPLASH (EX) 2008<\/p>\n<p><strong>Lincoln<\/strong><br \/>\nLincoln LS 2005-2006<br \/>\nLincoln Navigator 2007-2014<\/p>\n<p><strong>Mitsubishi<\/strong><br \/>\nOutlander 2006-2020<br \/>\nOutlander Sport 2006-2020<br \/>\nASX 2010-2015<br \/>\nRVR 2007-2015<br \/>\nMontero Pajero 2010-2016<br \/>\nPajero IV V8_W V9_W Geschlossener Gel\u00e4ndewagen 2007-2012<br \/>\nPajero IV Van V80 V90 Box 2007-2015<br \/>\nPajero IV V8_W V9_W 2007-2015<br \/>\nEndeavor 2006-2011<br \/>\nEklipse 2006-2012<br \/>\nGalant 2007-2012<br \/>\nL200 2008-2010 2005-2015<br \/>\nTriton 2005-2015<br \/>\nTriton L200 2005-2015<br \/>\nTriton IV Pickup 2006-2015<br \/>\nTriton ML 2006-2009<br \/>\nTriton MN 2009-2015<br \/>\nRalliart Turbo 2009-2015<br \/>\nLancer Ralliart 2009-2015<\/p>\n<p><strong>Land-Rover<\/strong><br \/>\nLR2 2008 - 2014<br \/>\nLR4 2010 - 2015<br \/>\nEntdeckung 4 2010 - VORW\u00c4RTS<br \/>\nRange Rover Vollformat 2010 - 2012<br \/>\nRange Rover Full Size Supercharged 2010 - 2012<br \/>\nRange Rover Sport 2010 - '2013<br \/>\nRange Rover Sport Supercharged 2010 - 2013<br \/>\nJAGUAR<br \/>\nS-TYPE (X200) 1999-2008<br \/>\nX-TYPE (X400) 2001-2009<br \/>\nXK 2009-2010<\/p>\n<p><strong>Porsche<\/strong><br \/>\nCayenne 2005-2018<br \/>\nPorsche Macan 2015-2018<\/p>\n<p><strong>Smart<\/strong><br \/>\nFortwo 453 2015-2018<br \/>\nFortwo W453 2015-2018<br \/>\nEQ fortwo 2019<br \/>\nForfour 2016-2018<\/p>\n<p><strong>FIAT<\/strong><br \/>\nFIAT 500 2012-2019<br \/>\nFIAT 500L 2014-2021<br \/>\nFIAT 500X 2019-2021<br \/>\nTALENTO 2016<\/p>\n<p><strong>Peugeot<\/strong><br \/>\nPeugeot107 2005-2012<br \/>\nPeugeot206 2005-2012<br \/>\nPeugeot207 2005-2012<br \/>\nPeugeot307 2004-2012<br \/>\nPeugeot 308 T9 2013-2018<br \/>\nPeugeot 308 \u2161 2013-2018<br \/>\nPeugeot407 2004- 2011<br \/>\nPeugeot408 2014-2019<br \/>\nPeugeot4007 2007-2012<br \/>\nPeugeot607 2004-2011<br \/>\nPeugeot2008 2013-2019<br \/>\nPeugeot3008 2008-2019<br \/>\nPeugeot4008 2012-207<br \/>\nPeugeot5008 2009-2019<\/p>\n<\/div>\n<\/div>\n<div id=\"productDescription_expander-expand_collapse_link\" class=\"a-expander-header a-expander-partial-collapse-header celwidget\" data-csa-c-id=\"i1n3ak-d9zvbw-xz19zs-6wlspo\" data-cel-widget=\"productDescription_expander-expand_collapse_link\"><\/div>","protected":false},"excerpt":{"rendered":"<ul class=\"a-unordered-list a-vertical a-spacing-mini\">\n<li class=\"a-spacing-mini\"><span class=\"a-list-item\">Verwendung der modernsten LED-Linse - der Punktfokuslinse. Im Gegensatz zu herk\u00f6mmlichem Glas wird bei der Punktlinse ein Kunststoffspritzgussverfahren verwendet, so dass die vom Computer berechnete komplexe gekr\u00fcmmte Oberfl\u00e4che geformt werden kann. Die Punktlinse verwendet ein Hyperboloid-Design, das eine h\u00f6here optische Effizienz und einen breiteren Lichttyp aufweist, so dass diese Art von Linse gleichzeitig die Funktion des Nebelscheinwerfers und die Funktion der Zusatzbeleuchtung der Kurve realisieren kann.<\/span><\/li>\n<li class=\"a-spacing-mini\"><span class=\"a-list-item\">Dieser Nebelscheinwerfer ist mit den meisten auf dem Markt erh\u00e4ltlichen Befestigungsl\u00f6chern f\u00fcr Nebelscheinwerfer und Halogengl\u00fchbirnen (H11 H9 H8) kompatibel. Er ist sehr vielseitig und eignet sich hervorragend f\u00fcr Nachr\u00fcstungen und \u00c4nderungen.<\/span><\/li>\n<li class=\"a-spacing-mini\"><span class=\"a-list-item\">Siemid Autolights-Focus on the research and development and manufacturing of automotive lamps. Die Essenz der Branche, f\u00fchrend im Trend der Branche! Wir sind bestrebt, Produkte herzustellen, die f\u00fcr den Verbraucher sicher und zufriedenstellend sind. Willkommen bei uns.<\/span><\/li>\n<li class=\"a-spacing-mini\"><span class=\"a-list-item\">Hohe Qualit\u00e4t, 1 Jahr Garantie. Verpackung: zwei Packungen<\/span><\/li>\n<li class=\"a-spacing-mini\"><span class=\"a-list-item\">Um Fehler zu vermeiden, \u00fcberpr\u00fcfen Sie bitte die Gr\u00f6\u00dfe und Form. Die Gr\u00f6\u00dfe betr\u00e4gt 90mm Durchmesser (runde Form).<\/span><\/li>\n<li class=\"a-spacing-mini\"><\/li>\n<\/ul>","protected":false},"featured_media":40472,"comment_status":"open","ping_status":"closed","template":"","meta":{"_acf_changed":false,"om_disable_all_campaigns":false,"inline_featured_image":false,"_mi_skip_tracking":false,"_monsterinsights_sitenote_active":false,"_monsterinsights_sitenote_note":"","_monsterinsights_sitenote_category":0},"product_brand":[],"product_cat":[554],"product_tag":[135147],"class_list":{"0":"post-41013","1":"product","2":"type-product","3":"status-publish","4":"has-post-thumbnail","6":"product_cat-fog-lights-automotive-lighting","7":"product_tag-warehouse-location-united-states","8":"product_shipping_class-us-stock-flat","9":"pa_compatibility-2000-ford-transit-mk6","10":"pa_compatibility-2000-ford-transit-mk7","11":"pa_compatibility-2001-ford-fiesta","12":"pa_compatibility-2003-ford-ecosport","13":"pa_compatibility-2004-ford-focus","14":"pa_compatibility-2005-ford-freestyle","15":"pa_compatibility-2006-ford-transit-vm","16":"pa_compatibility-2008-ford-taurus-x","17":"pa_compatibility-2010-ford-c-max","18":"pa_compatibility-2010-ford-transit","19":"pa_compatibility-2010-ford-transit-connect","20":"pa_compatibility-2011-ford-explorer","21":"pa_compatibility-2013-ford-fusion","22":"pa_compatibility-2013-ford-mondeo","23":"pa_compatibility-2014-ford-transit-mk8","24":"pa_compatibility-2015-ford-edge","25":"pa_compatibility-2015-ford-escort","26":"pa_compatibility-2015-ford-transit-250-2","27":"pa_compatibility-2019-ford-ranger","28":"pa_compatibility-2021-ford-bronco","30":"first","31":"instock","32":"sale","33":"shipping-taxable","34":"purchasable","35":"product-type-simple"},"acf":[],"aioseo_notices":[],"_links":{"self":[{"href":"https:\/\/siemid.com\/de\/wp-json\/wp\/v2\/product\/41013","targetHints":{"allow":["GET"]}}],"collection":[{"href":"https:\/\/siemid.com\/de\/wp-json\/wp\/v2\/product"}],"about":[{"href":"https:\/\/siemid.com\/de\/wp-json\/wp\/v2\/types\/product"}],"replies":[{"embeddable":true,"href":"https:\/\/siemid.com\/de\/wp-json\/wp\/v2\/comments?post=41013"}],"wp:featuredmedia":[{"embeddable":true,"href":"https:\/\/siemid.com\/de\/wp-json\/wp\/v2\/media\/40472"}],"wp:attachment":[{"href":"https:\/\/siemid.com\/de\/wp-json\/wp\/v2\/media?parent=41013"}],"wp:term":[{"taxonomy":"product_brand","embeddable":true,"href":"https:\/\/siemid.com\/de\/wp-json\/wp\/v2\/product_brand?post=41013"},{"taxonomy":"product_cat","embeddable":true,"href":"https:\/\/siemid.com\/de\/wp-json\/wp\/v2\/product_cat?post=41013"},{"taxonomy":"product_tag","embeddable":true,"href":"https:\/\/siemid.com\/de\/wp-json\/wp\/v2\/product_tag?post=41013"}],"curies":[{"name":"wp","href":"https:\/\/api.w.org\/{rel}","templated":true}]}}