{"id":41015,"date":"2024-01-04T16:06:07","date_gmt":"2024-01-04T16:06:07","guid":{"rendered":"https:\/\/siemid.com\/?post_type=product&#038;p=41015"},"modified":"2024-01-04T16:42:57","modified_gmt":"2024-01-04T16:42:57","slug":"hid-xenon-headlight-bulb-d1s-type-35w-12v-right-or-left-side","status":"publish","type":"product","link":"https:\/\/siemid.com\/de\/produkt\/hid-xenon-headlight-bulb-d1s-type-35w-12v-right-or-left-side\/","title":{"rendered":"HID Xenon Scheinwerfer Birne D1S Typ 35W 12V Rechts oder Links"},"content":{"rendered":"<p>Produkt_Name<\/br>Scheinwerferbirne<\/br><\/br>Ausstattung<\/br>Bitte pr\u00fcfen Sie vor dem Kauf, ob dieser Artikel in Ihr Fahrzeug passt!<\/br><\/br>Artikel_Angeboten<\/br>Verkaufte Menge: Einzeln verkauft<\/br><\/br>Zustand<\/br>100% Neu in Werksverpackung, nie benutzt oder installiert. Garantiert Qualit\u00e4t und Leistung des Produkts.<\/br><\/br>Gr\u00f6\u00dfe<\/br>Gr\u00f6\u00dfe der Gl\u00fchbirne: D1S<\/br><\/br>Position<\/br>Standort: Links oder rechts<\/br><\/br>Spezifikation<\/br>Gl\u00fchbirne Typ: D1S Gl\u00fchbirne Typ<\/br><\/br>Teil_Nummer<\/br>,,,,,,,,,,,,,,,10Zyl,,,,,CLK63,,,12Zyl,,10529326,CLK55,,,,<\/br><\/br> B\u00fcndel<\/br>Nein<\/br><\/br>Garantie<\/br>1 Jahr<\/p>","protected":false},"excerpt":{"rendered":"<p>Passform:Bitte pr\u00fcfen Sie vor dem Kauf, ob dieser Artikel in Ihr Fahrzeug passt!<br \/>\nVerkaufte Menge: Einzeln verkauft<br \/>\nStandort: Links oder rechts<br \/>\nGl\u00fchbirne Typ: D1S Gl\u00fchbirne Typ<br \/>\nTeilenummer:,,,,,,,,,,,,,,,10Cyl,,,,,CLK63,,,12Zyl,,10529326,CLK55,,,,<\/p>","protected":false},"featured_media":41045,"comment_status":"open","ping_status":"closed","template":"","meta":{"_acf_changed":false,"om_disable_all_campaigns":false,"inline_featured_image":false,"_mi_skip_tracking":false,"_monsterinsights_sitenote_active":false,"_monsterinsights_sitenote_note":"","_monsterinsights_sitenote_category":0},"product_brand":[],"product_cat":[557],"product_tag":[135147],"class_list":{"0":"post-41015","1":"product","2":"type-product","3":"status-publish","4":"has-post-thumbnail","6":"product_cat-car-bulbs","7":"product_tag-warehouse-location-united-states","8":"product_shipping_class-us-stock-flat","9":"pa_brand-siemid","11":"first","12":"instock","13":"sale","14":"shipping-taxable","15":"purchasable","16":"product-type-simple"},"acf":[],"aioseo_notices":[],"_links":{"self":[{"href":"https:\/\/siemid.com\/de\/wp-json\/wp\/v2\/product\/41015","targetHints":{"allow":["GET"]}}],"collection":[{"href":"https:\/\/siemid.com\/de\/wp-json\/wp\/v2\/product"}],"about":[{"href":"https:\/\/siemid.com\/de\/wp-json\/wp\/v2\/types\/product"}],"replies":[{"embeddable":true,"href":"https:\/\/siemid.com\/de\/wp-json\/wp\/v2\/comments?post=41015"}],"wp:featuredmedia":[{"embeddable":true,"href":"https:\/\/siemid.com\/de\/wp-json\/wp\/v2\/media\/41045"}],"wp:attachment":[{"href":"https:\/\/siemid.com\/de\/wp-json\/wp\/v2\/media?parent=41015"}],"wp:term":[{"taxonomy":"product_brand","embeddable":true,"href":"https:\/\/siemid.com\/de\/wp-json\/wp\/v2\/product_brand?post=41015"},{"taxonomy":"product_cat","embeddable":true,"href":"https:\/\/siemid.com\/de\/wp-json\/wp\/v2\/product_cat?post=41015"},{"taxonomy":"product_tag","embeddable":true,"href":"https:\/\/siemid.com\/de\/wp-json\/wp\/v2\/product_tag?post=41015"}],"curies":[{"name":"wp","href":"https:\/\/api.w.org\/{rel}","templated":true}]}}