{"id":41019,"date":"2024-01-04T16:06:08","date_gmt":"2024-01-04T16:06:08","guid":{"rendered":"https:\/\/siemid.com\/?post_type=product&#038;p=41019"},"modified":"2024-01-04T16:42:56","modified_gmt":"2024-01-04T16:42:56","slug":"2pcs-head-light-driving-headlamp-headlight-bulb-pack-left-or-right-side","status":"publish","type":"product","link":"https:\/\/siemid.com\/de\/produkt\/2pcs-head-light-driving-headlamp-headlight-bulb-pack-left-or-right-side\/","title":{"rendered":"2 St\u00fcck Scheinwerfer Fahrscheinwerfer Scheinwerferbirne Pack links oder rechts"},"content":{"rendered":"<p>Produkt_Name<\/br>Scheinwerferbirne<\/br><\/br>Ausstattung<\/br>Bitte pr\u00fcfen Sie vor dem Kauf, ob dieser Artikel in Ihr Fahrzeug passt!<\/br><\/br>Zustand<\/br>100% Neu in Werksverpackung, nie benutzt oder installiert. Garantiert Qualit\u00e4t und Leistung des Produkts.<\/br><\/br>Artikel_Angeboten<\/br>Bestandteile: (2) Scheinwerferbirnen<\/br>- Zwei (2) Scheinwerferbirnen f\u00fcr die Fahrer- oder Beifahrerseite [links oder rechts]<\/br>Verkaufte Menge: Satz von 2<\/br><\/br>Notiz<\/br>Doppelter C-8 Gl\u00fchfaden f\u00fcr Fern- und Abblendlicht<\/br><\/br>Position<\/br>Standort: Links und rechts<\/br>Platzierung am Fahrzeug: Links,Rechts<\/br><\/br>Spezifikation<\/br>Gl\u00fchbirne Typ: HB5 Gl\u00fchbirnen-Typ<\/br><\/br>Teil_Nummer<\/br>13462507<\/br><\/br>Garantie<\/br>1 Jahr Garantie ohne Kilometerbegrenzung<\/br><\/br>Merkmal<\/br>Neu 2er Set Scheinwerfer Fahrlicht Scheinwerferbirnen Pack links oder rechts<\/p>","protected":false},"excerpt":{"rendered":"<p>Passform:Bitte \u00fcberpr\u00fcfen Sie vor dem Kauf anhand des Filters und der Beschreibung, ob dieser Artikel in Ihr Fahrzeug passt!<br \/>\nArtikel_Angeboten: Komponenten- (2) Scheinwerferbirnen;- Zwei (2) Scheinwerferbirnen f\u00fcr die Fahrer- oder Beifahrerseite [links oder rechts];Verkaufte Menge- Satz von 2<br \/>\nHinweis:Zwei C-8 Gl\u00fchf\u00e4den f\u00fcr Fern- und Abblendlicht<br \/>\nStandort: Links und rechts<br \/>\nPlatzierung am Fahrzeug: Links,Rechts<\/p>","protected":false},"featured_media":41083,"comment_status":"open","ping_status":"closed","template":"","meta":{"_acf_changed":false,"om_disable_all_campaigns":false,"inline_featured_image":false,"_mi_skip_tracking":false,"_monsterinsights_sitenote_active":false,"_monsterinsights_sitenote_note":"","_monsterinsights_sitenote_category":0},"product_brand":[],"product_cat":[557],"product_tag":[135147],"class_list":{"0":"post-41019","1":"product","2":"type-product","3":"status-publish","4":"has-post-thumbnail","6":"product_cat-car-bulbs","7":"product_tag-warehouse-location-united-states","8":"product_shipping_class-us-stock-flat","9":"pa_brand-siemid","11":"first","12":"instock","13":"sale","14":"shipping-taxable","15":"purchasable","16":"product-type-simple"},"acf":[],"aioseo_notices":[],"_links":{"self":[{"href":"https:\/\/siemid.com\/de\/wp-json\/wp\/v2\/product\/41019","targetHints":{"allow":["GET"]}}],"collection":[{"href":"https:\/\/siemid.com\/de\/wp-json\/wp\/v2\/product"}],"about":[{"href":"https:\/\/siemid.com\/de\/wp-json\/wp\/v2\/types\/product"}],"replies":[{"embeddable":true,"href":"https:\/\/siemid.com\/de\/wp-json\/wp\/v2\/comments?post=41019"}],"wp:featuredmedia":[{"embeddable":true,"href":"https:\/\/siemid.com\/de\/wp-json\/wp\/v2\/media\/41083"}],"wp:attachment":[{"href":"https:\/\/siemid.com\/de\/wp-json\/wp\/v2\/media?parent=41019"}],"wp:term":[{"taxonomy":"product_brand","embeddable":true,"href":"https:\/\/siemid.com\/de\/wp-json\/wp\/v2\/product_brand?post=41019"},{"taxonomy":"product_cat","embeddable":true,"href":"https:\/\/siemid.com\/de\/wp-json\/wp\/v2\/product_cat?post=41019"},{"taxonomy":"product_tag","embeddable":true,"href":"https:\/\/siemid.com\/de\/wp-json\/wp\/v2\/product_tag?post=41019"}],"curies":[{"name":"wp","href":"https:\/\/api.w.org\/{rel}","templated":true}]}}