{"id":41035,"date":"2024-01-04T16:06:12","date_gmt":"2024-01-04T16:06:12","guid":{"rendered":"https:\/\/siemid.com\/?post_type=product&#038;p=41035"},"modified":"2024-01-04T16:42:53","modified_gmt":"2024-01-04T16:42:53","slug":"headlight-bulb-for-audi-lincoln-nissan-subaru-volvo-240-left-or-right","status":"publish","type":"product","link":"https:\/\/siemid.com\/de\/produkt\/headlight-bulb-for-audi-lincoln-nissan-subaru-volvo-240-left-or-right\/","title":{"rendered":"Scheinwerferbirne f\u00fcr Audi Lincoln Nissan Subaru Volvo 240 Links oder Rechts"},"content":{"rendered":"<p>Produkt_Name<\/br>Scheinwerferbirne<\/br><\/br>Ausstattung<\/br>Bitte pr\u00fcfen Sie vor dem Kauf, ob dieser Artikel in Ihr Fahrzeug passt!<\/br><\/br>Zustand<\/br>100% Neu in Werksverpackung, nie benutzt oder installiert. Garantiert Qualit\u00e4t und Leistung des Produkts.<\/br><\/br>Artikel_Angeboten<\/br>Verkaufte Menge: Einzeln verkauft<\/br><\/br>Notiz<\/br>Doppelter C-8 Gl\u00fchfaden f\u00fcr Fern- und Abblendlicht<\/br><\/br>Position<\/br>Standort: Linke oder rechte Seite<\/br>Platzierung am Fahrzeug: Links,Rechts<\/br><\/br>Spezifikation<\/br>Gl\u00fchbirne Typ: HB1 Gl\u00fchbirne Typ<\/br><\/br>Teil_Nummer<\/br>16542555<\/br><\/br>Garantie<\/br>Herstellergarantie: 1 Jahr Garantie ohne Kilometerbegrenzung<\/p>","protected":false},"excerpt":{"rendered":"<p>Passform:Bitte \u00fcberpr\u00fcfen Sie vor dem Kauf anhand des Filters und der Beschreibung, ob dieser Artikel in Ihr Fahrzeug passt!<br \/>\nHinweis:Zwei C-8 Gl\u00fchf\u00e4den f\u00fcr Fern- und Abblendlicht<br \/>\nStandort: Linke oder rechte Seite<br \/>\nPlatzierung am Fahrzeug: Links,Rechts<br \/>\nGl\u00fchbirne Typ: HB1 Gl\u00fchbirne Typ<\/p>","protected":false},"featured_media":41224,"comment_status":"open","ping_status":"closed","template":"","meta":{"_acf_changed":false,"om_disable_all_campaigns":false,"inline_featured_image":false,"_mi_skip_tracking":false,"_monsterinsights_sitenote_active":false,"_monsterinsights_sitenote_note":"","_monsterinsights_sitenote_category":0},"product_brand":[],"product_cat":[557],"product_tag":[135147],"class_list":{"0":"post-41035","1":"product","2":"type-product","3":"status-publish","4":"has-post-thumbnail","6":"product_cat-car-bulbs","7":"product_tag-warehouse-location-united-states","8":"product_shipping_class-us-stock-flat","9":"pa_brand-siemid","11":"first","12":"instock","13":"sale","14":"shipping-taxable","15":"purchasable","16":"product-type-simple"},"acf":[],"aioseo_notices":[],"_links":{"self":[{"href":"https:\/\/siemid.com\/de\/wp-json\/wp\/v2\/product\/41035","targetHints":{"allow":["GET"]}}],"collection":[{"href":"https:\/\/siemid.com\/de\/wp-json\/wp\/v2\/product"}],"about":[{"href":"https:\/\/siemid.com\/de\/wp-json\/wp\/v2\/types\/product"}],"replies":[{"embeddable":true,"href":"https:\/\/siemid.com\/de\/wp-json\/wp\/v2\/comments?post=41035"}],"wp:featuredmedia":[{"embeddable":true,"href":"https:\/\/siemid.com\/de\/wp-json\/wp\/v2\/media\/41224"}],"wp:attachment":[{"href":"https:\/\/siemid.com\/de\/wp-json\/wp\/v2\/media?parent=41035"}],"wp:term":[{"taxonomy":"product_brand","embeddable":true,"href":"https:\/\/siemid.com\/de\/wp-json\/wp\/v2\/product_brand?post=41035"},{"taxonomy":"product_cat","embeddable":true,"href":"https:\/\/siemid.com\/de\/wp-json\/wp\/v2\/product_cat?post=41035"},{"taxonomy":"product_tag","embeddable":true,"href":"https:\/\/siemid.com\/de\/wp-json\/wp\/v2\/product_tag?post=41035"}],"curies":[{"name":"wp","href":"https:\/\/api.w.org\/{rel}","templated":true}]}}