{"id":41039,"date":"2024-01-04T16:06:13","date_gmt":"2024-01-04T16:06:13","guid":{"rendered":"https:\/\/siemid.com\/?post_type=product&#038;p=41039"},"modified":"2024-01-04T16:42:52","modified_gmt":"2024-01-04T16:42:52","slug":"head-light-driving-headlamp-headlight-bulb-driver-or-passenger-side-for-323","status":"publish","type":"product","link":"https:\/\/siemid.com\/de\/produkt\/head-light-driving-headlamp-headlight-bulb-driver-or-passenger-side-for-323\/","title":{"rendered":"Scheinwerfer Fahrscheinwerfer Scheinwerferbirne Fahrer- oder Beifahrerseite f\u00fcr 323"},"content":{"rendered":"<p>Produkt_Name<\/br>Scheinwerferbirne<\/br><\/br>Ausstattung<\/br>Bitte pr\u00fcfen Sie vor dem Kauf, ob dieser Artikel in Ihr Fahrzeug passt!<\/br><\/br>Zustand<\/br>100% Neu in Werksverpackung, nie benutzt oder installiert. Garantiert Qualit\u00e4t und Leistung des Produkts.<\/br><\/br>Gr\u00f6\u00dfe<\/br>Gl\u00fchbirnengr\u00f6\u00dfe: H11<\/br><\/br>Position<\/br>Platzierung am Fahrzeug: Links,Rechts<\/br><\/br>Teil_Nummer<\/br>RLBAC100403<\/br><\/br>Garantie<\/br>1 Jahr beschr\u00e4nkte Garantie<\/p>","protected":false},"excerpt":{"rendered":"<p>Passform:Bitte \u00fcberpr\u00fcfen Sie vor dem Kauf anhand des Filters und der Beschreibung, ob dieser Artikel in Ihr Fahrzeug passt!<br \/>\nPlatzierung am Fahrzeug: Links,Rechts<br \/>\nPart_Number:RLBAC100403<br \/>\nGarantie:1 Jahr beschr\u00e4nkte Garantie<br \/>\nZustand: 100% Neu in Werksverpackung, nie benutzt oder installiert. Garantiert Qualit\u00e4t und Leistung des Produkts.<\/p>","protected":false},"featured_media":41251,"comment_status":"open","ping_status":"closed","template":"","meta":{"_acf_changed":false,"om_disable_all_campaigns":false,"inline_featured_image":false,"_mi_skip_tracking":false,"_monsterinsights_sitenote_active":false,"_monsterinsights_sitenote_note":"","_monsterinsights_sitenote_category":0},"product_brand":[],"product_cat":[557],"product_tag":[135147],"class_list":{"0":"post-41039","1":"product","2":"type-product","3":"status-publish","4":"has-post-thumbnail","6":"product_cat-car-bulbs","7":"product_tag-warehouse-location-united-states","8":"product_shipping_class-us-stock-flat","9":"pa_brand-siemid","11":"first","12":"instock","13":"sale","14":"shipping-taxable","15":"purchasable","16":"product-type-simple"},"acf":[],"aioseo_notices":[],"_links":{"self":[{"href":"https:\/\/siemid.com\/de\/wp-json\/wp\/v2\/product\/41039","targetHints":{"allow":["GET"]}}],"collection":[{"href":"https:\/\/siemid.com\/de\/wp-json\/wp\/v2\/product"}],"about":[{"href":"https:\/\/siemid.com\/de\/wp-json\/wp\/v2\/types\/product"}],"replies":[{"embeddable":true,"href":"https:\/\/siemid.com\/de\/wp-json\/wp\/v2\/comments?post=41039"}],"wp:featuredmedia":[{"embeddable":true,"href":"https:\/\/siemid.com\/de\/wp-json\/wp\/v2\/media\/41251"}],"wp:attachment":[{"href":"https:\/\/siemid.com\/de\/wp-json\/wp\/v2\/media?parent=41039"}],"wp:term":[{"taxonomy":"product_brand","embeddable":true,"href":"https:\/\/siemid.com\/de\/wp-json\/wp\/v2\/product_brand?post=41039"},{"taxonomy":"product_cat","embeddable":true,"href":"https:\/\/siemid.com\/de\/wp-json\/wp\/v2\/product_cat?post=41039"},{"taxonomy":"product_tag","embeddable":true,"href":"https:\/\/siemid.com\/de\/wp-json\/wp\/v2\/product_tag?post=41039"}],"curies":[{"name":"wp","href":"https:\/\/api.w.org\/{rel}","templated":true}]}}