{"id":41177,"date":"2024-01-04T16:26:58","date_gmt":"2024-01-04T16:26:58","guid":{"rendered":"https:\/\/siemid.com\/?post_type=product&#038;p=41177"},"modified":"2024-01-04T16:42:47","modified_gmt":"2024-01-04T16:42:47","slug":"for-toyota-1986-1995-pickup-dome-light-bulb","status":"publish","type":"product","link":"https:\/\/siemid.com\/de\/produkt\/for-toyota-1986-1995-pickup-dome-light-bulb\/","title":{"rendered":"F\u00fcr Toyota 1986-1995 Pickup Kuppelgl\u00fchbirne"},"content":{"rendered":"<p>Produkt_Name<\/br>Kuppelgl\u00fchbirne<\/br><\/br>Ausstattung<\/br>Bitte pr\u00fcfen Sie vor dem Kauf, ob dieser Artikel in Ihr Fahrzeug passt!<\/br><\/br>Notiz<\/br>Kuppelgl\u00fchbirne - Wattleistung: 1.44; Birnengr\u00f6\u00dfe: 3175; Lichtfarbe: Wei\u00df<\/br><\/br>Zustand<\/br>100% Neu in Werksverpackung, nie benutzt oder installiert. Garantiert Qualit\u00e4t und Leistung des Produkts.<\/br><\/br>Teil_Nummer<\/br>68251VJ<\/br><\/br>Gl\u00fchbirnen-Technologie<\/br><\/br><\/br>Garantie<\/br>12 Monate Garantie<\/p>","protected":false},"excerpt":{"rendered":"<p>Passform:Bitte pr\u00fcfen Sie vor dem Kauf, ob dieser Artikel in Ihr Fahrzeug passt!<br \/>\nKuppelgl\u00fchbirne - Wattleistung: 1.44; Birnengr\u00f6\u00dfe: 3175; Lichtfarbe: Wei\u00df<br \/>\nTeil_Nummer:68251VJ<br \/>\nGl\u00fchbirnen-Technologie:<br \/>\nGarantie:12 Monate Garantie<\/p>","protected":false},"featured_media":41373,"comment_status":"open","ping_status":"closed","template":"","meta":{"_acf_changed":false,"om_disable_all_campaigns":false,"inline_featured_image":false,"_mi_skip_tracking":false,"_monsterinsights_sitenote_active":false,"_monsterinsights_sitenote_note":"","_monsterinsights_sitenote_category":0},"product_brand":[],"product_cat":[557],"product_tag":[135147],"class_list":{"0":"post-41177","1":"product","2":"type-product","3":"status-publish","4":"has-post-thumbnail","6":"product_cat-car-bulbs","7":"product_tag-warehouse-location-united-states","8":"product_shipping_class-us-stock-flat","9":"pa_brand-siemid","10":"pa_compatibility-1990-toyota-pickup-dome","12":"first","13":"instock","14":"sale","15":"shipping-taxable","16":"purchasable","17":"product-type-simple"},"acf":[],"aioseo_notices":[],"_links":{"self":[{"href":"https:\/\/siemid.com\/de\/wp-json\/wp\/v2\/product\/41177","targetHints":{"allow":["GET"]}}],"collection":[{"href":"https:\/\/siemid.com\/de\/wp-json\/wp\/v2\/product"}],"about":[{"href":"https:\/\/siemid.com\/de\/wp-json\/wp\/v2\/types\/product"}],"replies":[{"embeddable":true,"href":"https:\/\/siemid.com\/de\/wp-json\/wp\/v2\/comments?post=41177"}],"wp:featuredmedia":[{"embeddable":true,"href":"https:\/\/siemid.com\/de\/wp-json\/wp\/v2\/media\/41373"}],"wp:attachment":[{"href":"https:\/\/siemid.com\/de\/wp-json\/wp\/v2\/media?parent=41177"}],"wp:term":[{"taxonomy":"product_brand","embeddable":true,"href":"https:\/\/siemid.com\/de\/wp-json\/wp\/v2\/product_brand?post=41177"},{"taxonomy":"product_cat","embeddable":true,"href":"https:\/\/siemid.com\/de\/wp-json\/wp\/v2\/product_cat?post=41177"},{"taxonomy":"product_tag","embeddable":true,"href":"https:\/\/siemid.com\/de\/wp-json\/wp\/v2\/product_tag?post=41177"}],"curies":[{"name":"wp","href":"https:\/\/api.w.org\/{rel}","templated":true}]}}