{"id":41261,"date":"2024-01-04T16:29:01","date_gmt":"2024-01-04T16:29:01","guid":{"rendered":"https:\/\/siemid.com\/?post_type=product&#038;p=41261"},"modified":"2024-01-04T16:42:45","modified_gmt":"2024-01-04T16:42:45","slug":"for-2013-2015-bmw-328i-xdrive-base-sedan-328i-xdrive-tail-light-bulb-holder-left","status":"publish","type":"product","link":"https:\/\/siemid.com\/de\/produkt\/for-2013-2015-bmw-328i-xdrive-base-sedan-328i-xdrive-tail-light-bulb-holder-left\/","title":{"rendered":"F\u00fcr 2013-2015 BMW 328i xDrive Base Limousine 328i xDrive R\u00fccklicht Birnenhalter links"},"content":{"rendered":"<p>Produkt_Name<\/br>R\u00fccklicht-Gl\u00fchbirnen-Halter<\/br><\/br>Ausstattung<\/br>Bitte pr\u00fcfen Sie vor dem Kauf, ob dieser Artikel in Ihr Fahrzeug passt!<\/br><\/br>Notiz<\/br>Seitenwand<\/br><\/br>Zustand<\/br>100% Neu in Werksverpackung, nie benutzt oder installiert. Garantiert Qualit\u00e4t und Leistung des Produkts.<\/br><\/br>Position<\/br>Links<\/br><\/br>Teil_Nummer<\/br>75839CX<\/br><\/br>Garantie<\/br>12 Monate Garantie<\/p>","protected":false},"excerpt":{"rendered":"<p>Passform:Bitte pr\u00fcfen Sie vor dem Kauf, ob dieser Artikel in Ihr Fahrzeug passt!<br \/>\nTeil_Nummer:75839CX<br \/>\nGarantie:12 Monate Garantie<br \/>\nZustand: 100% Neu in Werksverpackung, nie benutzt oder installiert. Garantiert Qualit\u00e4t und Leistung des Produkts.<br \/>\nGebaut : Gebaut mit und Sorgfalt, um die Industriestandards f\u00fcr Qualit\u00e4tskontrolle zu erf\u00fcllen und eine zuverl\u00e4ssige und konsistente Leistung zu gew\u00e4hrleisten.<\/p>","protected":false},"featured_media":41435,"comment_status":"open","ping_status":"closed","template":"","meta":{"_acf_changed":false,"om_disable_all_campaigns":false,"inline_featured_image":false,"_mi_skip_tracking":false,"_monsterinsights_sitenote_active":false,"_monsterinsights_sitenote_note":"","_monsterinsights_sitenote_category":0},"product_brand":[],"product_cat":[557],"product_tag":[135147],"class_list":{"0":"post-41261","1":"product","2":"type-product","3":"status-publish","4":"has-post-thumbnail","6":"product_cat-car-bulbs","7":"product_tag-warehouse-location-united-states","8":"product_shipping_class-us-stock-flat","9":"pa_brand-siemid","10":"pa_compatibility-2013-bmw-328i","12":"first","13":"instock","14":"sale","15":"shipping-taxable","16":"purchasable","17":"product-type-simple"},"acf":[],"aioseo_notices":[],"_links":{"self":[{"href":"https:\/\/siemid.com\/de\/wp-json\/wp\/v2\/product\/41261","targetHints":{"allow":["GET"]}}],"collection":[{"href":"https:\/\/siemid.com\/de\/wp-json\/wp\/v2\/product"}],"about":[{"href":"https:\/\/siemid.com\/de\/wp-json\/wp\/v2\/types\/product"}],"replies":[{"embeddable":true,"href":"https:\/\/siemid.com\/de\/wp-json\/wp\/v2\/comments?post=41261"}],"wp:featuredmedia":[{"embeddable":true,"href":"https:\/\/siemid.com\/de\/wp-json\/wp\/v2\/media\/41435"}],"wp:attachment":[{"href":"https:\/\/siemid.com\/de\/wp-json\/wp\/v2\/media?parent=41261"}],"wp:term":[{"taxonomy":"product_brand","embeddable":true,"href":"https:\/\/siemid.com\/de\/wp-json\/wp\/v2\/product_brand?post=41261"},{"taxonomy":"product_cat","embeddable":true,"href":"https:\/\/siemid.com\/de\/wp-json\/wp\/v2\/product_cat?post=41261"},{"taxonomy":"product_tag","embeddable":true,"href":"https:\/\/siemid.com\/de\/wp-json\/wp\/v2\/product_tag?post=41261"}],"curies":[{"name":"wp","href":"https:\/\/api.w.org\/{rel}","templated":true}]}}