{"id":41285,"date":"2024-01-04T16:29:30","date_gmt":"2024-01-04T16:29:30","guid":{"rendered":"https:\/\/siemid.com\/?post_type=product&#038;p=41285"},"modified":"2024-01-04T16:42:45","modified_gmt":"2024-01-04T16:42:45","slug":"bulb-socket-for-volkswagen-gti-jetta-r32-rabbit-h7-low-beam-headlight-bulb","status":"publish","type":"product","link":"https:\/\/siemid.com\/de\/produkt\/bulb-socket-for-volkswagen-gti-jetta-r32-rabbit-h7-low-beam-headlight-bulb\/","title":{"rendered":"Gl\u00fchbirnenfassung f\u00fcr Volkswagen GTI Jetta R32 Rabbit H7 Abblendlicht Scheinwerferbirne"},"content":{"rendered":"<p>Ausstattung<\/br>Bitte pr\u00fcfen Sie vor dem Kauf, ob dieser Artikel in Ihr Fahrzeug passt!<\/br><\/br>Zustand<\/br>100% Neu in Werksverpackung, nie benutzt oder installiert. Garantiert Qualit\u00e4t und Leistung des Produkts.<\/br><\/br>Spezifikation<\/br>Teil Typ: Scheinwerfersteckdose<\/br>Produkt\u00fcbersicht<\/br><\/br>Teil_Nummer<\/br>1T0941109<\/p>","protected":false},"excerpt":{"rendered":"<p>Passform:Bitte pr\u00fcfen Sie vor dem Kauf, ob dieser Artikel in Ihr Fahrzeug passt!<br \/>\nTeil Typ: Scheinwerfersteckdose<br \/>\nPart_Number:1T0941109<br \/>\nZustand: 100% Neu in Werksverpackung, nie benutzt oder installiert. Garantiert Qualit\u00e4t und Leistung des Produkts.<br \/>\nGebaut : Gebaut mit und Sorgfalt, um die Industriestandards f\u00fcr Qualit\u00e4tskontrolle zu erf\u00fcllen und eine zuverl\u00e4ssige und konsistente Leistung zu gew\u00e4hrleisten.<\/p>","protected":false},"featured_media":41459,"comment_status":"open","ping_status":"closed","template":"","meta":{"_acf_changed":false,"om_disable_all_campaigns":false,"inline_featured_image":false,"_mi_skip_tracking":false,"_monsterinsights_sitenote_active":false,"_monsterinsights_sitenote_note":"","_monsterinsights_sitenote_category":0},"product_brand":[],"product_cat":[557],"product_tag":[135147],"class_list":{"0":"post-41285","1":"product","2":"type-product","3":"status-publish","4":"has-post-thumbnail","6":"product_cat-car-bulbs","7":"product_tag-warehouse-location-united-states","8":"product_shipping_class-us-stock-flat","9":"pa_brand-siemid","11":"first","12":"instock","13":"sale","14":"shipping-taxable","15":"purchasable","16":"product-type-simple"},"acf":[],"aioseo_notices":[],"_links":{"self":[{"href":"https:\/\/siemid.com\/de\/wp-json\/wp\/v2\/product\/41285","targetHints":{"allow":["GET"]}}],"collection":[{"href":"https:\/\/siemid.com\/de\/wp-json\/wp\/v2\/product"}],"about":[{"href":"https:\/\/siemid.com\/de\/wp-json\/wp\/v2\/types\/product"}],"replies":[{"embeddable":true,"href":"https:\/\/siemid.com\/de\/wp-json\/wp\/v2\/comments?post=41285"}],"wp:featuredmedia":[{"embeddable":true,"href":"https:\/\/siemid.com\/de\/wp-json\/wp\/v2\/media\/41459"}],"wp:attachment":[{"href":"https:\/\/siemid.com\/de\/wp-json\/wp\/v2\/media?parent=41285"}],"wp:term":[{"taxonomy":"product_brand","embeddable":true,"href":"https:\/\/siemid.com\/de\/wp-json\/wp\/v2\/product_brand?post=41285"},{"taxonomy":"product_cat","embeddable":true,"href":"https:\/\/siemid.com\/de\/wp-json\/wp\/v2\/product_cat?post=41285"},{"taxonomy":"product_tag","embeddable":true,"href":"https:\/\/siemid.com\/de\/wp-json\/wp\/v2\/product_tag?post=41285"}],"curies":[{"name":"wp","href":"https:\/\/api.w.org\/{rel}","templated":true}]}}