{"id":41354,"date":"2024-01-04T16:30:59","date_gmt":"2024-01-04T16:30:59","guid":{"rendered":"https:\/\/siemid.com\/?post_type=product&#038;p=41354"},"modified":"2024-01-04T16:42:42","modified_gmt":"2024-01-04T16:42:42","slug":"vanity-mirror-light-bulb-fits-2004-2005-bmw-645ci-28xh78n","status":"publish","type":"product","link":"https:\/\/siemid.com\/de\/produkt\/vanity-mirror-light-bulb-fits-2004-2005-bmw-645ci-28xh78n\/","title":{"rendered":"Gl\u00fchbirne f\u00fcr den Au\u00dfenspiegel Passend f\u00fcr 2004-2005 BMW 645Ci 28XH78N"},"content":{"rendered":"<p>Ausstattung<\/br>Bitte pr\u00fcfen Sie vor dem Kauf, ob dieser Artikel in Ihr Fahrzeug passt!<\/br><\/br>Notiz<\/br>6418 Gl\u00fchbirne - 12V 1W SV8.5-8 6.5K 36 Off Road Verwendung Einzel<\/br><\/br>Zustand<\/br>100% Neu in Werksverpackung, nie benutzt oder installiert. Garantiert Qualit\u00e4t und Leistung des Produkts.<\/br><\/br>Teil_Nummer<\/br>,28XH78N<\/br><\/br>Merkmal<\/br>6418 Gl\u00fchbirne - 12V 1W SV8.5-8 6.5K 36; Off Road Verwendung ; Einzeln<\/p>","protected":false},"excerpt":{"rendered":"<p>Passform:Bitte pr\u00fcfen Sie vor dem Kauf, ob dieser Artikel in Ihr Fahrzeug passt!<br \/>\nHinweis:6418 Gl\u00fchbirne - 12V 1W SV8.5-8 6.5K 36 Off Road Use Single<br \/>\nTeil_Nummer:,28XH78N<br \/>\nMerkmal: 6418 Gl\u00fchbirne - 12V 1W SV8.5-8 6.5K 36; Off Road Verwendung; Einzeln<br \/>\nZustand: 100% Neu in Werksverpackung, nie benutzt oder installiert. Garantiert Qualit\u00e4t und Leistung des Produkts.<\/p>","protected":false},"featured_media":41512,"comment_status":"open","ping_status":"closed","template":"","meta":{"_acf_changed":false,"om_disable_all_campaigns":false,"inline_featured_image":false,"_mi_skip_tracking":false,"_monsterinsights_sitenote_active":false,"_monsterinsights_sitenote_note":"","_monsterinsights_sitenote_category":0},"product_brand":[],"product_cat":[557],"product_tag":[135147],"class_list":{"0":"post-41354","1":"product","2":"type-product","3":"status-publish","4":"has-post-thumbnail","6":"product_cat-car-bulbs","7":"product_tag-warehouse-location-united-states","8":"product_shipping_class-us-stock-flat","9":"pa_brand-siemid","10":"pa_compatibility-2004-bmw-645ci","12":"first","13":"instock","14":"sale","15":"shipping-taxable","16":"purchasable","17":"product-type-simple"},"acf":[],"aioseo_notices":[],"_links":{"self":[{"href":"https:\/\/siemid.com\/de\/wp-json\/wp\/v2\/product\/41354","targetHints":{"allow":["GET"]}}],"collection":[{"href":"https:\/\/siemid.com\/de\/wp-json\/wp\/v2\/product"}],"about":[{"href":"https:\/\/siemid.com\/de\/wp-json\/wp\/v2\/types\/product"}],"replies":[{"embeddable":true,"href":"https:\/\/siemid.com\/de\/wp-json\/wp\/v2\/comments?post=41354"}],"wp:featuredmedia":[{"embeddable":true,"href":"https:\/\/siemid.com\/de\/wp-json\/wp\/v2\/media\/41512"}],"wp:attachment":[{"href":"https:\/\/siemid.com\/de\/wp-json\/wp\/v2\/media?parent=41354"}],"wp:term":[{"taxonomy":"product_brand","embeddable":true,"href":"https:\/\/siemid.com\/de\/wp-json\/wp\/v2\/product_brand?post=41354"},{"taxonomy":"product_cat","embeddable":true,"href":"https:\/\/siemid.com\/de\/wp-json\/wp\/v2\/product_cat?post=41354"},{"taxonomy":"product_tag","embeddable":true,"href":"https:\/\/siemid.com\/de\/wp-json\/wp\/v2\/product_tag?post=41354"}],"curies":[{"name":"wp","href":"https:\/\/api.w.org\/{rel}","templated":true}]}}