{"id":41378,"date":"2024-01-04T16:31:29","date_gmt":"2024-01-04T16:31:29","guid":{"rendered":"https:\/\/siemid.com\/?post_type=product&#038;p=41378"},"modified":"2024-01-04T16:42:41","modified_gmt":"2024-01-04T16:42:41","slug":"vanity-mirror-light-bulb-fits-94-96-fits-01-06-fits-08-13-bmw-m3-48dy92w","status":"publish","type":"product","link":"https:\/\/siemid.com\/de\/produkt\/vanity-mirror-light-bulb-fits-94-96-fits-01-06-fits-08-13-bmw-m3-48dy92w\/","title":{"rendered":"Gl\u00fchbirne f\u00fcr den Au\u00dfenspiegel Passend f\u00fcr 94-96, Passend f\u00fcr 01-06, Passend f\u00fcr 08-13 BMW M3 48DY92W"},"content":{"rendered":"<p>Ausstattung<\/br>Bitte pr\u00fcfen Sie vor dem Kauf, ob dieser Artikel in Ihr Fahrzeug passt!<\/br><\/br>Notiz<\/br>6411 Gl\u00fchbirne - 12V 10W SV8.5-8 T3.25 10X41 Paar<\/br><\/br>Zustand<\/br>100% Neu in Werksverpackung, nie benutzt oder installiert. Garantiert Qualit\u00e4t und Leistung des Produkts.<\/br><\/br>Teil_Nummer<\/br>48DY92W<\/br><\/br>Merkmal<\/br>6411 Gl\u00fchbirne - 12V 10W SV8.5-8 T3.25 10X41; Paar<\/p>","protected":false},"excerpt":{"rendered":"<p>Passform:Bitte pr\u00fcfen Sie vor dem Kauf, ob dieser Artikel in Ihr Fahrzeug passt!<br \/>\nHinweis:6411 Gl\u00fchbirne - 12V 10W SV8.5-8 T3.25 10X41 Paar<br \/>\nArtikel_Nummer:48DY92W<br \/>\nMerkmal: 6411 Gl\u00fchbirne - 12V 10W SV8.5-8 T3.25 10X41; Paar<br \/>\nZustand: 100% Neu in Werksverpackung, nie benutzt oder installiert. Garantiert Qualit\u00e4t und Leistung des Produkts.<\/p>","protected":false},"featured_media":41536,"comment_status":"open","ping_status":"closed","template":"","meta":{"_acf_changed":false,"om_disable_all_campaigns":false,"inline_featured_image":false,"_mi_skip_tracking":false,"_monsterinsights_sitenote_active":false,"_monsterinsights_sitenote_note":"","_monsterinsights_sitenote_category":0},"product_brand":[],"product_cat":[557],"product_tag":[135147],"class_list":{"0":"post-41378","1":"product","2":"type-product","3":"status-publish","4":"has-post-thumbnail","6":"product_cat-car-bulbs","7":"product_tag-warehouse-location-united-states","8":"product_shipping_class-us-stock-flat","9":"pa_brand-siemid","10":"pa_compatibility-1994-bmw-m3","12":"first","13":"instock","14":"sale","15":"shipping-taxable","16":"purchasable","17":"product-type-simple"},"acf":[],"aioseo_notices":[],"_links":{"self":[{"href":"https:\/\/siemid.com\/de\/wp-json\/wp\/v2\/product\/41378","targetHints":{"allow":["GET"]}}],"collection":[{"href":"https:\/\/siemid.com\/de\/wp-json\/wp\/v2\/product"}],"about":[{"href":"https:\/\/siemid.com\/de\/wp-json\/wp\/v2\/types\/product"}],"replies":[{"embeddable":true,"href":"https:\/\/siemid.com\/de\/wp-json\/wp\/v2\/comments?post=41378"}],"wp:featuredmedia":[{"embeddable":true,"href":"https:\/\/siemid.com\/de\/wp-json\/wp\/v2\/media\/41536"}],"wp:attachment":[{"href":"https:\/\/siemid.com\/de\/wp-json\/wp\/v2\/media?parent=41378"}],"wp:term":[{"taxonomy":"product_brand","embeddable":true,"href":"https:\/\/siemid.com\/de\/wp-json\/wp\/v2\/product_brand?post=41378"},{"taxonomy":"product_cat","embeddable":true,"href":"https:\/\/siemid.com\/de\/wp-json\/wp\/v2\/product_cat?post=41378"},{"taxonomy":"product_tag","embeddable":true,"href":"https:\/\/siemid.com\/de\/wp-json\/wp\/v2\/product_tag?post=41378"}],"curies":[{"name":"wp","href":"https:\/\/api.w.org\/{rel}","templated":true}]}}