{"id":41452,"date":"2024-01-04T16:33:01","date_gmt":"2024-01-04T16:33:01","guid":{"rendered":"https:\/\/siemid.com\/?post_type=product&#038;p=41452"},"modified":"2024-01-04T16:42:38","modified_gmt":"2024-01-04T16:42:38","slug":"3175w-smd-dome-bulb-new-for-chevy-le-sabre-240-260-280-2000-truck","status":"publish","type":"product","link":"https:\/\/siemid.com\/de\/produkt\/3175w-smd-dome-bulb-new-for-chevy-le-sabre-240-260-280-2000-truck\/","title":{"rendered":"3175W-SMD Kuppelbirne Neu f\u00fcr Chevy Le Sabre 240 260 280 2000 Truck"},"content":{"rendered":"<p>Produkt_Name<\/br>Kuppelgl\u00fchbirne<\/br><\/br>Ausstattung<\/br>Bitte pr\u00fcfen Sie vor dem Kauf, ob dieser Artikel in Ihr Fahrzeug passt!<\/br><\/br>Zustand<\/br>100% Neu in Werksverpackung, nie benutzt oder installiert. Garantiert Qualit\u00e4t und Leistung des Produkts.<\/br><\/br>Artikel_Angeboten<\/br>Verkaufte Menge: Einzeln verkauft<\/br><\/br>Teil_Nummer<\/br>3175W-SMD<\/p>","protected":false},"excerpt":{"rendered":"<p>Passform:Bitte \u00fcberpr\u00fcfen Sie vor dem Kauf anhand des Filters und der Beschreibung, ob dieser Artikel in Ihr Fahrzeug passt!<br \/>\nTeilenummer:3175W-SMD<br \/>\nZustand: 100% Neu in Werksverpackung, nie benutzt oder installiert. Garantiert Qualit\u00e4t und Leistung des Produkts.<br \/>\nGebaut : Gebaut mit und Sorgfalt, um die Industriestandards f\u00fcr Qualit\u00e4tskontrolle zu erf\u00fcllen und eine zuverl\u00e4ssige und konsistente Leistung zu gew\u00e4hrleisten.<br \/>\nMaterial: Der Artikel wird aus Materialien hergestellt, die sorgf\u00e4ltig nach ihrer St\u00e4rke und Haltbarkeit ausgew\u00e4hlt wurden, um eine hervorragende Qualit\u00e4t und Leistung zu gew\u00e4hrleisten.<\/p>","protected":false},"featured_media":41609,"comment_status":"open","ping_status":"closed","template":"","meta":{"_acf_changed":false,"om_disable_all_campaigns":false,"inline_featured_image":false,"_mi_skip_tracking":false,"_monsterinsights_sitenote_active":false,"_monsterinsights_sitenote_note":"","_monsterinsights_sitenote_category":0},"product_brand":[],"product_cat":[557],"product_tag":[135147],"class_list":{"0":"post-41452","1":"product","2":"type-product","3":"status-publish","4":"has-post-thumbnail","6":"product_cat-car-bulbs","7":"product_tag-warehouse-location-united-states","8":"product_shipping_class-us-stock-flat","9":"pa_brand-siemid","11":"first","12":"instock","13":"sale","14":"shipping-taxable","15":"purchasable","16":"product-type-simple"},"acf":[],"aioseo_notices":[],"_links":{"self":[{"href":"https:\/\/siemid.com\/de\/wp-json\/wp\/v2\/product\/41452","targetHints":{"allow":["GET"]}}],"collection":[{"href":"https:\/\/siemid.com\/de\/wp-json\/wp\/v2\/product"}],"about":[{"href":"https:\/\/siemid.com\/de\/wp-json\/wp\/v2\/types\/product"}],"replies":[{"embeddable":true,"href":"https:\/\/siemid.com\/de\/wp-json\/wp\/v2\/comments?post=41452"}],"wp:featuredmedia":[{"embeddable":true,"href":"https:\/\/siemid.com\/de\/wp-json\/wp\/v2\/media\/41609"}],"wp:attachment":[{"href":"https:\/\/siemid.com\/de\/wp-json\/wp\/v2\/media?parent=41452"}],"wp:term":[{"taxonomy":"product_brand","embeddable":true,"href":"https:\/\/siemid.com\/de\/wp-json\/wp\/v2\/product_brand?post=41452"},{"taxonomy":"product_cat","embeddable":true,"href":"https:\/\/siemid.com\/de\/wp-json\/wp\/v2\/product_cat?post=41452"},{"taxonomy":"product_tag","embeddable":true,"href":"https:\/\/siemid.com\/de\/wp-json\/wp\/v2\/product_tag?post=41452"}],"curies":[{"name":"wp","href":"https:\/\/api.w.org\/{rel}","templated":true}]}}