{"id":41501,"date":"2024-01-04T16:34:02","date_gmt":"2024-01-04T16:34:02","guid":{"rendered":"https:\/\/siemid.com\/?post_type=product&#038;p=41501"},"modified":"2024-01-04T16:42:37","modified_gmt":"2024-01-04T16:42:37","slug":"new-original-94196-h4-75-70w-p43t-24v-halogen-headlight-lampbulb-bilux-usa","status":"publish","type":"product","link":"https:\/\/siemid.com\/de\/produkt\/new-original-94196-h4-75-70w-p43t-24v-halogen-headlight-lampbulb-bilux-usa\/","title":{"rendered":"Neu Original 94196 H4 75\/70W P43T 24V Halogen-Scheinwerferbirne BILUX USA"},"content":{"rendered":"<p>Die Geschichte von Headlight<\/br>Headlight wurde 2015 von einer Gruppe von Unternehmern und Ingenieuren gegr\u00fcndet, die eine bessere M\u00f6glichkeit f\u00fcr Autofahrer schaffen wollten, sich im Stra\u00dfenverkehr zurechtzufinden. Ihr erstes Produkt war ein kleines, kosteng\u00fcnstiges Ger\u00e4t, das auf dem Armaturenbrett eines Autos angebracht werden konnte und Echtzeit-Navigation bot.<\/br><\/br>Ausstattung<\/br>Bitte pr\u00fcfen Sie vor dem Kauf, ob dieser Artikel in Ihr Fahrzeug passt!<\/br><\/br>Zustand<\/br>100% Neu in Werksverpackung, nie benutzt oder installiert. Garantiert Qualit\u00e4t und Leistung des Produkts.<\/br><\/br>Artikel_Angeboten<\/br>Enthaltene Artikel: Gl\u00fchbirnen,Mit Verkaufskarton<\/br>Anzahl der Gl\u00fchbirnen: 1<\/br><\/br>Spezifikation<\/br>Basis: P43tq<\/br><\/br>Teil_Nummer<\/br>64196<\/br><\/br>Nennspannung<\/br>24.0 V<\/br><\/br>Nominale Wattleistung<\/br>75\/70 W<\/br><\/br>Stromeingang<\/br>85 \/ 80 W<\/br><\/br>Test Spannung<\/br>28.0 V<\/br><\/br>Typ<\/br>H4<\/br><\/br>Garantie<\/br>Hersteller-Garantie: 6 Monate<\/br><\/br>Material<\/br>ABS-Kunststoff-\/Polycarbonat-Glas, hergestellt aus hochwertigen, vergleichbaren Materialien, die dem rauen Stra\u00dfenverkehr und dem Test der Zeit standhalten.<\/br><\/br>Funktion des Scheinwerfers<\/br>Die Hauptfunktion eines Scheinwerfers ist es, die Stra\u00dfe vor dem Fahrer zu beleuchten, damit er m\u00f6gliche Gefahren und andere Fahrzeuge sehen kann. Scheinwerfer werden auch verwendet, um ein Fahrzeug f\u00fcr andere Fahrer und Fu\u00dfg\u00e4nger besser sichtbar zu machen und so Unf\u00e4lle zu vermeiden.<\/p>","protected":false},"excerpt":{"rendered":"<p>Passform:Bitte pr\u00fcfen Sie vor dem Kauf, ob dieser Artikel in Ihr Fahrzeug passt!<br \/>\nEnthaltene Artikel: Gl\u00fchbirnen,Mit Verkaufskarton<br \/>\nAnzahl der Gl\u00fchbirnen: 1<br \/>\nTeil_Nummer:64196<br \/>\nNennspannung:24.0 V<\/p>","protected":false},"featured_media":41661,"comment_status":"open","ping_status":"closed","template":"","meta":{"_acf_changed":false,"om_disable_all_campaigns":false,"inline_featured_image":false,"_mi_skip_tracking":false,"_monsterinsights_sitenote_active":false,"_monsterinsights_sitenote_note":"","_monsterinsights_sitenote_category":0},"product_brand":[],"product_cat":[557],"product_tag":[135147],"class_list":{"0":"post-41501","1":"product","2":"type-product","3":"status-publish","4":"has-post-thumbnail","6":"product_cat-car-bulbs","7":"product_tag-warehouse-location-united-states","8":"product_shipping_class-us-stock-flat","9":"pa_brand-siemid","11":"first","12":"instock","13":"sale","14":"shipping-taxable","15":"purchasable","16":"product-type-simple"},"acf":[],"aioseo_notices":[],"_links":{"self":[{"href":"https:\/\/siemid.com\/de\/wp-json\/wp\/v2\/product\/41501","targetHints":{"allow":["GET"]}}],"collection":[{"href":"https:\/\/siemid.com\/de\/wp-json\/wp\/v2\/product"}],"about":[{"href":"https:\/\/siemid.com\/de\/wp-json\/wp\/v2\/types\/product"}],"replies":[{"embeddable":true,"href":"https:\/\/siemid.com\/de\/wp-json\/wp\/v2\/comments?post=41501"}],"wp:featuredmedia":[{"embeddable":true,"href":"https:\/\/siemid.com\/de\/wp-json\/wp\/v2\/media\/41661"}],"wp:attachment":[{"href":"https:\/\/siemid.com\/de\/wp-json\/wp\/v2\/media?parent=41501"}],"wp:term":[{"taxonomy":"product_brand","embeddable":true,"href":"https:\/\/siemid.com\/de\/wp-json\/wp\/v2\/product_brand?post=41501"},{"taxonomy":"product_cat","embeddable":true,"href":"https:\/\/siemid.com\/de\/wp-json\/wp\/v2\/product_cat?post=41501"},{"taxonomy":"product_tag","embeddable":true,"href":"https:\/\/siemid.com\/de\/wp-json\/wp\/v2\/product_tag?post=41501"}],"curies":[{"name":"wp","href":"https:\/\/api.w.org\/{rel}","templated":true}]}}