{"id":41525,"date":"2024-01-04T16:34:31","date_gmt":"2024-01-04T16:34:31","guid":{"rendered":"https:\/\/siemid.com\/?post_type=product&#038;p=41525"},"modified":"2024-01-04T16:42:35","modified_gmt":"2024-01-04T16:42:35","slug":"quality-tail-light-bulb-led-control-for-13-18-ats-16-elr-13-18-xts-13579168","status":"publish","type":"product","link":"https:\/\/siemid.com\/de\/produkt\/quality-tail-light-bulb-led-control-for-13-18-ats-16-elr-13-18-xts-13579168\/","title":{"rendered":"Qualit\u00e4ts-R\u00fccklichtbirne mit LED-Steuerung f\u00fcr 13-18 ATS 16 ELR 13-18 XTS 13579168"},"content":{"rendered":"<p>Ausstattung<\/br>Bitte pr\u00fcfen Sie vor dem Kauf, ob dieser Artikel in Ihr Fahrzeug passt!<\/br><\/br>Zustand<\/br>100% Neu in Werksverpackung, nie benutzt oder installiert. Garantiert Qualit\u00e4t und Leistung des Produkts.<\/br><\/br>Artikel_Angeboten<\/br>Anzahl der St\u00fccke: 1St\u00fcck<\/br><\/br>Notiz<\/br>Keine Anleitung beigef\u00fcgt<\/br><\/br>Erscheinungsbild<\/br>Geh\u00e4usefarbe: Silber<\/br><\/br>Position<\/br>Platzierung am Fahrzeug: Links,Hinten,Rechts<\/br><\/br>Spezifikation<\/br>Spannung: 12V<\/br><\/br>Teil_Nummer<\/br>JNPES7<\/br><\/br>Balken Typ<\/br>Fernlicht,Abblendlicht<\/br><\/br>Typ<\/br>Kontrolle der R\u00fccklichtbirne<\/br><\/br>Wattzahl<\/br>35W<\/br><\/br>Garantie<\/br>Hersteller-Garantie: 2 Jahre<\/p>","protected":false},"excerpt":{"rendered":"<p>Passform:Bitte \u00fcberpr\u00fcfen Sie vor dem Kauf anhand des Filters und der Beschreibung, ob dieser Artikel in Ihr Fahrzeug passt!<br \/>\nAnzahl der St\u00fccke: 1St\u00fcck<br \/>\nHinweis:Keine Anleitung im Lieferumfang enthalten<br \/>\nGeh\u00e4usefarbe: Silber<br \/>\nPlatzierung am Fahrzeug: Links,Hinten,Rechts<\/p>","protected":false},"featured_media":41694,"comment_status":"open","ping_status":"closed","template":"","meta":{"_acf_changed":false,"om_disable_all_campaigns":false,"inline_featured_image":false,"_mi_skip_tracking":false,"_monsterinsights_sitenote_active":false,"_monsterinsights_sitenote_note":"","_monsterinsights_sitenote_category":0},"product_brand":[],"product_cat":[557],"product_tag":[135147],"class_list":{"0":"post-41525","1":"product","2":"type-product","3":"status-publish","4":"has-post-thumbnail","6":"product_cat-car-bulbs","7":"product_tag-warehouse-location-united-states","8":"product_shipping_class-us-stock-flat","9":"pa_brand-siemid","11":"first","12":"instock","13":"sale","14":"shipping-taxable","15":"purchasable","16":"product-type-simple"},"acf":[],"aioseo_notices":[],"_links":{"self":[{"href":"https:\/\/siemid.com\/de\/wp-json\/wp\/v2\/product\/41525","targetHints":{"allow":["GET"]}}],"collection":[{"href":"https:\/\/siemid.com\/de\/wp-json\/wp\/v2\/product"}],"about":[{"href":"https:\/\/siemid.com\/de\/wp-json\/wp\/v2\/types\/product"}],"replies":[{"embeddable":true,"href":"https:\/\/siemid.com\/de\/wp-json\/wp\/v2\/comments?post=41525"}],"wp:featuredmedia":[{"embeddable":true,"href":"https:\/\/siemid.com\/de\/wp-json\/wp\/v2\/media\/41694"}],"wp:attachment":[{"href":"https:\/\/siemid.com\/de\/wp-json\/wp\/v2\/media?parent=41525"}],"wp:term":[{"taxonomy":"product_brand","embeddable":true,"href":"https:\/\/siemid.com\/de\/wp-json\/wp\/v2\/product_brand?post=41525"},{"taxonomy":"product_cat","embeddable":true,"href":"https:\/\/siemid.com\/de\/wp-json\/wp\/v2\/product_cat?post=41525"},{"taxonomy":"product_tag","embeddable":true,"href":"https:\/\/siemid.com\/de\/wp-json\/wp\/v2\/product_tag?post=41525"}],"curies":[{"name":"wp","href":"https:\/\/api.w.org\/{rel}","templated":true}]}}