{"id":41725,"date":"2024-01-08T12:53:30","date_gmt":"2024-01-08T12:53:30","guid":{"rendered":"https:\/\/siemid.com\/?post_type=product&#038;p=41725"},"modified":"2025-10-09T17:40:19","modified_gmt":"2025-10-09T17:40:19","slug":"new-generation-led-fog-lights-retrofit-and-upgraded-for-suzuki-grand-vitara-swift-jimny-landy-keietsu-lamp-2005-2006-2007-2008-2009-2010-2011-2012-2013-2014-2015-2016-2017-2018-2019-2020-2021","status":"publish","type":"product","link":"https:\/\/siemid.com\/de\/produkt\/new-generation-led-fog-lights-retrofit-and-upgraded-for-suzuki-grand-vitara-swift-jimny-landy-keietsu-lamp-2005-2006-2007-2008-2009-2010-2011-2012-2013-2014-2015-2016-2017-2018-2019-2020-2021\/","title":{"rendered":"Neue Generation Led Nebelscheinwerfer nachger\u00fcstet und aufger\u00fcstet f\u00fcr Suzuki Grand Vitara Swift Jimny Landy Keietsu Lampe 2005 2006 2007 2008 2009 2010 2011 2012 2013 2014 2015 2016 2017 2018 2019 2020 2021"},"content":{"rendered":"<h2 class=\"default\">Produkt Beschreibung<\/h2>\n<div id=\"productDescription\" class=\"a-section a-spacing-small\">\n<p>Led-Nebelscheinwerfer der neuen Generation f\u00fcr Suzuki Fahrzeuge Dieser Artikel passt als Ersatzteil f\u00fcr die vorinstallierten Nebelscheinwerfer. Dies sind die neuen Upgrade-LED-Nebelscheinwerfer, die die serienm\u00e4\u00dfigen Halogenlampen ersetzen! Der Ausleuchtungswinkel ist sehr gro\u00df (130 Grad links und rechts), und die Hell-Dunkel-Grenze ist klar und scharf. Dieses Kit eignet sich hervorragend f\u00fcr ein LED-Upgrade, insbesondere wenn Sie Ihr Fahrzeug schwarz lackieren m\u00f6chten. Sie erhalten beide Nebelscheinwerfer. Wenn Sie das Aussehen Ihres Fahrzeugs aufpeppen m\u00f6chten oder mehr Klarheit w\u00e4hrend der Fahrt w\u00fcnschen, unabh\u00e4ngig von den Witterungsbedingungen, k\u00f6nnte Ihnen dies in beiden Situationen helfen. Dies verbessert die Sichtbarkeit bei Nacht, dichtem Nebel, starkem Regen und Schnee.<\/p>\n<p><strong><span class=\"a-text-bold\">Die Ausstattung umfasst:<\/span><\/strong><br \/>\n.kommen vollst\u00e4ndig<br \/>\no Hochleistungs-LED-Lampen.<br \/>\no Extra gro\u00dfer Erfassungswinkel.<br \/>\no Wiederverwendung vorhandener Hardware.<br \/>\n<strong><span class=\"a-text-bold\">ERSETZT DIE ORIGINALEN HALOGEN-NEBELSCHEINWERFER NUMMERN<\/span><\/strong><br \/>\n3172060LAC 33950TBAA01<br \/>\n196043001 33900T5RA01 33901TY0305 HO2593136 HO2593143<br \/>\n<strong><span class=\"a-text-bold\">Passt:<\/span><\/strong><br \/>\n<strong>Suzuki<\/strong><br \/>\nVitara 2001-2021<br \/>\nGrand Vitara 2001-2021<br \/>\nMauersegler 2005-2014<br \/>\nLandy 2010-2015<br \/>\nJimny 1998-2005 2018-2021<br \/>\nAlt 2009-2014<br \/>\nLiane A6 2010-1012<br \/>\nKeietsu<br \/>\nS-CROSS<br \/>\nSPLASH (EX) 2008<\/p>\n<\/div>","protected":false},"excerpt":{"rendered":"<ul class=\"a-unordered-list a-vertical a-spacing-mini\">\n<li class=\"a-spacing-mini\"><span class=\"a-list-item\">Verwendung der modernsten LED-Linse - Punktfokuslinse. Im Gegensatz zu herk\u00f6mmlichem Glas wird bei der Point Focus Linse ein Kunststoff-Spritzgussverfahren verwendet, so dass die vom Computer berechnete komplexe gekr\u00fcmmte Oberfl\u00e4che geformt werden kann. Die Punktfokuslinse verwendet ein Hyperboloid-Design, das eine h\u00f6here optische Effizienz und einen breiteren Lichttyp aufweist, so dass diese Art von Linse gleichzeitig die Funktion des Nebelscheinwerfers und die Funktion der Zusatzbeleuchtung der Kurve realisieren kann.<\/span><\/li>\n<li class=\"a-spacing-mini\"><span class=\"a-list-item\">Dieser Nebelscheinwerfer passt zu den Befestigungsl\u00f6chern und der Gl\u00fchbirnenschnittstelle (H11 H9 H8) der Suzuki-Fahrzeuge auf dem Markt. Er ist vielseitig einsetzbar und eignet sich hervorragend f\u00fcr Upgrades und Modifikationen.<\/span><\/li>\n<li class=\"a-spacing-mini\"><span class=\"a-list-item\">Siemid Autolights-Focus on the research and development and manufacturing of automotive lamps. Die Essenz der Branche, f\u00fchrend im Trend der Branche! Wir sind bestrebt, Produkte herzustellen, die f\u00fcr den Verbraucher sicher und zufriedenstellend sind. Willkommen bei uns.<\/span><\/li>\n<li class=\"a-spacing-mini\"><span class=\"a-list-item\">Hohe Qualit\u00e4t, 1 Jahr Garantie.<\/span><\/li>\n<li class=\"a-spacing-mini\"><span class=\"a-list-item\">Verpackung: zwei Packungen<\/span><\/li>\n<\/ul>","protected":false},"featured_media":40472,"comment_status":"open","ping_status":"closed","template":"","meta":{"_acf_changed":false,"om_disable_all_campaigns":false,"inline_featured_image":false,"_mi_skip_tracking":false,"_monsterinsights_sitenote_active":false,"_monsterinsights_sitenote_note":"","_monsterinsights_sitenote_category":0},"product_brand":[],"product_cat":[554],"product_tag":[135147],"class_list":{"0":"post-41725","1":"product","2":"type-product","3":"status-publish","4":"has-post-thumbnail","6":"product_cat-fog-lights-automotive-lighting","7":"product_tag-warehouse-location-united-states","8":"product_shipping_class-us-stock-flat","9":"pa_compatibility-2001-suzuki-grand-vitara","10":"pa_compatibility-2001-suzuki-vitara","11":"pa_compatibility-2005-suzuki-swift","13":"first","14":"instock","15":"sale","16":"featured","17":"shipping-taxable","18":"purchasable","19":"product-type-simple"},"acf":[],"aioseo_notices":[],"_links":{"self":[{"href":"https:\/\/siemid.com\/de\/wp-json\/wp\/v2\/product\/41725","targetHints":{"allow":["GET"]}}],"collection":[{"href":"https:\/\/siemid.com\/de\/wp-json\/wp\/v2\/product"}],"about":[{"href":"https:\/\/siemid.com\/de\/wp-json\/wp\/v2\/types\/product"}],"replies":[{"embeddable":true,"href":"https:\/\/siemid.com\/de\/wp-json\/wp\/v2\/comments?post=41725"}],"wp:featuredmedia":[{"embeddable":true,"href":"https:\/\/siemid.com\/de\/wp-json\/wp\/v2\/media\/40472"}],"wp:attachment":[{"href":"https:\/\/siemid.com\/de\/wp-json\/wp\/v2\/media?parent=41725"}],"wp:term":[{"taxonomy":"product_brand","embeddable":true,"href":"https:\/\/siemid.com\/de\/wp-json\/wp\/v2\/product_brand?post=41725"},{"taxonomy":"product_cat","embeddable":true,"href":"https:\/\/siemid.com\/de\/wp-json\/wp\/v2\/product_cat?post=41725"},{"taxonomy":"product_tag","embeddable":true,"href":"https:\/\/siemid.com\/de\/wp-json\/wp\/v2\/product_tag?post=41725"}],"curies":[{"name":"wp","href":"https:\/\/api.w.org\/{rel}","templated":true}]}}