{"id":41726,"date":"2024-01-08T13:16:22","date_gmt":"2024-01-08T13:16:22","guid":{"rendered":"https:\/\/siemid.com\/?post_type=product&#038;p=41726"},"modified":"2024-01-08T13:28:47","modified_gmt":"2024-01-08T13:28:47","slug":"siemid-new-generation-led-fog-lights-lamp-retrofit-and-upgraded-for-jeep-wrangler-grand-cherokee-renegade-dodge-journey-charger-magnum-2002-2003-2004-2005-2006-2007-2008-2009-2010-2011-2012-2013","status":"publish","type":"product","link":"https:\/\/siemid.com\/de\/produkt\/siemid-new-generation-led-fog-lights-lamp-retrofit-and-upgraded-for-jeep-wrangler-grand-cherokee-renegade-dodge-journey-charger-magnum-2002-2003-2004-2005-2006-2007-2008-2009-2010-2011-2012-2013\/","title":{"rendered":"SIEMID Neue Generation Led Nebelscheinwerfer Lampe Nachr\u00fcstung und Aufr\u00fcstung f\u00fcr Jeep Wrangler Grand Cherokee Renegade Dodge Journey Charger Magnum 2002 2003 2004 2005 2006 2007 2008 2009 2010 2011 2012 2013"},"content":{"rendered":"<h2 class=\"default\">Produkt Beschreibung<\/h2>\n<div id=\"productDescription\" class=\"a-section a-spacing-small\">\n<p>LED-Nebelscheinwerfer der neuen Generation Dieser Artikel passt als Ersatzteil f\u00fcr die vorinstallierten Nebelscheinwerfer. Dies sind die neuen Upgrade-LED-Nebelscheinwerfer, die die serienm\u00e4\u00dfigen Halogenlampen ersetzen! Der Ausleuchtungswinkel ist sehr gro\u00df (130 Grad links und rechts), und die Hell-Dunkel-Grenze ist klar und scharf.Zulassung ECE F3 SAE DOT. Sie erhalten beide Nebelscheinwerfer. Wenn Sie das Aussehen Ihres Fahrzeugs aufpeppen m\u00f6chten oder mehr Klarheit w\u00e4hrend der Fahrt w\u00fcnschen, unabh\u00e4ngig von den Witterungsbedingungen, k\u00f6nnte Ihnen dies in beiden Situationen helfen.<br \/>\n<strong>Die Ausstattung umfasst:<\/strong><br \/>\n.kommen vollst\u00e4ndig<br \/>\no Hochleistungs-LED-Lampen.<br \/>\no Extra gro\u00dfer Erfassungswinkel.<br \/>\no Wiederverwendung vorhandener Hardware.<br \/>\n<strong>ERSETZT DIE ORIGINALEN HALOGEN-NEBELSCHEINWERFER NUMMERN<\/strong><br \/>\n5182026AA<br \/>\nCS385U0000<br \/>\nCS385-U0000<br \/>\nCH2594103:9<br \/>\nCH2594103C<br \/>\n1115363Q<br \/>\n<strong><span class=\"a-text-bold\">Kompatibel f\u00fcr folgende Jeep-Modelle:<\/span><\/strong><br \/>\nF\u00fcr '07-'18 Jeep JK 2 T\u00fcrer und Wrangler Unlimited JK 4 - T\u00fcrer<br \/>\nF\u00fcr Jeep Wrangler 2010-2021<br \/>\nF\u00fcr Jeep Grand Cherokee 2011-2013<br \/>\nF\u00fcr Jeep CHEROKEE 2014-2018<br \/>\nF\u00fcr Dodge Journey 2010-2020<br \/>\nF\u00fcr Dodge Charger 2011-2014<br \/>\nNur f\u00fcr Chrysler 300 2005-2010 Touring oder Limited Modelle<br \/>\nF\u00fcr Chrysler PT Cruiser 2006-2010<br \/>\nF\u00fcr 92-01 AM General Hummer<br \/>\nF\u00fcr Land Rover Defender 90 &amp; 110<br \/>\nF\u00fcr Sahara oder Rubicon Wrangler JL mit OE-Kunststoffsto\u00dfstange.<br \/>\nF\u00fcr Aftermarket-Sto\u00dfstangen, die mit dem OEM \"4 Bolzen\"-Montagestil befestigt werden.<\/p>\n<\/div>","protected":false},"excerpt":{"rendered":"<ul class=\"a-unordered-list a-vertical a-spacing-mini\">\n<li class=\"a-spacing-mini\"><span class=\"a-list-item\">Diese Nebellampe passt f\u00fcr Jeep\u3001Wrangler\u3001Dodge Autos Nebelscheinwerfer Montagel\u00f6cher, und es hat gro\u00dfe Vielseitigkeit und ist sehr praktisch f\u00fcr Upgrades und \u00c4nderungen<\/span><\/li>\n<li class=\"a-spacing-mini\"><span class=\"a-list-item\">Siemid Autolights-Focus on the research and development and manufacturing of automotive lamps; The essence of the industry, leading the trend of the industry! Wir engagieren uns f\u00fcr die Herstellung von Produkten, die sicher und zufriedenstellend f\u00fcr die Verbraucher sind; Willkommen bei uns<\/span><\/li>\n<li class=\"a-spacing-mini\"><span class=\"a-list-item\">Anders als herk\u00f6mmliches Glas verwendet die Punktlinse ein Kunststoff-Spritzgussverfahren, so dass die vom Computer berechnete komplexe gekr\u00fcmmte Oberfl\u00e4che geformt werden kann. Die Punktlinse verwendet ein Hyperboloid-Design, das eine h\u00f6here optische Effizienz und einen breiteren Lichttyp hat, so dass diese Art von Linse gleichzeitig die Nebelscheinwerferfunktion und die Hilfslichtfunktion der Kurve realisieren kann.<\/span><\/li>\n<li class=\"a-spacing-mini\"><span class=\"a-list-item\">Verpackung: zwei Packungen<\/span><\/li>\n<\/ul>","protected":false},"featured_media":41727,"comment_status":"open","ping_status":"closed","template":"","meta":{"_acf_changed":false,"om_disable_all_campaigns":false,"inline_featured_image":false,"_mi_skip_tracking":false,"_monsterinsights_sitenote_active":false,"_monsterinsights_sitenote_note":"","_monsterinsights_sitenote_category":0},"product_brand":[],"product_cat":[554],"product_tag":[135147],"class_list":{"0":"post-41726","1":"product","2":"type-product","3":"status-publish","4":"has-post-thumbnail","6":"product_cat-fog-lights-automotive-lighting","7":"product_tag-warehouse-location-united-states","8":"product_shipping_class-us-stock-flat","9":"pa_compatibility-2005-chrysler-300","10":"pa_compatibility-2006-chrysler-pt-cruiser","11":"pa_compatibility-2007-jeep-wrangler","12":"pa_compatibility-2010-dodge-journey","13":"pa_compatibility-2011-dodge-charger","14":"pa_compatibility-2011-jeep-grand-cherokee","15":"pa_compatibility-2014-jeep-cherokee","17":"first","18":"instock","19":"sale","20":"featured","21":"shipping-taxable","22":"purchasable","23":"product-type-simple"},"acf":[],"aioseo_notices":[],"_links":{"self":[{"href":"https:\/\/siemid.com\/de\/wp-json\/wp\/v2\/product\/41726","targetHints":{"allow":["GET"]}}],"collection":[{"href":"https:\/\/siemid.com\/de\/wp-json\/wp\/v2\/product"}],"about":[{"href":"https:\/\/siemid.com\/de\/wp-json\/wp\/v2\/types\/product"}],"replies":[{"embeddable":true,"href":"https:\/\/siemid.com\/de\/wp-json\/wp\/v2\/comments?post=41726"}],"wp:featuredmedia":[{"embeddable":true,"href":"https:\/\/siemid.com\/de\/wp-json\/wp\/v2\/media\/41727"}],"wp:attachment":[{"href":"https:\/\/siemid.com\/de\/wp-json\/wp\/v2\/media?parent=41726"}],"wp:term":[{"taxonomy":"product_brand","embeddable":true,"href":"https:\/\/siemid.com\/de\/wp-json\/wp\/v2\/product_brand?post=41726"},{"taxonomy":"product_cat","embeddable":true,"href":"https:\/\/siemid.com\/de\/wp-json\/wp\/v2\/product_cat?post=41726"},{"taxonomy":"product_tag","embeddable":true,"href":"https:\/\/siemid.com\/de\/wp-json\/wp\/v2\/product_tag?post=41726"}],"curies":[{"name":"wp","href":"https:\/\/api.w.org\/{rel}","templated":true}]}}