{"id":41773,"date":"2024-01-10T12:53:20","date_gmt":"2024-01-10T12:53:20","guid":{"rendered":"https:\/\/siemid.com\/?post_type=product&#038;p=41773"},"modified":"2025-10-09T17:40:02","modified_gmt":"2025-10-09T17:40:02","slug":"new-generation-led-fog-lights-retrofit-and-upgraded-for-renault-clio-iv-captur-twingo-scenic-megane-fluence-scenic-kangoo-koleos-qm3-trafic-fog-lights-2002-03-04-05-06-07-08-09-2010-11-2012-13-14","status":"publish","type":"product","link":"https:\/\/siemid.com\/de\/produkt\/new-generation-led-fog-lights-retrofit-and-upgraded-for-renault-clio-iv-captur-twingo-scenic-megane-fluence-scenic-kangoo-koleos-qm3-trafic-fog-lights-2002-03-04-05-06-07-08-09-2010-11-2012-13-14\/","title":{"rendered":"Neue Generation Led-Nebelscheinwerfer zum Nachr\u00fcsten und Aufr\u00fcsten f\u00fcr Renault Clio IV Captur TWINGO Sc\u00e9nic MEGANE Fluence Scenic KANGOO Koleos QM3 Trafic Nebelscheinwerfer 2002 03 04 05 06 07 08 09 2010 11 2012 13 14"},"content":{"rendered":"<h2 class=\"default\">Produkt Beschreibung<\/h2>\n<div id=\"productDescription\" class=\"a-section a-spacing-small\">\n<p>Led-Nebelscheinwerfer der neuen Generation f\u00fcr Suzuki Fahrzeuge Dieser Artikel passt als Ersatzteil f\u00fcr die vorinstallierten Nebelscheinwerfer. Dies sind die neuen Upgrade-LED-Nebelscheinwerfer, die die serienm\u00e4\u00dfigen Halogenlampen ersetzen! Der Ausleuchtungswinkel ist sehr gro\u00df (130 Grad links und rechts), und die Hell-Dunkel-Grenze ist klar und scharf. Dieses Kit eignet sich hervorragend f\u00fcr ein LED-Upgrade, insbesondere wenn Sie Ihr Fahrzeug schwarz lackieren m\u00f6chten. Sie erhalten beide Nebelscheinwerfer. Wenn Sie das Aussehen Ihres Fahrzeugs aufpeppen m\u00f6chten oder mehr Klarheit w\u00e4hrend der Fahrt w\u00fcnschen, unabh\u00e4ngig von den Witterungsbedingungen, k\u00f6nnte Ihnen dies in beiden Situationen helfen. Dies verbessert die Sichtbarkeit bei Nacht, dichtem Nebel, starkem Regen und Schnee.<\/p>\n<p><strong><span class=\"a-text-bold\">Die Ausstattung umfasst:<\/span><\/strong><br \/>\n.kommen vollst\u00e4ndig<br \/>\no Hochleistungs-LED-Lampen.<br \/>\no Extra gro\u00dfer Erfassungswinkel.<br \/>\no Wiederverwendung vorhandener Hardware.<br \/>\n<strong><span class=\"a-text-bold\">ERSETZT DIE ORIGINALEN HALOGEN-NEBELSCHEINWERFER NUMMERN<\/span><\/strong><br \/>\n3172060LAC 33950TBAA01<br \/>\n196043001 33900T5RA01 33901TY0305 HO2593136 HO2593143<br \/>\n<strong><span class=\"a-text-bold\">Passt:<\/span><\/strong><br \/>\n<strong>Reault<\/strong><br \/>\nCaptur 2013-2017<br \/>\nClio IV 2012-2018<br \/>\nSc\u00e9nic II 2003-2009<br \/>\nSc\u00e9nic III 2009-2015<br \/>\nSc\u00e9nic IV 2016-2020<br \/>\nMEGANE II 2002-2009<br \/>\nMEGANE III 2008-2016<br \/>\nMEGANE IV 2016-2020<br \/>\nTWINGO 2014-2019<br \/>\nK\u00c4NGURU 2007-2018<br \/>\nFluence 2012-2018<br \/>\nKoleos 2006-2016<br \/>\nTrafic III 2014-2020<br \/>\nRenault QM3 2014-2016<br \/>\nMeister 3<br \/>\nLagune 2<br \/>\nLagune 3<\/p>\n<\/div>","protected":false},"excerpt":{"rendered":"<ul class=\"a-unordered-list a-vertical a-spacing-mini\">\n<li class=\"a-spacing-mini\"><span class=\"a-list-item\">Verwendung der modernsten LED-Linse - der Punktfokuslinse. Im Gegensatz zu herk\u00f6mmlichem Glas wird bei der Punktlinse ein Kunststoffspritzgussverfahren verwendet, so dass die vom Computer berechnete komplexe gekr\u00fcmmte Oberfl\u00e4che geformt werden kann. Die Punktlinse verwendet ein Hyperboloid-Design, das eine h\u00f6here optische Effizienz und einen breiteren Lichttyp aufweist, so dass diese Art von Linse gleichzeitig die Funktion des Nebelscheinwerfers und die Funktion der Zusatzbeleuchtung der Kurve realisieren kann.<\/span><\/li>\n<li class=\"a-spacing-mini\"><span class=\"a-list-item\">Dieser Nebelscheinwerfer ist kompatibel mit den Befestigungsl\u00f6chern f\u00fcr die Nebelscheinwerfer von Renault-Fahrzeugen und der Schnittstelle f\u00fcr Halogenlampen (H11 H9 H8) auf dem Markt. Er ist sehr vielseitig einsetzbar und eignet sich hervorragend f\u00fcr Nachr\u00fcstungen und Modifikationen.<\/span><\/li>\n<li class=\"a-spacing-mini\"><span class=\"a-list-item\">Siemid Autolights-Focus on the research and development and manufacturing of automotive lamps. Die Essenz der Branche, f\u00fchrend im Trend der Branche! Wir sind bestrebt, Produkte herzustellen, die f\u00fcr den Verbraucher sicher und zufriedenstellend sind. Willkommen bei uns.<\/span><\/li>\n<li class=\"a-spacing-mini\"><span class=\"a-list-item\">Hohe Qualit\u00e4t, 1 Jahr Garantie.Verpackung: zwei Packungen<\/span><\/li>\n<li class=\"a-spacing-mini\"><\/li>\n<\/ul>","protected":false},"featured_media":40472,"comment_status":"open","ping_status":"closed","template":"","meta":{"_acf_changed":false,"om_disable_all_campaigns":false,"inline_featured_image":false,"_mi_skip_tracking":false,"_monsterinsights_sitenote_active":false,"_monsterinsights_sitenote_note":"","_monsterinsights_sitenote_category":0},"product_brand":[],"product_cat":[554],"product_tag":[135147],"class_list":{"0":"post-41773","1":"product","2":"type-product","3":"status-publish","4":"has-post-thumbnail","6":"product_cat-fog-lights-automotive-lighting","7":"product_tag-warehouse-location-united-states","8":"product_shipping_class-us-stock-flat","9":"pa_compatibility-2002-renault-megane","10":"pa_compatibility-2003-renault-scenic","11":"pa_compatibility-2007-renault-kangoo","12":"pa_compatibility-2007-renault-kangoo-express","13":"pa_compatibility-2012-renault-fluence","14":"pa_compatibility-2014-renault-trafic","16":"first","17":"instock","18":"sale","19":"featured","20":"shipping-taxable","21":"purchasable","22":"product-type-simple"},"acf":[],"aioseo_notices":[],"_links":{"self":[{"href":"https:\/\/siemid.com\/de\/wp-json\/wp\/v2\/product\/41773","targetHints":{"allow":["GET"]}}],"collection":[{"href":"https:\/\/siemid.com\/de\/wp-json\/wp\/v2\/product"}],"about":[{"href":"https:\/\/siemid.com\/de\/wp-json\/wp\/v2\/types\/product"}],"replies":[{"embeddable":true,"href":"https:\/\/siemid.com\/de\/wp-json\/wp\/v2\/comments?post=41773"}],"wp:featuredmedia":[{"embeddable":true,"href":"https:\/\/siemid.com\/de\/wp-json\/wp\/v2\/media\/40472"}],"wp:attachment":[{"href":"https:\/\/siemid.com\/de\/wp-json\/wp\/v2\/media?parent=41773"}],"wp:term":[{"taxonomy":"product_brand","embeddable":true,"href":"https:\/\/siemid.com\/de\/wp-json\/wp\/v2\/product_brand?post=41773"},{"taxonomy":"product_cat","embeddable":true,"href":"https:\/\/siemid.com\/de\/wp-json\/wp\/v2\/product_cat?post=41773"},{"taxonomy":"product_tag","embeddable":true,"href":"https:\/\/siemid.com\/de\/wp-json\/wp\/v2\/product_tag?post=41773"}],"curies":[{"name":"wp","href":"https:\/\/api.w.org\/{rel}","templated":true}]}}