{"id":41782,"date":"2024-01-10T13:43:02","date_gmt":"2024-01-10T13:43:02","guid":{"rendered":"https:\/\/siemid.com\/?post_type=product&#038;p=41782"},"modified":"2025-10-09T17:41:20","modified_gmt":"2025-10-09T17:41:20","slug":"siemid-projector-led-drl-headlight-assembly-replacement-for-volkswagen-jetta-left-driver-side-fits-2019-2023-vw-jetta-models-17a941036b-17a941035a-vw2502174","status":"publish","type":"product","link":"https:\/\/siemid.com\/de\/produkt\/siemid-projector-led-drl-headlight-assembly-replacement-for-volkswagen-jetta-left-driver-side-fits-2019-2023-vw-jetta-models-17a941036b-17a941035a-vw2502174\/","title":{"rendered":"SIEMID Projektor LED R\u00fcckfahrscheinwerfer Ersatz f\u00fcr Volkswagen Jetta - Links\/Fahrerseite - Passend f\u00fcr 2019-2023 VW Jetta Modelle -17A941036B 17A941035A VW2502174"},"content":{"rendered":"<h2 class=\"default\">Produkt Beschreibung<\/h2>\n<div id=\"productDescription\" class=\"a-section a-spacing-small\">\n<p>&nbsp;<\/p>\n<p><span class=\"a-text-bold\">Aktualisieren Sie Ihr <\/span><span class=\"a-text-bold\">Volkswagen Jetta's Beleuchtung mit LED-Tagfahrlicht - Passend f\u00fcr Modelle 2019-2023<\/span><\/p>\n<p><span class=\"a-text-italic\">H\u00f6hepunkte:<\/span><\/p>\n<ul class=\"a-unordered-list a-vertical\">\n<li><span class=\"a-list-item\">Brandneu, mit hoher Qualit\u00e4t<\/span><\/li>\n<li><span class=\"a-list-item\">Problemlose Installation<\/span><\/li>\n<li><span class=\"a-list-item\">Lange Lebensdauer<\/span><\/li>\n<li><span class=\"a-list-item\">Glatte Oberfl\u00e4che<\/span><\/li>\n<li><span class=\"a-list-item\">Feine Handwerkskunst<\/span><\/li>\n<li><span class=\"a-list-item\">Robust und langlebig<\/span><\/li>\n<li><span class=\"a-list-item\">Cooles Erscheinungsbild<\/span><\/li>\n<li><span class=\"a-list-item\">LED-Licht<\/span><\/li>\n<li><span class=\"a-list-item\">Verbesserung der Sicherheit<\/span><\/li>\n<li><span class=\"a-list-item\">Leicht zu reinigen<\/span><\/li>\n<li><span class=\"a-list-item\">Stabile Leistung<\/span><\/li>\n<li><span class=\"a-list-item\">Passt (als Referenz): F\u00fcr 2019-2023 VW Jetta<\/span><\/li>\n<\/ul>\n<p><span class=\"a-text-italic\">Spezifikationen:<\/span><\/p>\n<p>OE\/OEM Teilenummer: 17A941036E, 17A941036A<\/p>\n<p>Ersatzteilnummer: VW2503175<\/p>\n<p>Anwendbare Modelle:F\u00fcr 2019-2023 <span class=\"a-text-bold\">Volkswagen<\/span> Jetta<\/p>\n<p>Einbaulage: Vorne, Linke Seite<\/p>\n<p>Art der Installation: Direkte Installation<\/p>\n<p><span class=\"a-text-bold\">Anmerkungen:<\/span><\/p>\n<p><span class=\"a-text-bold\">Wir empfehlen dringend eine professionelle Installation. Bitte kontaktieren Sie uns, wenn Sie irgendwelche Fragen haben.<\/span><\/p>\n<p><span class=\"a-text-bold\">Bitte erlauben Sie den leichten Farbunterschied, der durch das Aufnahmelicht verursacht wird, und 1-3cm Fehler aufgrund der manuellen Messung, und stellen Sie sicher, dass Sie nichts dagegen haben, bevor Sie die Bestellung aufgeben.<\/span><\/p>\n<\/div>","protected":false},"excerpt":{"rendered":"<h1 class=\"a-size-base-plus a-text-bold\">\u00dcber diesen Artikel<\/h1>\n<ul class=\"a-unordered-list a-vertical a-spacing-mini\">\n<li class=\"a-spacing-mini\"><span class=\"a-list-item\">Kompatibilit\u00e4t: Unsere Scheinwerferbaugruppe ist kompatibel mit dem 2019-2023 VW Jetta und ist auch kompatibel mit den OEM-Teilenummern 17A941035E, 17A941035A, 17A941036E, 17A941036A, VW2502174 und VW2503174 f\u00fcr Scheinwerfer. Er verf\u00fcgt \u00fcber LED-Fernlicht\/Abblendlicht, PWY24W-Signallicht, LED-Seitenmarkierungslicht und LED-Tagfahrlicht.<\/span><\/li>\n<li class=\"a-spacing-mini\"><span class=\"a-list-item\">Verbesserte Sichtbarkeit: Anti-ultraviolette PC-Linse, l\u00e4ngere Lebensdauer, verhindert Vergilbung und Verf\u00e4rbung der Linse. HD-Glas-Projektionsmodul, h\u00f6here Lichtdurchl\u00e4ssigkeit sorgt f\u00fcr helleres Licht. Spezielle Oberfl\u00e4chenbehandlung, hoher W\u00e4rmeableitungskoeffizient, sorgt f\u00fcr stabiles Arbeiten bei h\u00f6herer Leistung.<\/span><\/li>\n<li class=\"a-spacing-mini\"><span class=\"a-list-item\">Hochwertige Materialien: Unser Scheinwerfer besteht aus einem vollst\u00e4ndig versiegelten, robusten Geh\u00e4use aus hochwertigem Polykarbonat-Kunststoff in Erstausr\u00fcsterqualit\u00e4t, das bis zu IP65 wasserdicht ist. Dies sorgt f\u00fcr eine ausgezeichnete Wetter- und Sto\u00dffestigkeit und macht die Lampe zu einer gut gebauten, hellen Beleuchtung. Die neuen Linsen und Reflektoren sorgen f\u00fcr eine bessere Beleuchtung und ein angenehmes und komfortables Fahrerlebnis.<\/span><\/li>\n<li class=\"a-spacing-mini\"><span class=\"a-list-item\">Sicherheit und Langlebigkeit: Diese Leuchte verwendet Projektorlicht, eine verbesserte Version des Reflektorlichts. Im Vergleich zu reflektierendem Licht erzeugen Projektorleuchten eher klare Trennlinien zwischen Licht und Schatten. Dadurch wird eine Blendung entgegenkommender Fahrzeuge verhindert und ein sichereres Fahren gew\u00e4hrleistet.<\/span><\/li>\n<li class=\"a-spacing-mini\"><span class=\"a-list-item\">Unbesorgt einkaufen: Bitte beachten Sie, dass der Einbau durch einen Fachmann dringend empfohlen wird. Der Scheinwerfer ist nur f\u00fcr die werksseitigen LED-Projektorscheinwerfer geeignet und passt nicht f\u00fcr die werksseitigen Scheinwerfermodelle ohne Projektor. Sollten Sie Probleme bei der Installation oder Verwendung haben, wenden Sie sich bitte an uns.<\/span><\/li>\n<\/ul>","protected":false},"featured_media":41775,"comment_status":"open","ping_status":"closed","template":"","meta":{"_acf_changed":false,"om_disable_all_campaigns":false,"inline_featured_image":false,"_mi_skip_tracking":false,"_monsterinsights_sitenote_active":false,"_monsterinsights_sitenote_note":"","_monsterinsights_sitenote_category":0},"product_brand":[],"product_cat":[267],"product_tag":[135147],"class_list":{"0":"post-41782","1":"product","2":"type-product","3":"status-publish","4":"has-post-thumbnail","6":"product_cat-headlights","7":"product_tag-warehouse-location-united-states","8":"product_shipping_class-us-stock-flat","9":"pa_compatibility-2019-volkswagen-jetta","11":"first","12":"instock","13":"sale","14":"featured","15":"shipping-taxable","16":"purchasable","17":"product-type-simple"},"acf":[],"aioseo_notices":[],"_links":{"self":[{"href":"https:\/\/siemid.com\/de\/wp-json\/wp\/v2\/product\/41782","targetHints":{"allow":["GET"]}}],"collection":[{"href":"https:\/\/siemid.com\/de\/wp-json\/wp\/v2\/product"}],"about":[{"href":"https:\/\/siemid.com\/de\/wp-json\/wp\/v2\/types\/product"}],"replies":[{"embeddable":true,"href":"https:\/\/siemid.com\/de\/wp-json\/wp\/v2\/comments?post=41782"}],"wp:featuredmedia":[{"embeddable":true,"href":"https:\/\/siemid.com\/de\/wp-json\/wp\/v2\/media\/41775"}],"wp:attachment":[{"href":"https:\/\/siemid.com\/de\/wp-json\/wp\/v2\/media?parent=41782"}],"wp:term":[{"taxonomy":"product_brand","embeddable":true,"href":"https:\/\/siemid.com\/de\/wp-json\/wp\/v2\/product_brand?post=41782"},{"taxonomy":"product_cat","embeddable":true,"href":"https:\/\/siemid.com\/de\/wp-json\/wp\/v2\/product_cat?post=41782"},{"taxonomy":"product_tag","embeddable":true,"href":"https:\/\/siemid.com\/de\/wp-json\/wp\/v2\/product_tag?post=41782"}],"curies":[{"name":"wp","href":"https:\/\/api.w.org\/{rel}","templated":true}]}}