{"id":41792,"date":"2024-01-10T14:12:34","date_gmt":"2024-01-10T14:12:34","guid":{"rendered":"https:\/\/siemid.com\/?post_type=product&#038;p=41792"},"modified":"2025-10-09T17:34:55","modified_gmt":"2025-10-09T17:34:55","slug":"1pcs-vosla-oem-halogen-9012-hir2-bulb-for-toyota-corolla-im-rav4-c-hr-chevy-cruze-ford-falcon-fgx-series-xr6-xr6-turbo-xr8-g6-g6e-ecoboost-2010-2011-2012-2013-2014-2015-2016-2017-2018-2019-copy","status":"publish","type":"product","link":"https:\/\/siemid.com\/de\/produkt\/1pcs-vosla-oem-halogen-9012-hir2-bulb-for-toyota-corolla-im-rav4-c-hr-chevy-cruze-ford-falcon-fgx-series-xr6-xr6-turbo-xr8-g6-g6e-ecoboost-2010-2011-2012-2013-2014-2015-2016-2017-2018-2019-copy\/","title":{"rendered":"1PCS VOSLA OEM Halogen 9012 HIR2 Gl\u00fchbirne F\u00fcr Toyota Corolla iM RAV4 C-HR Chevy Cruze Ford Falcon FGX Serie XR6 XR6 Turbo XR8 G6 G6E EcoBoost 2010 2011 2012 2013 2014 2015 2016 2017 2018 2019 (Kopie)"},"content":{"rendered":"<h2 class=\"default\">Produkt Beschreibung<\/h2>\n<div id=\"productDescription\" class=\"a-section a-spacing-small\">\n<p>Brandneu und von hoher Qualit\u00e4t<br \/>\nBessere Sichtbarkeit beim Fahren in der Nacht<br \/>\nHohe Helligkeit<br \/>\nLanglebig<br \/>\nEinfach zu installieren<br \/>\nKeine \u00c4nderung erforderlich<br \/>\nEntfernen Sie einfach die vorhandenen Gl\u00fchbirnen und ersetzen Sie sie durch neue Gl\u00fchbirnen.<br \/>\nBetriebsspannung: 12V<br \/>\nAusgangsleistung: 55W<br \/>\nInstallation:<br \/>\n1. Alte Gl\u00fchbirne entfernen<br \/>\n2. Neue Ersatzbirne einbauen<br \/>\n3. Pr\u00fcfen Sie, ob Ihr neues Licht funktioniert<br \/>\nPassend dazu:<br \/>\nToyota Corolla iM 2017-2018<br \/>\nToyota RAV4 2019 2018 2017<br \/>\nToyota C-HR 2018-2019<br \/>\nJeep CHEROKEE 2012-2016<br \/>\nJeep COMPASS2014-2016<br \/>\nChrysler 200 300 2011-2015<br \/>\nGMC Sierra 1500 2014 2015<br \/>\nGMC ACADIA 2013-2018<br \/>\nGMC SIERRA 2500 2015<br \/>\nGMC SIERRA 3500 2015<br \/>\nRAM 1500 2013-2015<br \/>\nRAM 2500 2013-2015<br \/>\nRAM 3500 2013-2015<br \/>\nRAM 4500 2013-2015<br \/>\nRAM 5500 2013-2015<br \/>\nGMC Acadia 2013-2019<br \/>\nBUICK LACROSSE 2014-2018<br \/>\nBUICK REGAL 2014-2017<br \/>\nBUICK ENVISION 2016-2018<br \/>\nCADILLAC ATS 2013-2018<br \/>\nCADILLAC XT5 2017-2018<br \/>\nLINCOLN MKX 2011-2015<br \/>\nDodge Durango 2014-2015<br \/>\nDodge Dart 2013 2014 2015<br \/>\nDODGE HERAUSFORDERER 2015-2018<br \/>\nDODGE CHARGER 2015<br \/>\nFIAT 500 2012-2018<br \/>\nFIAT 500L 2014-2018<br \/>\nFIAT 500X 2016-2018<br \/>\nALFA ROMEO 4C 2015-2018<br \/>\nMITSUBISHI ECLIPSE CROSS2018<br \/>\nSCION IM 2016<br \/>\nSCION TC 2014-2016<br \/>\nNissan Maxima 2004-2007<br \/>\nChevy Cruze 2017-2018<br \/>\nCHEVROLET EQUINOX 2018<br \/>\nCHEVROLET IMPALA 2014-2015<br \/>\nCHEVROLET VOLT 2011-2015<br \/>\nFord Falcon FGX Serie<br \/>\nFord Rand 2011-2014<br \/>\nFORD POLIZEI ABFANGJ\u00c4GER LIMOUSINE 2013-2018<br \/>\nFORD SPECIAL SERVICE POLIZEILIMOUSINE 2014-2018<br \/>\nFORD TAURUS 2013-2018<br \/>\nHYUNDAI IX35 2015<br \/>\nHYUNDAI TUCSON 2014-2015<br \/>\nJAGUARF-PACE 2017-2018<br \/>\nXR6 XR6 Turbo XR8 G6 G6E EcoBoost<br \/>\nDas Paket enth\u00e4lt:<br \/>\n2 X Gl\u00fchbirnen<br \/>\nWir entschuldigen uns daf\u00fcr, dass wir nicht an Paketk\u00e4sten liefern k\u00f6nnen. Wir danken Ihnen.<\/p>\n<\/div>","protected":false},"excerpt":{"rendered":"<h1 class=\"a-size-base-plus a-text-bold\">\u00dcber diesen Artikel<\/h1>\n<ul class=\"a-unordered-list a-vertical a-spacing-mini\">\n<li class=\"a-spacing-mini\"><span class=\"a-list-item\">Die Vosla GmbH ist eine hochwertige Produktionsfabrik f\u00fcr Autolampen. Sie dient als Gro\u00dfserienlieferant f\u00fcr den OEM und den After Market.<\/span><\/li>\n<li class=\"a-spacing-mini\"><span class=\"a-list-item\">Made in Germany\/12V 55 Watt PX22d Sockel\/3000 Lumen\/Lebensdauer 1400 Stunden \/Lichtfarbe 3450 Grad K<\/span><\/li>\n<li class=\"a-spacing-mini\"><span class=\"a-list-item\">Einfach zu installieren\/keine Modifikation erforderlich\/Einfach die vorhandenen Gl\u00fchbirnen entfernen und durch neue Gl\u00fchbirnen ersetzen<\/span><\/li>\n<li class=\"a-spacing-mini\"><span class=\"a-list-item\">Garantie: 1 Jahr<\/span><\/li>\n<\/ul>","protected":false},"featured_media":41793,"comment_status":"open","ping_status":"closed","template":"","meta":{"_acf_changed":false,"om_disable_all_campaigns":false,"inline_featured_image":false,"_mi_skip_tracking":false,"_monsterinsights_sitenote_active":false,"_monsterinsights_sitenote_note":"","_monsterinsights_sitenote_category":0},"product_brand":[],"product_cat":[557,267],"product_tag":[135147],"class_list":{"0":"post-41792","1":"product","2":"type-product","3":"status-publish","4":"has-post-thumbnail","6":"product_cat-car-bulbs","7":"product_cat-headlights","8":"product_tag-warehouse-location-united-states","9":"product_shipping_class-us-stock-flat","11":"first","12":"instock","13":"sale","14":"featured","15":"shipping-taxable","16":"purchasable","17":"product-type-simple"},"acf":[],"aioseo_notices":[],"_links":{"self":[{"href":"https:\/\/siemid.com\/de\/wp-json\/wp\/v2\/product\/41792","targetHints":{"allow":["GET"]}}],"collection":[{"href":"https:\/\/siemid.com\/de\/wp-json\/wp\/v2\/product"}],"about":[{"href":"https:\/\/siemid.com\/de\/wp-json\/wp\/v2\/types\/product"}],"replies":[{"embeddable":true,"href":"https:\/\/siemid.com\/de\/wp-json\/wp\/v2\/comments?post=41792"}],"wp:featuredmedia":[{"embeddable":true,"href":"https:\/\/siemid.com\/de\/wp-json\/wp\/v2\/media\/41793"}],"wp:attachment":[{"href":"https:\/\/siemid.com\/de\/wp-json\/wp\/v2\/media?parent=41792"}],"wp:term":[{"taxonomy":"product_brand","embeddable":true,"href":"https:\/\/siemid.com\/de\/wp-json\/wp\/v2\/product_brand?post=41792"},{"taxonomy":"product_cat","embeddable":true,"href":"https:\/\/siemid.com\/de\/wp-json\/wp\/v2\/product_cat?post=41792"},{"taxonomy":"product_tag","embeddable":true,"href":"https:\/\/siemid.com\/de\/wp-json\/wp\/v2\/product_tag?post=41792"}],"curies":[{"name":"wp","href":"https:\/\/api.w.org\/{rel}","templated":true}]}}