{"id":41808,"date":"2024-01-11T14:21:47","date_gmt":"2024-01-11T14:21:47","guid":{"rendered":"https:\/\/siemid.com\/?post_type=product&#038;p=41808"},"modified":"2025-10-09T17:39:19","modified_gmt":"2025-10-09T17:39:19","slug":"new-generation-led-fog-lights-lamp-retrofit-and-upgraded-for-citroen-c3-c4-c5-c6-c-crosser-xsara-picasso-2004-2005-2006-2007-2008-2009-2010-2011-2012-2013-2014-2015","status":"publish","type":"product","link":"https:\/\/siemid.com\/de\/produkt\/new-generation-led-fog-lights-lamp-retrofit-and-upgraded-for-citroen-c3-c4-c5-c6-c-crosser-xsara-picasso-2004-2005-2006-2007-2008-2009-2010-2011-2012-2013-2014-2015\/","title":{"rendered":"Neue Generation Led Nebelscheinwerfer Lampe Nachr\u00fcstung und aufger\u00fcstet f\u00fcr Citroen C3 C4 C5 C6 C-Crosser Xsara Picasso 2004 2005 2006 2007 2008 2009 2010 2011 2012 2013 2014 2015"},"content":{"rendered":"<h2 class=\"default\">Beschreibung des Produkts<\/h2>\n<div id=\"productDescription\" class=\"a-section a-spacing-small\">\n<p>LED-Nebelscheinwerfer-Upgrade-Kit der neuen Generation Dieser Artikel passt als Ersatzteil f\u00fcr die Nebelscheinwerfer, die bereits vorinstalliert sind. Dies sind die neuen Upgrade-LED-Nebelscheinwerfer, die die serienm\u00e4\u00dfigen Halogenlampen ersetzen! Der Ausleuchtungswinkel ist sehr gro\u00df (130 Grad links und rechts), und die Hell-Dunkel-Grenze ist klar und scharf.Zulassung ECE F3 SAE DOT. Ihr Fahrzeug MUSS bereits mit den serienm\u00e4\u00dfigen Halogen-Nebelscheinwerfern ausgestattet sein. Dieses Kit eignet sich hervorragend als LED-Upgrade, insbesondere um Ihr Fahrzeug schwarz zu machen. Sie erhalten beide Nebelscheinwerfer. Wenn Sie das Aussehen Ihres Fahrzeugs aufpeppen m\u00f6chten oder mehr Klarheit w\u00e4hrend der Fahrt w\u00fcnschen, unabh\u00e4ngig von den Witterungsbedingungen, k\u00f6nnte Ihnen dies in beiden Situationen helfen. Dies verbessert die Sichtbarkeit bei Nacht, dichtem Nebel, starkem Regen und Schnee.<br \/>\n<strong>Die Ausstattung umfasst:<\/strong><br \/>\n.kommen vollst\u00e4ndig<br \/>\no Hochleistungs-LED-Lampen.<br \/>\no Extra gro\u00dfer Erfassungswinkel.<br \/>\no Wiederverwendung vorhandener Hardware.<br \/>\no Inklusive vollst\u00e4ndiger Anleitung.<br \/>\n<strong>ERSETZT DIE ORIGINALEN HALOGEN-NEBELSCHEINWERFER NUMMERN<\/strong><br \/>\n1209177<br \/>\n1209077<br \/>\n620662<br \/>\n4709052<br \/>\n8321A097<br \/>\n5001874722<br \/>\n26155-00Q0A<br \/>\n35500-63J00<br \/>\n35500-63J03<br \/>\n088358<br \/>\n26150-VD300<br \/>\n26150-EB500<br \/>\n35500-63J02<br \/>\n6710027<br \/>\n8200074008<br \/>\nC2S1740<br \/>\n<strong>PASST:<\/strong><br \/>\nCitroen C4 I (LC_) 2004-2010<br \/>\nCitroen C4 Limousine 2006-2012<br \/>\nCitroen C3 FC_ Flie\u00dfheck 2005-2010<br \/>\nCitroen C4 Flie\u00dfheck LC_ 2004-2010<br \/>\nCitroen C4 Coup\u00e9 LA_ 2004-2010<br \/>\nCitroen C4 Grand Picasso UA_ MPV 2006-2012<br \/>\nCitroen C4 Picasso UD_ MPV 2007-2015<br \/>\nCitroen C5 Break Kombi RE_ 2004-2015<br \/>\nCitroen C5 Flie\u00dfheck RC_ 2004-2015<br \/>\nCitroen C6 TD_ Limousine 2005-2015<br \/>\nCitroen C-Crosser ENTERPRISE Box 2009-2013<br \/>\nCitroen C-Crosser (EP_) Geschlossener Gel\u00e4ndewagen 2007-2013<br \/>\nCitroen Xsara Picasso MPV N68 1999-2015<\/p>\n<\/div>","protected":false},"excerpt":{"rendered":"<h1 class=\"a-size-base-plus a-text-bold\">\u00dcber diesen Artikel<\/h1>\n<ul class=\"a-unordered-list a-vertical a-spacing-mini\">\n<li class=\"a-spacing-mini\"><span class=\"a-list-item\">Verwendung der modernsten LED-Linse - der Punktfokuslinse. Im Gegensatz zu herk\u00f6mmlichem Glas wird bei der Punktlinse ein Kunststoffspritzgussverfahren verwendet, so dass die vom Computer berechnete komplexe gekr\u00fcmmte Oberfl\u00e4che geformt werden kann. Die Punktlinse verwendet ein Hyperboloid-Design, das eine h\u00f6here optische Effizienz und einen breiteren Lichttyp aufweist, so dass diese Art von Linse gleichzeitig die Funktion des Nebelscheinwerfers und die Funktion der Zusatzbeleuchtung der Kurve realisieren kann.<\/span><\/li>\n<li class=\"a-spacing-mini\"><span class=\"a-list-item\">Dieser Nebelscheinwerfer ist kompatibel mit den Befestigungsl\u00f6chern f\u00fcr die Nebelscheinwerfer von Citroen-Fahrzeugen und dem Anschluss f\u00fcr Halogenlampen (H11 H9 H8) auf dem Markt. Er ist sehr vielseitig und eignet sich hervorragend f\u00fcr Upgrades und Modifikationen.<\/span><\/li>\n<li class=\"a-spacing-mini\"><span class=\"a-list-item\">Siemid Autolights-Focus on the research and development and manufacturing of automotive lamps. Die Essenz der Branche, f\u00fchrend im Trend der Branche! Wir sind bestrebt, Produkte herzustellen, die f\u00fcr den Verbraucher sicher und zufriedenstellend sind. Willkommen bei uns.<\/span><\/li>\n<li class=\"a-spacing-mini\"><span class=\"a-list-item\">Hohe Qualit\u00e4t, 6 Monate Garantie.<\/span><\/li>\n<li class=\"a-spacing-mini\"><span class=\"a-list-item\">Verpackung: zwei Packungen<\/span><\/li>\n<\/ul>","protected":false},"featured_media":40472,"comment_status":"open","ping_status":"closed","template":"","meta":{"_acf_changed":false,"om_disable_all_campaigns":false,"inline_featured_image":false,"_mi_skip_tracking":false,"_monsterinsights_sitenote_active":false,"_monsterinsights_sitenote_note":"","_monsterinsights_sitenote_category":0},"product_brand":[],"product_cat":[554],"product_tag":[135147],"class_list":{"0":"post-41808","1":"product","2":"type-product","3":"status-publish","4":"has-post-thumbnail","6":"product_cat-fog-lights-automotive-lighting","7":"product_tag-warehouse-location-united-states","8":"product_shipping_class-us-stock-flat","10":"first","11":"instock","12":"sale","13":"featured","14":"shipping-taxable","15":"purchasable","16":"product-type-simple"},"acf":[],"aioseo_notices":[],"_links":{"self":[{"href":"https:\/\/siemid.com\/de\/wp-json\/wp\/v2\/product\/41808","targetHints":{"allow":["GET"]}}],"collection":[{"href":"https:\/\/siemid.com\/de\/wp-json\/wp\/v2\/product"}],"about":[{"href":"https:\/\/siemid.com\/de\/wp-json\/wp\/v2\/types\/product"}],"replies":[{"embeddable":true,"href":"https:\/\/siemid.com\/de\/wp-json\/wp\/v2\/comments?post=41808"}],"wp:featuredmedia":[{"embeddable":true,"href":"https:\/\/siemid.com\/de\/wp-json\/wp\/v2\/media\/40472"}],"wp:attachment":[{"href":"https:\/\/siemid.com\/de\/wp-json\/wp\/v2\/media?parent=41808"}],"wp:term":[{"taxonomy":"product_brand","embeddable":true,"href":"https:\/\/siemid.com\/de\/wp-json\/wp\/v2\/product_brand?post=41808"},{"taxonomy":"product_cat","embeddable":true,"href":"https:\/\/siemid.com\/de\/wp-json\/wp\/v2\/product_cat?post=41808"},{"taxonomy":"product_tag","embeddable":true,"href":"https:\/\/siemid.com\/de\/wp-json\/wp\/v2\/product_tag?post=41808"}],"curies":[{"name":"wp","href":"https:\/\/api.w.org\/{rel}","templated":true}]}}