{"id":40380,"date":"2023-12-05T11:42:43","date_gmt":"2023-12-05T11:42:43","guid":{"rendered":"https:\/\/siemid.com\/?post_type=product&#038;p=40380"},"modified":"2026-04-15T12:05:43","modified_gmt":"2026-04-15T12:05:43","slug":"black-fog-light-cover-bezel-grille-bumper-insert-passenger-side-for-optima","status":"publish","type":"product","link":"https:\/\/siemid.com\/es\/producto\/black-fog-light-cover-bezel-grille-bumper-insert-passenger-side-for-optima\/","title":{"rendered":"Negro Faro Antiniebla Cubierta Bisel Rejilla Parachoques Insertar lado del pasajero para Optima"},"content":{"rendered":"<p>Adaptaci\u00f3n<\/br>\u00a1Por favor, compruebe la parte superior Automotive Fitment Filter y Descripci\u00f3n para ver si este art\u00edculo funcionar\u00e1 en su veh\u00edculo antes de comprar!<\/br><\/br>Condici\u00f3n<\/br>100% Nuevo en embalaje de f\u00e1brica, nunca usado ni instalado. garantiza la calidad y el rendimiento del producto.<\/br><\/br>Apariencia<\/br>Color: <\/br><\/br>Posici\u00f3n<\/br>Colocaci\u00f3n en el veh\u00edculo: Delantero,Derecho<\/br><\/br>N\u00famero_de_pieza<\/br>LHT00119,865524C000,KI1039108,865522T000<\/br><\/br>Consejo de instalaci\u00f3n<\/br>Conservar&amp;R<\/br><\/br>Tipo<\/br>Bisel antiniebla<\/br><\/br>Garant\u00eda<\/br>: Euse su hardware, nuevo hardware no est\u00e1 incluido con este art\u00edculo<\/p>","protected":false},"excerpt":{"rendered":"<p>\u00a1Adaptaci\u00f3n:Por favor, compruebe la parte superior del filtro de adaptaci\u00f3n de autom\u00f3viles y Descripci\u00f3n para ver si este art\u00edculo va a trabajar en su veh\u00edculo antes de comprar!<br \/>\nColocaci\u00f3n en el veh\u00edculo: Delantero,Derecho<br \/>\nPart_Number:LHT00119,865524C000,KI1039108,865522T000<br \/>\nConsejo de instalaci\u00f3n:Mantenga&amp;R<br \/>\nTipo:Bisel antiniebla<\/p>","protected":false},"featured_media":40452,"comment_status":"open","ping_status":"closed","template":"","meta":{"_acf_changed":false,"om_disable_all_campaigns":false,"inline_featured_image":false,"_mi_skip_tracking":false,"_monsterinsights_sitenote_active":false,"_monsterinsights_sitenote_note":"","_monsterinsights_sitenote_category":0},"product_brand":[],"product_cat":[534],"product_tag":[135147],"class_list":{"0":"post-40380","1":"product","2":"type-product","3":"status-publish","4":"has-post-thumbnail","6":"product_cat-light-covers","7":"product_tag-warehouse-location-united-states","8":"product_shipping_class-us-stock-flat","10":"first","11":"instock","12":"sale","13":"featured","14":"shipping-taxable","15":"purchasable","16":"product-type-simple"},"acf":[],"aioseo_notices":[],"_links":{"self":[{"href":"https:\/\/siemid.com\/es\/wp-json\/wp\/v2\/product\/40380","targetHints":{"allow":["GET"]}}],"collection":[{"href":"https:\/\/siemid.com\/es\/wp-json\/wp\/v2\/product"}],"about":[{"href":"https:\/\/siemid.com\/es\/wp-json\/wp\/v2\/types\/product"}],"replies":[{"embeddable":true,"href":"https:\/\/siemid.com\/es\/wp-json\/wp\/v2\/comments?post=40380"}],"wp:featuredmedia":[{"embeddable":true,"href":"https:\/\/siemid.com\/es\/wp-json\/wp\/v2\/media\/40452"}],"wp:attachment":[{"href":"https:\/\/siemid.com\/es\/wp-json\/wp\/v2\/media?parent=40380"}],"wp:term":[{"taxonomy":"product_brand","embeddable":true,"href":"https:\/\/siemid.com\/es\/wp-json\/wp\/v2\/product_brand?post=40380"},{"taxonomy":"product_cat","embeddable":true,"href":"https:\/\/siemid.com\/es\/wp-json\/wp\/v2\/product_cat?post=40380"},{"taxonomy":"product_tag","embeddable":true,"href":"https:\/\/siemid.com\/es\/wp-json\/wp\/v2\/product_tag?post=40380"}],"curies":[{"name":"wp","href":"https:\/\/api.w.org\/{rel}","templated":true}]}}