{"id":40481,"date":"2023-12-06T09:39:43","date_gmt":"2023-12-06T09:39:43","guid":{"rendered":"https:\/\/siemid.com\/?post_type=product&#038;p=40481"},"modified":"2026-04-04T17:08:43","modified_gmt":"2026-04-04T17:08:43","slug":"black-fog-light-cover-bezel-grille-bumper-insert-lh-driver-side-for-kia-optima-%e5%a4%8d%e5%88%b6","status":"publish","type":"product","link":"https:\/\/siemid.com\/es\/producto\/black-fog-light-cover-bezel-grille-bumper-insert-lh-driver-side-for-kia-optima-%e5%a4%8d%e5%88%b6\/","title":{"rendered":"Nueva Generaci\u00f3n Led Fog Light Retrofit Actualizado Para Ford Focus Escort Edge Ecosport Explorer Raptor C-MAX FIESTA FUSION Ranger Taurus X TRANSIT TOURNEO 2010 2011 2012 2013 14 15 16 17 2019 20 2021 22"},"content":{"rendered":"<h2 class=\"default\">Descripci\u00f3n del producto<\/h2>\n<div id=\"productDescription\" class=\"a-section a-spacing-small\">\n<p>Este art\u00edculo se ajusta como piezas de repuesto que vienen pre-instalados con faros antiniebla. Estos son los nuevos faros antiniebla LED que sustituyen a los hal\u00f3genos. El \u00e1ngulo de iluminaci\u00f3n es muy amplia (130 grados a la izquierda y derecha), y la l\u00ednea de corte es clara y sharp.Approval ECE F3 SAE DOT.These luces ser\u00eda grande para que usted pueda actualizar como una actualizaci\u00f3n de LED en especial a negro nuestro veh\u00edculo. Usted recibe las dos luces antiniebla. Si desea darle vida a la mirada de su veh\u00edculo o si desea m\u00e1s claridad mientras se est\u00e1 conduciendo no mater lo que las condiciones meteorol\u00f3gicas esto podr\u00eda ayudarle en ambas situaciones. Esto mejorar\u00e1 la visibilidad durante la noche, niebla densa, fuerte lluvia y nieve.<\/p>\n<p><strong><span class=\"a-text-bold\">Las caracter\u00edsticas incluyen:<\/span><\/strong><br \/>\n.Come Complete<br \/>\no Bombillas LED de alta potencia.<br \/>\no \u00c1ngulo de cobertura extra ancho.<br \/>\no Reutilizar el hardware existente.<br \/>\n<strong><span class=\"a-text-bold\">SUSTITUYE A LOS FAROS ANTINIEBLA HAL\u00d3GENOS ORIGINALES N\u00daMEROS<\/span><\/strong><br \/>\n1209177 1209077 620662<br \/>\n4709052 8321A097 5001874722<br \/>\n26155-00Q0A 35500-63J00 35500-63J03<br \/>\n088358 26150-VD300 26150-EB500<br \/>\n35500-63J02<br \/>\n6710027<br \/>\n8200074008<br \/>\nJB3B-15201-AC<br \/>\n<strong><span class=\"a-text-bold\">SE ADAPTA:<\/span><\/strong><br \/>\n<strong><span class=\"a-text-bold\">FORD<\/span><\/strong><br \/>\nEnfoque 2004-2014<br \/>\nEscolta 2015-2017<br \/>\nFiesta 2002-2012<br \/>\nEdge 2015-2017<br \/>\nEcosport 2003-2016<br \/>\nExplorador 2011-2015<br \/>\nRaptor 2011-2016<br \/>\nIkon<br \/>\nC-MAX II 2010<br \/>\nFIESTA V 2001-2010<br \/>\nFIESTA VI 2008<br \/>\nFOCUS II 2004-2012<br \/>\nFOCUS II Berlina 2005<br \/>\nFOCUS II Turnier 2004-2012<br \/>\nFUSI\u00d3N 2013-2016<br \/>\nMondeo 2013-2016<br \/>\nFord Freestyle 2005-2007<br \/>\nFord Taurus X 2008-2009<br \/>\nC-MAX 2013-2018<br \/>\nTr\u00e1nsito 2010-2020<br \/>\nTransit Connect 2010-2020<br \/>\nTr\u00e1nsito 250 2015-2021<br \/>\nTr\u00e1nsito VM 2006-2013<br \/>\nTRANSIT MK6 2000-2005<br \/>\nTRANSIT MK7 2000-2005<br \/>\nTRANSIT MK8 2014-2019<br \/>\nTOURNEO CONNECT 2002-2013<br \/>\nBRONCO 2021<br \/>\nRANGER 2019-2022<br \/>\nEdge 2015-2017<\/p>\n<\/div>","protected":false},"excerpt":{"rendered":"<ul class=\"a-unordered-list a-vertical a-spacing-mini\">\n<li class=\"a-spacing-mini\"><span class=\"a-list-item\">Utiliza la lente de enfoque puntual LED m\u00e1s avanzada. A diferencia del cristal tradicional, la lente de enfoque puntual utiliza un proceso de moldeo por inyecci\u00f3n de pl\u00e1stico, de modo que se puede formar la compleja superficie curva calculada por ordenador. La lente de enfoque puntual utiliza un dise\u00f1o hiperboloide, que tiene una mayor eficiencia \u00f3ptica y un tipo de luz m\u00e1s amplia, por lo que este tipo de lente puede realizar la funci\u00f3n de luz antiniebla y la funci\u00f3n de iluminaci\u00f3n auxiliar de la curva al mismo tiempo.<\/span><\/li>\n<\/ul>\n<ul class=\"a-unordered-list a-vertical a-spacing-mini\">\n<li class=\"a-spacing-mini\"><span class=\"a-list-item\">Este faro antiniebla es coherente con la mayor\u00eda de la bombilla hal\u00f3gena ford coches faros antiniebla agujeros de montaje y la interfaz de la bombilla (H11 H9 H8) en el mercado, y tiene una gran versatilidad y es muy conveniente para las actualizaciones y modificaciones.<\/span><\/li>\n<li class=\"a-spacing-mini\"><span class=\"a-list-item\">Siemid Autolights-se centra en la investigaci\u00f3n, el desarrollo y la fabricaci\u00f3n de l\u00e1mparas para autom\u00f3viles. La esencia de la industria, liderando la tendencia de la industria. Nos comprometemos a fabricar productos seguros y satisfactorios para los consumidores. Bienvenido a elegir.<\/span><\/li>\n<li class=\"a-spacing-mini\"><span class=\"a-list-item\">Alta calidad, 1 a\u00f1o de garant\u00eda.<\/span><\/li>\n<li class=\"a-spacing-mini\"><span class=\"a-list-item\">Embalaje: dos paquetes<\/span><\/li>\n<\/ul>","protected":false},"featured_media":40472,"comment_status":"open","ping_status":"closed","template":"","meta":{"_acf_changed":false,"om_disable_all_campaigns":false,"inline_featured_image":false,"_mi_skip_tracking":false,"_monsterinsights_sitenote_active":false,"_monsterinsights_sitenote_note":"","_monsterinsights_sitenote_category":0},"product_brand":[],"product_cat":[554],"product_tag":[135147],"class_list":{"0":"post-40481","1":"product","2":"type-product","3":"status-publish","4":"has-post-thumbnail","6":"product_cat-fog-lights-automotive-lighting","7":"product_tag-warehouse-location-united-states","8":"product_shipping_class-us-stock-flat","9":"pa_compatibility-2000-ford-transit-mk6","10":"pa_compatibility-2000-ford-transit-mk7","11":"pa_compatibility-2001-ford-fiesta","12":"pa_compatibility-2003-ford-ecosport","13":"pa_compatibility-2004-ford-focus","14":"pa_compatibility-2005-ford-freestyle","15":"pa_compatibility-2006-ford-transit-vm","16":"pa_compatibility-2008-ford-taurus-x","17":"pa_compatibility-2010-ford-c-max","18":"pa_compatibility-2010-ford-transit","19":"pa_compatibility-2010-ford-transit-connect","20":"pa_compatibility-2011-ford-explorer","21":"pa_compatibility-2013-ford-fusion","22":"pa_compatibility-2013-ford-mondeo","23":"pa_compatibility-2014-ford-transit-mk8","24":"pa_compatibility-2015-ford-edge","25":"pa_compatibility-2015-ford-escort","26":"pa_compatibility-2015-ford-transit-250-2","27":"pa_compatibility-2019-ford-ranger","28":"pa_compatibility-2021-ford-bronco","30":"first","31":"instock","32":"sale","33":"featured","34":"shipping-taxable","35":"purchasable","36":"product-type-simple"},"acf":[],"aioseo_notices":[],"_links":{"self":[{"href":"https:\/\/siemid.com\/es\/wp-json\/wp\/v2\/product\/40481","targetHints":{"allow":["GET"]}}],"collection":[{"href":"https:\/\/siemid.com\/es\/wp-json\/wp\/v2\/product"}],"about":[{"href":"https:\/\/siemid.com\/es\/wp-json\/wp\/v2\/types\/product"}],"replies":[{"embeddable":true,"href":"https:\/\/siemid.com\/es\/wp-json\/wp\/v2\/comments?post=40481"}],"wp:featuredmedia":[{"embeddable":true,"href":"https:\/\/siemid.com\/es\/wp-json\/wp\/v2\/media\/40472"}],"wp:attachment":[{"href":"https:\/\/siemid.com\/es\/wp-json\/wp\/v2\/media?parent=40481"}],"wp:term":[{"taxonomy":"product_brand","embeddable":true,"href":"https:\/\/siemid.com\/es\/wp-json\/wp\/v2\/product_brand?post=40481"},{"taxonomy":"product_cat","embeddable":true,"href":"https:\/\/siemid.com\/es\/wp-json\/wp\/v2\/product_cat?post=40481"},{"taxonomy":"product_tag","embeddable":true,"href":"https:\/\/siemid.com\/es\/wp-json\/wp\/v2\/product_tag?post=40481"}],"curies":[{"name":"wp","href":"https:\/\/api.w.org\/{rel}","templated":true}]}}