{"id":40483,"date":"2023-12-09T03:06:45","date_gmt":"2023-12-09T03:06:45","guid":{"rendered":"https:\/\/siemid.com\/?post_type=product&#038;p=40483"},"modified":"2025-10-09T17:38:56","modified_gmt":"2025-10-09T17:38:56","slug":"new-generation-led-fog-lamp-light-upgrade-for-toyota-4runner-tacoma-tundra-rav4-c-hr-highlander-venza-sienna-scion-xa-2005-06-07-2008-2009-2010-2011-2012-2013-2014-2015-2016-2017-2018-2019-2020","status":"publish","type":"product","link":"https:\/\/siemid.com\/es\/producto\/new-generation-led-fog-lamp-light-upgrade-for-toyota-4runner-tacoma-tundra-rav4-c-hr-highlander-venza-sienna-scion-xa-2005-06-07-2008-2009-2010-2011-2012-2013-2014-2015-2016-2017-2018-2019-2020\/","title":{"rendered":"Nueva Generaci\u00f3n Led Fog Light Upgrade para Toyota 4Runner Tacoma Tundra RAV4 C-HR Highlander Venza Sienna Scion xA 2005 06 07 2008 2009 2010 2011 2012 2013 2014 2015 2016 2017 2018 2019 2020"},"content":{"rendered":"<h2 class=\"default\">Descripci\u00f3n del producto<\/h2>\n<div id=\"productDescription\" class=\"a-section a-spacing-small\">\n<p>Este art\u00edculo se ajusta como piezas de repuesto que vienen pre-instalados con faros antiniebla. Estos son los nuevos faros antiniebla LED que sustituyen a los hal\u00f3genos. El \u00e1ngulo de iluminaci\u00f3n es muy amplia (120 grados a la izquierda y derecha), y la l\u00ednea de corte es clara y sharp.Approval ECE F3 SAE DOT. Recibe las dos luces antiniebla. Si usted quisiera condimentar encima de la mirada de su veh\u00edculo o si usted quisiera m\u00e1s claridad mientras que usted est\u00e1 conduciendo no mater qu\u00e9 la condici\u00f3n atmosf\u00e9rica esto podr\u00eda ayudarle en ambas situaciones. Esto mejorar\u00e1 la visibilidad durante la noche, niebla densa, fuerte lluvia y nieve.<br \/>\n<strong><span class=\"a-text-bold\">Las caracter\u00edsticas incluyen:<\/span><\/strong><br \/>\n.Come Complete<br \/>\no Bombillas LED de alta potencia.<br \/>\no \u00c1ngulo de cobertura extra ancho.<br \/>\no Reutilizar el hardware existente.<br \/>\n<strong><span class=\"a-text-bold\">SUSTITUYE A LOS FAROS ANTINIEBLA HAL\u00d3GENOS ORIGINALES N\u00daMEROS<\/span><\/strong><br \/>\n81220-02160 81220-48050 81210-02160 81210-48050<br \/>\n812100D040 812100D041 812100D042 8121006071<br \/>\n11336DT 711336D 711336DQ 81210-06071 810260W020<br \/>\n8122006070 812200D041 812200D042 SC2592100<br \/>\n810250W020 8121006070 812100607 SC2593100 A2593123<br \/>\n<strong><span class=\"a-text-bold\">Encaja:<\/span><\/strong><br \/>\nPara Tacoma 2012-2021<br \/>\nPara RAV4 2006-2012<br \/>\nPara RAV4 2016-2021<br \/>\nPara 4Runner 2010-2022<br \/>\nPara Tundra 2014-2020<br \/>\nPara Highlander 2010-2021<br \/>\nPara C-HR 2018-2019<br \/>\nPara Venza 2009-2016<br \/>\nPara Sienna 2011-2020<br \/>\nPara Scion xA 2006<br \/>\nPara Camry 2007-2014<br \/>\nPara Corolla 2009-2016<br \/>\nPara Yaris 2007-2018<br \/>\nPara Avalon 2008-2015<br \/>\nPara Matrix 2009-2014<br \/>\nPara Prius 2010-2015<br \/>\nPara Prius C 2012-2015<br \/>\nPara Prius V 2012-2017<br \/>\nPara PRIUS PLUG-IN 2014-2015<br \/>\nPara Solara 2007-2008<br \/>\nPara Reiz 2013-2018<br \/>\nPara Vios 2014-2016<br \/>\n<strong><span class=\"a-text-bold\">Apto para LEXUS:<\/span><\/strong><br \/>\nCT200H 2011-2017<br \/>\nES300h 2013-2019<br \/>\nGS200t 2016-2017<br \/>\nGS300 2018-2019<br \/>\nGS350 2013-2020<br \/>\nGS450H 2014-2015<br \/>\nRX450h 2010-2019<br \/>\nES350 2013-2018<br \/>\nIS250 2011-2015<br \/>\nIS300 2016<br \/>\nIS350 2011-2016<br \/>\nNX200T 2015-2017<br \/>\nRX350 2009-2019<br \/>\nGS450H 2013-2018<br \/>\nHS250H 2010-2012<br \/>\nIS F 2008-2014<br \/>\nLX570 2008-2015<\/p>\n<\/div>","protected":false},"excerpt":{"rendered":"<ul class=\"a-unordered-list a-vertical a-spacing-mini\">\n<li class=\"a-spacing-mini\"><span class=\"a-list-item\">Utiliza la lente de enfoque puntual LED m\u00e1s avanzada. A diferencia del cristal tradicional, la lente de enfoque puntual utiliza un proceso de moldeo por inyecci\u00f3n de pl\u00e1stico, de modo que se puede formar la compleja superficie curva calculada por ordenador. La lente de enfoque puntual utiliza un dise\u00f1o hiperboloide, que tiene una mayor eficiencia \u00f3ptica y un tipo de luz m\u00e1s amplia, por lo que este tipo de lente puede realizar la funci\u00f3n de luz antiniebla y la funci\u00f3n de iluminaci\u00f3n auxiliar de la curva al mismo tiempo.<\/span><\/li>\n<li class=\"a-spacing-mini\"><span class=\"a-list-item\">Este faro antiniebla es compatible con la mayor\u00eda de los agujeros de montaje de faro antiniebla de bombilla hal\u00f3gena y la interfaz de bombilla (H11) de los coches toyota en el mercado, y tiene una fuerte versatilidad y es muy conveniente para las actualizaciones y modificaciones.<\/span><\/li>\n<li class=\"a-spacing-mini\"><span class=\"a-list-item\">Siemid Autolights-se centra en la investigaci\u00f3n, el desarrollo y la fabricaci\u00f3n de l\u00e1mparas para autom\u00f3viles. La esencia de la industria, liderando la tendencia de la industria. Nos comprometemos a fabricar productos seguros y satisfactorios para los consumidores. Bienvenido a elegir.<\/span><\/li>\n<li class=\"a-spacing-mini\"><span class=\"a-list-item\">Alta calidad, 1 a\u00f1o de garant\u00eda.Embalaje: dos paquetes<\/span><\/li>\n<li class=\"a-spacing-mini\"><span class=\"a-list-item\">La l\u00e1mpara con biseles cromados y la l\u00e1mpara con biseles negros s\u00f3lo se diferencian en el aspecto, el tama\u00f1o de instalaci\u00f3n es el mismo y el veh\u00edculo aplicable es el mismo.<\/span><\/li>\n<\/ul>","protected":false},"featured_media":40484,"comment_status":"open","ping_status":"closed","template":"","meta":{"_acf_changed":false,"om_disable_all_campaigns":false,"inline_featured_image":false,"_mi_skip_tracking":false,"_monsterinsights_sitenote_active":false,"_monsterinsights_sitenote_note":"","_monsterinsights_sitenote_category":0},"product_brand":[],"product_cat":[554],"product_tag":[135147],"class_list":{"0":"post-40483","1":"product","2":"type-product","3":"status-publish","4":"has-post-thumbnail","6":"product_cat-fog-lights-automotive-lighting","7":"product_tag-warehouse-location-united-states","8":"product_shipping_class-us-stock-flat","9":"pa_compatibility-2006-toyota-rav4","10":"pa_compatibility-2006-toyota-scion-xa","11":"pa_compatibility-2007-toyota-camry","12":"pa_compatibility-2007-toyota-corolla","13":"pa_compatibility-2007-toyota-solara","14":"pa_compatibility-2007-toyota-yaris","15":"pa_compatibility-2008-is-f","16":"pa_compatibility-2008-lexus-lx570","17":"pa_compatibility-2008-toyota-avalon","18":"pa_compatibility-2009-lexus-rx350","19":"pa_compatibility-2009-toyota-matrix","20":"pa_compatibility-2009-toyota-venza","21":"pa_compatibility-2010-hs250h","22":"pa_compatibility-2010-lexus-rx450h","23":"pa_compatibility-2010-toyota-4runner","24":"pa_compatibility-2010-toyota-highlander","25":"pa_compatibility-2011-lexus-ct200h","26":"pa_compatibility-2011-lexus-is250","27":"pa_compatibility-2011-lexus-is350","28":"pa_compatibility-2011-toyota-sienna","29":"pa_compatibility-2012-toyota-prius","30":"pa_compatibility-2012-toyota-prius-c","31":"pa_compatibility-2012-toyota-prius-v","32":"pa_compatibility-2012-toyota-tacoma","33":"pa_compatibility-2013-lexus-es300h","34":"pa_compatibility-2013-lexus-es350","35":"pa_compatibility-2013-lexus-gs350","36":"pa_compatibility-2013-lexus-gs450h","37":"pa_compatibility-2014-lexus-gs450h","38":"pa_compatibility-2014-toyota-prius-plug-in","39":"pa_compatibility-2014-toyota-tundra","40":"pa_compatibility-2015-lexus-nx200t","41":"pa_compatibility-2016-lexus-gs200t","42":"pa_compatibility-2016-lexus-is300","43":"pa_compatibility-2018-lexus-gs300","44":"pa_compatibility-2018-toyota-c-hr","46":"first","47":"instock","48":"sale","49":"featured","50":"shipping-taxable","51":"purchasable","52":"product-type-simple"},"acf":[],"aioseo_notices":[],"_links":{"self":[{"href":"https:\/\/siemid.com\/es\/wp-json\/wp\/v2\/product\/40483","targetHints":{"allow":["GET"]}}],"collection":[{"href":"https:\/\/siemid.com\/es\/wp-json\/wp\/v2\/product"}],"about":[{"href":"https:\/\/siemid.com\/es\/wp-json\/wp\/v2\/types\/product"}],"replies":[{"embeddable":true,"href":"https:\/\/siemid.com\/es\/wp-json\/wp\/v2\/comments?post=40483"}],"wp:featuredmedia":[{"embeddable":true,"href":"https:\/\/siemid.com\/es\/wp-json\/wp\/v2\/media\/40484"}],"wp:attachment":[{"href":"https:\/\/siemid.com\/es\/wp-json\/wp\/v2\/media?parent=40483"}],"wp:term":[{"taxonomy":"product_brand","embeddable":true,"href":"https:\/\/siemid.com\/es\/wp-json\/wp\/v2\/product_brand?post=40483"},{"taxonomy":"product_cat","embeddable":true,"href":"https:\/\/siemid.com\/es\/wp-json\/wp\/v2\/product_cat?post=40483"},{"taxonomy":"product_tag","embeddable":true,"href":"https:\/\/siemid.com\/es\/wp-json\/wp\/v2\/product_tag?post=40483"}],"curies":[{"name":"wp","href":"https:\/\/api.w.org\/{rel}","templated":true}]}}