{"id":40491,"date":"2023-12-09T06:34:00","date_gmt":"2023-12-09T06:34:00","guid":{"rendered":"https:\/\/siemid.com\/?post_type=product&#038;p=40491"},"modified":"2024-01-08T18:06:39","modified_gmt":"2024-01-08T18:06:39","slug":"siemid-neue-generation-led-nebelscheinwerfer-paar-fur-ford-focus-mk2-3-fiesta-mk6-7-8-escort-edge-ecosport-explorer-raptor-c-max-fusion-ranger-taurus-x-transit-2001-2010-2011-2012-2013-14-15-16-17","status":"publish","type":"product","link":"https:\/\/siemid.com\/es\/producto\/siemid-neue-generation-led-nebelscheinwerfer-paar-fur-ford-focus-mk2-3-fiesta-mk6-7-8-escort-edge-ecosport-explorer-raptor-c-max-fusion-ranger-taurus-x-transit-2001-2010-2011-2012-2013-14-15-16-17\/","title":{"rendered":"Siemid Neue Generation LED Nebelscheinwerfer Paar f??r Ford Focus MK2 3 FIESTA MK6 7 8 Escort Edge Ecosport Explorer Raptor C-MAX FUSION Ranger Taurus X TRANSIT 2001-2010 2011 2012 2013 14 15 16 17"},"content":{"rendered":"<div class=\"a-expander-content a-expander-partial-collapse-content a-expander-content-expanded\" aria-expanded=\"true\">\n<div id=\"productDescription\" class=\"a-section a-spacing-small\">\n<p>Con nuestros LEDs podr\u00e1 iluminar incluso las luces de carretera m\u00e1s brillantes. Los potentes LED de chip Cree proporcionan una visi\u00f3n libre, visibilidad y seguridad en su veh\u00edculo. Gracias a la sencilla configuraci\u00f3n Plug&amp;Play, las luces son muy resistentes, se montan con pocas manipulaciones y se instalan en un abrir y cerrar de ojos.<br \/>\nDale a tu coche un toque deportivo y elegante con una vida \u00fatil m\u00e1s larga.<br \/>\n<strong>Estas son sus ventajas:<\/strong><br \/>\n- Brillante y de gran belleza.<br \/>\n- lange Lebensdauer<br \/>\n- keine Fehlermeldung<br \/>\n- en la carretera de circunvalaci\u00f3n<br \/>\n- sencillo montaje Plug&amp;Play<br \/>\n<strong>Passend f??r:<\/strong><br \/>\nFORD<br \/>\nEnfoque 2004-2014<br \/>\nMK2 2005-2008<br \/>\nMK3 2011-2015<br \/>\nFiesta 2002-2012<br \/>\nMK6 2002-2009<br \/>\nMK6.5 2005-2008<br \/>\nMK7 2008-2013<br \/>\nMK7 zetec 2008-2013<br \/>\nMK7.5 st 2014-2018<br \/>\nST MK8 2012-2017<br \/>\nEscolta 2015-2017<br \/>\nMondeo 2013-2016<br \/>\nEdge 2015-2017<br \/>\nEcosport 20032016<br \/>\nExplorer 2002-2014<br \/>\nRaptor 2011-2016<br \/>\nIkon<br \/>\nFIESTA V 2001-2010<br \/>\nFIESTA VI 2008<br \/>\nFOCUS II 2004-2012<br \/>\nFOCUS II Berlina 2005<br \/>\nFOCUS II Turnier 2004-2012<br \/>\nFUSI\u00d3N 2002-2012<br \/>\nFord Freestyle 2005-2007<br \/>\nFord Ranger2005-2011<br \/>\nFord Taurus X 2008-2009<br \/>\nC-MAX 2013-2018<br \/>\nTr\u00e1nsito 2010-2020<br \/>\nTr\u00e1nsito CONNECT 2010-2020<br \/>\nTr\u00e1nsito 250 2015-2021<br \/>\nTr\u00e1nsito VM 2006-2013<br \/>\nTRANSIT MK6 2000-2005<br \/>\nTRANSIT MK7 2000-2005<br \/>\nTRANSIT MK8 2014-2019<br \/>\nTOURNEO CONNECT 2002-2013<br \/>\nHalc\u00f3n<\/p>\n<\/div>\n<\/div>\n<div id=\"productDescription_expander-expand_collapse_link\" class=\"a-expander-header a-expander-partial-collapse-header celwidget\" data-csa-c-id=\"i1n3ak-d9zvbw-xz19zs-6wlspo\" data-cel-widget=\"productDescription_expander-expand_collapse_link\"><\/div>","protected":false},"excerpt":{"rendered":"<ul class=\"a-unordered-list a-vertical a-spacing-mini\">\n<li class=\"a-spacing-mini\"><span class=\"a-list-item\">Utiliza la lente de enfoque puntual LED m\u00e1s avanzada. A diferencia del cristal tradicional, la lente de enfoque puntual utiliza un proceso de moldeo por inyecci\u00f3n de pl\u00e1stico, de modo que se puede formar la compleja superficie curva calculada por ordenador. La lente de enfoque puntual utiliza un dise\u00f1o hiperboloide, que tiene una mayor eficiencia \u00f3ptica y un tipo de luz m\u00e1s amplia, por lo que este tipo de lente puede realizar la funci\u00f3n de luz antiniebla y la funci\u00f3n de iluminaci\u00f3n auxiliar de la curva al mismo tiempo.<\/span><\/li>\n<\/ul>\n<ul class=\"a-unordered-list a-vertical a-spacing-mini\">\n<li class=\"a-spacing-mini\"><span class=\"a-list-item\">Este faro antiniebla es coherente con la mayor\u00eda de la bombilla hal\u00f3gena ford coches faros antiniebla agujeros de montaje y la interfaz de la bombilla (H11 H9 H8) en el mercado, y tiene una gran versatilidad y es muy conveniente para las actualizaciones y modificaciones.<\/span><\/li>\n<li class=\"a-spacing-mini\"><span class=\"a-list-item\">Siemid Autolights-se centra en la investigaci\u00f3n, el desarrollo y la fabricaci\u00f3n de l\u00e1mparas para autom\u00f3viles. La esencia de la industria, liderando la tendencia de la industria. Nos comprometemos a fabricar productos seguros y satisfactorios para los consumidores. Bienvenido a elegir.<\/span><\/li>\n<li class=\"a-spacing-mini\"><span class=\"a-list-item\">Alta calidad, 1 a\u00f1o de garant\u00eda.<\/span><\/li>\n<li class=\"a-spacing-mini\"><span class=\"a-list-item\">Embalaje: dos paquetes<\/span><\/li>\n<\/ul>","protected":false},"featured_media":40472,"comment_status":"open","ping_status":"closed","template":"","meta":{"_acf_changed":false,"om_disable_all_campaigns":false,"inline_featured_image":false,"_mi_skip_tracking":false,"_monsterinsights_sitenote_active":false,"_monsterinsights_sitenote_note":"","_monsterinsights_sitenote_category":0},"product_brand":[],"product_cat":[554],"product_tag":[135147],"class_list":{"0":"post-40491","1":"product","2":"type-product","3":"status-publish","4":"has-post-thumbnail","6":"product_cat-fog-lights-automotive-lighting","7":"product_tag-warehouse-location-united-states","8":"product_shipping_class-us-stock-flat","9":"pa_compatibility-2000-ford-transit-mk6","10":"pa_compatibility-2000-ford-transit-mk7","11":"pa_compatibility-2001-ford-fiesta","12":"pa_compatibility-2003-ford-ecosport","13":"pa_compatibility-2004-ford-focus","14":"pa_compatibility-2005-ford-freestyle","15":"pa_compatibility-2006-ford-transit-vm","16":"pa_compatibility-2008-ford-taurus-x","17":"pa_compatibility-2010-ford-c-max","18":"pa_compatibility-2010-ford-transit","19":"pa_compatibility-2010-ford-transit-connect","20":"pa_compatibility-2011-ford-explorer","21":"pa_compatibility-2013-ford-fusion","22":"pa_compatibility-2013-ford-mondeo","23":"pa_compatibility-2014-ford-transit-mk8","24":"pa_compatibility-2015-ford-edge","25":"pa_compatibility-2015-ford-escort","26":"pa_compatibility-2015-ford-transit-250-2","27":"pa_compatibility-2019-ford-ranger","28":"pa_compatibility-2021-ford-bronco","30":"first","31":"instock","32":"sale","33":"shipping-taxable","34":"purchasable","35":"product-type-simple"},"acf":[],"aioseo_notices":[],"_links":{"self":[{"href":"https:\/\/siemid.com\/es\/wp-json\/wp\/v2\/product\/40491","targetHints":{"allow":["GET"]}}],"collection":[{"href":"https:\/\/siemid.com\/es\/wp-json\/wp\/v2\/product"}],"about":[{"href":"https:\/\/siemid.com\/es\/wp-json\/wp\/v2\/types\/product"}],"replies":[{"embeddable":true,"href":"https:\/\/siemid.com\/es\/wp-json\/wp\/v2\/comments?post=40491"}],"wp:featuredmedia":[{"embeddable":true,"href":"https:\/\/siemid.com\/es\/wp-json\/wp\/v2\/media\/40472"}],"wp:attachment":[{"href":"https:\/\/siemid.com\/es\/wp-json\/wp\/v2\/media?parent=40491"}],"wp:term":[{"taxonomy":"product_brand","embeddable":true,"href":"https:\/\/siemid.com\/es\/wp-json\/wp\/v2\/product_brand?post=40491"},{"taxonomy":"product_cat","embeddable":true,"href":"https:\/\/siemid.com\/es\/wp-json\/wp\/v2\/product_cat?post=40491"},{"taxonomy":"product_tag","embeddable":true,"href":"https:\/\/siemid.com\/es\/wp-json\/wp\/v2\/product_tag?post=40491"}],"curies":[{"name":"wp","href":"https:\/\/api.w.org\/{rel}","templated":true}]}}