{"id":40492,"date":"2023-12-09T06:59:32","date_gmt":"2023-12-09T06:59:32","guid":{"rendered":"https:\/\/siemid.com\/?post_type=product&#038;p=40492"},"modified":"2026-05-10T17:57:19","modified_gmt":"2026-05-10T17:57:19","slug":"front-grill-compatible-with-volkswagen-jetta-mk6-2015-2016-2017-insert-bumper-upper-center-grille","status":"publish","type":"product","link":"https:\/\/siemid.com\/es\/producto\/front-grill-compatible-with-volkswagen-jetta-mk6-2015-2016-2017-insert-bumper-upper-center-grille\/","title":{"rendered":"Parrilla delantera compatible con Volkswagen Jetta MK6 2015 2016 2017 Insertar parachoques superior rejilla central"},"content":{"rendered":"<h2 class=\"default\">Descripci\u00f3n del producto<\/h2>\n<div id=\"productDescription\" class=\"a-section a-spacing-small\">\n<p>&gt;&gt;&gt; Excelente calidad: Color negro brillante con adornos cromados, hecho de material pl\u00e1stico ABS ligero de alta calidad, duradero y fiable. Alta resistencia, resistencia al impacto se desvanecen y resistente a la oxidaci\u00f3n.<br \/>\n&gt;&gt;&gt; Proporciona un aspecto elegante y personalizado, protecci\u00f3n anticolisi\u00f3n, protege la parte delantera de su veh\u00edculo, evita que materiales extra\u00f1os entren en la entrada de aire y da\u00f1en el motor.<br \/>\n&gt;&gt;&gt; Apariencia distintiva: Dise\u00f1o \u00fanico de la parrilla, mejorar el impacto visual, crear un nuevo aspecto ic\u00f3nico, una gran actualizaci\u00f3n de su veh\u00edculo.<br \/>\n&gt;&gt;&gt; Instalaci\u00f3n profesional es muy recomendable: F\u00e1cil de instalar, sin necesidad de modificaci\u00f3n, atornillado directo para reemplazarlo. Instrucciones no incluidas.<\/p>\n<\/div>","protected":false},"excerpt":{"rendered":"<ul class=\"a-unordered-list a-vertical a-spacing-mini\">\n<li class=\"a-spacing-mini\"><span class=\"a-list-item\">&gt;&gt;&gt; Excelente calidad: Color negro brillante con adornos cromados, hecho de material pl\u00e1stico ABS ligero de alta calidad, duradero y fiable. Alta resistencia, resistencia al impacto se desvanecen y resistente a la oxidaci\u00f3n.<\/span><\/li>\n<li class=\"a-spacing-mini\"><span class=\"a-list-item\">&gt;&gt;&gt; Proporciona un aspecto elegante y personalizado, protecci\u00f3n anticolisi\u00f3n, protege la parte delantera de su veh\u00edculo, evita que materiales extra\u00f1os entren en la entrada de aire y da\u00f1en el motor.<\/span><\/li>\n<li class=\"a-spacing-mini\"><span class=\"a-list-item\">&gt;&gt;&gt; Apariencia distintiva: Dise\u00f1o \u00fanico de la parrilla, mejorar el impacto visual, crear un nuevo aspecto ic\u00f3nico, una gran actualizaci\u00f3n de su veh\u00edculo.<\/span><\/li>\n<li class=\"a-spacing-mini\"><span class=\"a-list-item\">&gt;&gt;&gt; Instalaci\u00f3n profesional es muy recomendable: F\u00e1cil de instalar, sin necesidad de modificaci\u00f3n, atornillado directo para reemplazarlo. Instrucciones no incluidas.<\/span><\/li>\n<\/ul>","protected":false},"featured_media":40494,"comment_status":"open","ping_status":"closed","template":"","meta":{"_acf_changed":false,"om_disable_all_campaigns":false,"inline_featured_image":false,"_mi_skip_tracking":false,"_monsterinsights_sitenote_active":false,"_monsterinsights_sitenote_note":"","_monsterinsights_sitenote_category":0},"product_brand":[],"product_cat":[587],"product_tag":[135147],"class_list":{"0":"post-40492","1":"product","2":"type-product","3":"status-publish","4":"has-post-thumbnail","6":"product_cat-replacement-grilles","7":"product_tag-warehouse-location-united-states","8":"product_shipping_class-us-stock-flat","9":"pa_compatibility-2015-volkswagen-jetta","11":"first","12":"instock","13":"sale","14":"featured","15":"shipping-taxable","16":"purchasable","17":"product-type-simple"},"acf":[],"aioseo_notices":[],"_links":{"self":[{"href":"https:\/\/siemid.com\/es\/wp-json\/wp\/v2\/product\/40492","targetHints":{"allow":["GET"]}}],"collection":[{"href":"https:\/\/siemid.com\/es\/wp-json\/wp\/v2\/product"}],"about":[{"href":"https:\/\/siemid.com\/es\/wp-json\/wp\/v2\/types\/product"}],"replies":[{"embeddable":true,"href":"https:\/\/siemid.com\/es\/wp-json\/wp\/v2\/comments?post=40492"}],"wp:featuredmedia":[{"embeddable":true,"href":"https:\/\/siemid.com\/es\/wp-json\/wp\/v2\/media\/40494"}],"wp:attachment":[{"href":"https:\/\/siemid.com\/es\/wp-json\/wp\/v2\/media?parent=40492"}],"wp:term":[{"taxonomy":"product_brand","embeddable":true,"href":"https:\/\/siemid.com\/es\/wp-json\/wp\/v2\/product_brand?post=40492"},{"taxonomy":"product_cat","embeddable":true,"href":"https:\/\/siemid.com\/es\/wp-json\/wp\/v2\/product_cat?post=40492"},{"taxonomy":"product_tag","embeddable":true,"href":"https:\/\/siemid.com\/es\/wp-json\/wp\/v2\/product_tag?post=40492"}],"curies":[{"name":"wp","href":"https:\/\/api.w.org\/{rel}","templated":true}]}}