{"id":40527,"date":"2023-12-14T13:29:59","date_gmt":"2023-12-14T13:29:59","guid":{"rendered":"https:\/\/siemid.com\/?post_type=product&#038;p=40527"},"modified":"2023-12-14T13:42:03","modified_gmt":"2023-12-14T13:42:03","slug":"fog-driving-lights-lamps-left-right-set-for-1996-1998-ford-mustang-gt-gt","status":"publish","type":"product","link":"https:\/\/siemid.com\/es\/producto\/fog-driving-lights-lamps-left-right-set-for-1996-1998-ford-mustang-gt-gt\/","title":{"rendered":"Faros antiniebla de conducci\u00f3n Izquierda y Derecha Juego Para 1996-1998 Ford Mustang GT"},"content":{"rendered":"<p>Adaptaci\u00f3n<\/br>\u00a1Por favor, compruebe la parte superior Automotive Fitment Filter y Descripci\u00f3n para ver si este art\u00edculo funcionar\u00e1 en su veh\u00edculo antes de comprar!<\/br><\/br>Condici\u00f3n<\/br>100% Nuevo en embalaje de f\u00e1brica, nunca usado ni instalado. garantiza la calidad y el rendimiento del producto.<\/br><\/br>Art\u00edculo_ofrecido<\/br>Incluye: Kit de soporte Incluye<\/br>El kit incluye: () Antiniebla lado conductor con soporte<\/br>Cantidad: 2 piezas<\/br>Art\u00edculos incluidos: () Antiniebla lado conductor con soporte,() Antiniebla lado pasajero con soporte<\/br><\/br>Posici\u00f3n<\/br>Colocaci\u00f3n en el veh\u00edculo: Delantero,Izquierdo,Derecho<\/br><\/br>N\u00famero_de_pieza<\/br>1ALFP00079,FO2592181,FO2593181,15200<\/br><\/br>Iluminaci\u00f3n Forma de la carcasa<\/br>Rectangular<\/br><\/br>Tipo<\/br>Juego de niebla<\/br><\/br>Garant\u00eda<\/br>: Los conjuntos incluyen bombillas de prueba que deben sustituirse antes de la instalaci\u00f3n<\/p>","protected":false},"excerpt":{"rendered":"<p>\u00a1Adaptaci\u00f3n:Por favor, compruebe la parte superior del filtro de adaptaci\u00f3n de autom\u00f3viles y Descripci\u00f3n para ver si este art\u00edculo va a trabajar en su veh\u00edculo antes de comprar!<br \/>\nIncluye: Kit de soporte Incluye<br \/>\nEl kit incluye: () Antiniebla lado conductor con soporte<br \/>\nCantidad: 2 piezas<br \/>\nArt\u00edculos incluidos: () Antiniebla lado conductor con soporte,() Antiniebla lado pasajero con soporte<\/p>","protected":false},"featured_media":40557,"comment_status":"open","ping_status":"closed","template":"","meta":{"_acf_changed":false,"om_disable_all_campaigns":false,"inline_featured_image":false,"_mi_skip_tracking":false,"_monsterinsights_sitenote_active":false,"_monsterinsights_sitenote_note":"","_monsterinsights_sitenote_category":0},"product_brand":[],"product_cat":[554],"product_tag":[135147],"class_list":{"0":"post-40527","1":"product","2":"type-product","3":"status-publish","4":"has-post-thumbnail","6":"product_cat-fog-lights-automotive-lighting","7":"product_tag-warehouse-location-united-states","8":"product_shipping_class-us-stock-flat","9":"pa_compatibility-1996-ford-mustang-gt","11":"first","12":"instock","13":"sale","14":"shipping-taxable","15":"purchasable","16":"product-type-simple"},"acf":[],"aioseo_notices":[],"_links":{"self":[{"href":"https:\/\/siemid.com\/es\/wp-json\/wp\/v2\/product\/40527","targetHints":{"allow":["GET"]}}],"collection":[{"href":"https:\/\/siemid.com\/es\/wp-json\/wp\/v2\/product"}],"about":[{"href":"https:\/\/siemid.com\/es\/wp-json\/wp\/v2\/types\/product"}],"replies":[{"embeddable":true,"href":"https:\/\/siemid.com\/es\/wp-json\/wp\/v2\/comments?post=40527"}],"wp:featuredmedia":[{"embeddable":true,"href":"https:\/\/siemid.com\/es\/wp-json\/wp\/v2\/media\/40557"}],"wp:attachment":[{"href":"https:\/\/siemid.com\/es\/wp-json\/wp\/v2\/media?parent=40527"}],"wp:term":[{"taxonomy":"product_brand","embeddable":true,"href":"https:\/\/siemid.com\/es\/wp-json\/wp\/v2\/product_brand?post=40527"},{"taxonomy":"product_cat","embeddable":true,"href":"https:\/\/siemid.com\/es\/wp-json\/wp\/v2\/product_cat?post=40527"},{"taxonomy":"product_tag","embeddable":true,"href":"https:\/\/siemid.com\/es\/wp-json\/wp\/v2\/product_tag?post=40527"}],"curies":[{"name":"wp","href":"https:\/\/api.w.org\/{rel}","templated":true}]}}