{"id":40530,"date":"2023-12-14T13:30:00","date_gmt":"2023-12-14T13:30:00","guid":{"rendered":"https:\/\/siemid.com\/?post_type=product&#038;p=40530"},"modified":"2023-12-14T13:42:02","modified_gmt":"2023-12-14T13:42:02","slug":"for-2005-2012-frontier-pathfinder-sentra-fog-driving-lights-lamps-left-set","status":"publish","type":"product","link":"https:\/\/siemid.com\/es\/producto\/for-2005-2012-frontier-pathfinder-sentra-fog-driving-lights-lamps-left-set\/","title":{"rendered":"Para 2005-2012 Frontier Pathfinder Sentra Faros antiniebla izquierda y juego"},"content":{"rendered":"<p>Qu\u00e9 es la niebla <\/br>El antiniebla es un sistema de iluminaci\u00f3n especializado montado en la parte baja de la parte delantera de un veh\u00edculo que est\u00e1 dise\u00f1ado para ayudar a los conductores a ver con mayor claridad en condiciones de niebla o inclemencias meteorol\u00f3gicas. <\/br>A diferencia de los faros, que est\u00e1n dise\u00f1ados para iluminar la carretera por delante, los faros antiniebla se colocan m\u00e1s cerca del suelo y producen un haz de luz ancho y plano destinado a penetrar a trav\u00e9s de la niebla y reflejarse menos en los ojos del conductor. Esto ayuda a mejorar la visibilidad y reducir el deslumbramiento en condiciones de niebla, neblina u otras condiciones de baja visibilidad.<\/br><\/br>Adaptaci\u00f3n<\/br>\u00a1Por favor, compruebe la parte superior Automotive Fitment Filter y Descripci\u00f3n para ver si este art\u00edculo funcionar\u00e1 en su veh\u00edculo antes de comprar!<\/br><\/br>Condici\u00f3n<\/br>100% Nuevo en embalaje de f\u00e1brica, nunca usado ni instalado. garantiza la calidad y el rendimiento del producto.<\/br><\/br>Art\u00edculo_ofrecido<\/br>El kit incluye: () Antiniebla Lado Conductor <\/br>Cantidad: 2 piezas<\/br>Art\u00edculos incluidos: () Antiniebla lado conductor ,() Antiniebla lado pasajero <\/br><\/br>Posici\u00f3n<\/br>Colocaci\u00f3n en el veh\u00edculo: Delantero,Izquierdo,Derecho<\/br><\/br>N\u00famero_de_pieza<\/br>1ALFP00315<\/br><\/br>Tipo<\/br>Juego de niebla<\/br><\/br>Garant\u00eda<\/br>: Los conjuntos incluyen bombillas de prueba que deben sustituirse antes de la instalaci\u00f3n<\/br><\/br>C\u00f3mo instalar Fog <\/br>Monte los faros antiniebla: Utilice la torniller\u00eda de montaje incluida con su kit para montar los faros antiniebla en la ubicaci\u00f3n deseada. <\/br>2.Instale el cableado: Tienda el cableado desde los faros antiniebla hasta la bater\u00eda y\/o la caja de fusibles del veh\u00edculo, siguiendo las instrucciones del fabricante para tender el cableado y realizar las conexiones necesarias.<\/br>3.Instale el interruptor: Instale el interruptor antiniebla en un lugar conveniente del interior del veh\u00edculo. Aseg\u00farese de seguir las instrucciones del fabricante para cablear el interruptor a las luces y al sistema el\u00e9ctrico del veh\u00edculo.<\/br>4.Pruebe las luces: Una vez finalizada la instalaci\u00f3n, prueba las luces antiniebla para asegurarte de que funcionan correctamente.<\/p>","protected":false},"excerpt":{"rendered":"<p>\u00a1Adaptaci\u00f3n:Por favor, compruebe la parte superior del filtro de adaptaci\u00f3n de autom\u00f3viles y Descripci\u00f3n para ver si este art\u00edculo va a trabajar en su veh\u00edculo antes de comprar!<br \/>\nColocaci\u00f3n en el veh\u00edculo: Delantero,Izquierdo,Derecho<br \/>\nPart_Number:1ALFP00315<br \/>\nTipo:Fog Set<br \/>\n: Los conjuntos incluyen bombillas de prueba que deben sustituirse antes de la instalaci\u00f3n<\/p>","protected":false},"featured_media":40581,"comment_status":"open","ping_status":"closed","template":"","meta":{"_acf_changed":false,"om_disable_all_campaigns":false,"inline_featured_image":false,"_mi_skip_tracking":false,"_monsterinsights_sitenote_active":false,"_monsterinsights_sitenote_note":"","_monsterinsights_sitenote_category":0},"product_brand":[],"product_cat":[554],"product_tag":[135147],"class_list":{"0":"post-40530","1":"product","2":"type-product","3":"status-publish","4":"has-post-thumbnail","6":"product_cat-fog-lights-automotive-lighting","7":"product_tag-warehouse-location-united-states","8":"product_shipping_class-us-stock-flat","9":"pa_compatibility-2005-nissan-frontier","10":"pa_compatibility-2005-nissan-pathfinder","12":"first","13":"instock","14":"sale","15":"shipping-taxable","16":"purchasable","17":"product-type-simple"},"acf":[],"aioseo_notices":[],"_links":{"self":[{"href":"https:\/\/siemid.com\/es\/wp-json\/wp\/v2\/product\/40530","targetHints":{"allow":["GET"]}}],"collection":[{"href":"https:\/\/siemid.com\/es\/wp-json\/wp\/v2\/product"}],"about":[{"href":"https:\/\/siemid.com\/es\/wp-json\/wp\/v2\/types\/product"}],"replies":[{"embeddable":true,"href":"https:\/\/siemid.com\/es\/wp-json\/wp\/v2\/comments?post=40530"}],"wp:featuredmedia":[{"embeddable":true,"href":"https:\/\/siemid.com\/es\/wp-json\/wp\/v2\/media\/40581"}],"wp:attachment":[{"href":"https:\/\/siemid.com\/es\/wp-json\/wp\/v2\/media?parent=40530"}],"wp:term":[{"taxonomy":"product_brand","embeddable":true,"href":"https:\/\/siemid.com\/es\/wp-json\/wp\/v2\/product_brand?post=40530"},{"taxonomy":"product_cat","embeddable":true,"href":"https:\/\/siemid.com\/es\/wp-json\/wp\/v2\/product_cat?post=40530"},{"taxonomy":"product_tag","embeddable":true,"href":"https:\/\/siemid.com\/es\/wp-json\/wp\/v2\/product_tag?post=40530"}],"curies":[{"name":"wp","href":"https:\/\/api.w.org\/{rel}","templated":true}]}}