{"id":40572,"date":"2023-12-14T13:30:35","date_gmt":"2023-12-14T13:30:35","guid":{"rendered":"https:\/\/siemid.com\/?post_type=product&#038;p=40572"},"modified":"2023-12-14T13:41:56","modified_gmt":"2023-12-14T13:41:56","slug":"for-ford-2005-2007-focus-fog-driving-light-lamp-right-passenger-side","status":"publish","type":"product","link":"https:\/\/siemid.com\/es\/producto\/for-ford-2005-2007-focus-fog-driving-light-lamp-right-passenger-side\/","title":{"rendered":"Para Ford 2005-2007 Focus antiniebla luz de conducci\u00f3n del lado derecho del pasajero"},"content":{"rendered":"<p>Adaptaci\u00f3n<\/br>\u00a1Por favor, compruebe la parte superior Automotive Fitment Filter y Descripci\u00f3n para ver si este art\u00edculo funcionar\u00e1 en su veh\u00edculo antes de comprar!<\/br><\/br>Condici\u00f3n<\/br>100% Nuevo en embalaje de f\u00e1brica, nunca utilizado ni instalado. Garantiza la calidad y el rendimiento del producto.<\/br><\/br>Posici\u00f3n<\/br>Colocaci\u00f3n en el veh\u00edculo: Delantero,Derecho<\/br><\/br>N\u00famero_de_pieza<\/br>LHT00527,330-2020R-AS,FO2593218,15200,116-03319R<\/br><\/br>Tipo<\/br>Luz antiniebla<\/br><\/br>Garant\u00eda<\/br>: Los conjuntos incluyen bombillas de prueba que deben sustituirse antes de la instalaci\u00f3n<\/p>","protected":false},"excerpt":{"rendered":"<p>\u00a1Adaptaci\u00f3n:Por favor, compruebe la parte superior del filtro de adaptaci\u00f3n de autom\u00f3viles y Descripci\u00f3n para ver si este art\u00edculo va a trabajar en su veh\u00edculo antes de comprar!<br \/>\nColocaci\u00f3n en el veh\u00edculo: Delantero,Derecho<br \/>\nPart_Number:LHT00527,330-2020R-AS,FO2593218,15200,116-03319R<br \/>\n: Los conjuntos incluyen bombillas de prueba que deben sustituirse antes de la instalaci\u00f3n<br \/>\nEstado: 100% Nuevo en embalaje de f\u00e1brica, nunca usado ni instalado. Garantiza la calidad y el rendimiento del producto.<\/p>","protected":false},"featured_media":40781,"comment_status":"open","ping_status":"closed","template":"","meta":{"_acf_changed":false,"om_disable_all_campaigns":false,"inline_featured_image":false,"_mi_skip_tracking":false,"_monsterinsights_sitenote_active":false,"_monsterinsights_sitenote_note":"","_monsterinsights_sitenote_category":0},"product_brand":[],"product_cat":[554],"product_tag":[135147],"class_list":{"0":"post-40572","1":"product","2":"type-product","3":"status-publish","4":"has-post-thumbnail","6":"product_cat-fog-lights-automotive-lighting","7":"product_tag-warehouse-location-united-states","8":"product_shipping_class-us-stock-flat","9":"pa_compatibility-2005-ford-focus","11":"first","12":"instock","13":"sale","14":"shipping-taxable","15":"purchasable","16":"product-type-simple"},"acf":[],"aioseo_notices":[],"_links":{"self":[{"href":"https:\/\/siemid.com\/es\/wp-json\/wp\/v2\/product\/40572","targetHints":{"allow":["GET"]}}],"collection":[{"href":"https:\/\/siemid.com\/es\/wp-json\/wp\/v2\/product"}],"about":[{"href":"https:\/\/siemid.com\/es\/wp-json\/wp\/v2\/types\/product"}],"replies":[{"embeddable":true,"href":"https:\/\/siemid.com\/es\/wp-json\/wp\/v2\/comments?post=40572"}],"wp:featuredmedia":[{"embeddable":true,"href":"https:\/\/siemid.com\/es\/wp-json\/wp\/v2\/media\/40781"}],"wp:attachment":[{"href":"https:\/\/siemid.com\/es\/wp-json\/wp\/v2\/media?parent=40572"}],"wp:term":[{"taxonomy":"product_brand","embeddable":true,"href":"https:\/\/siemid.com\/es\/wp-json\/wp\/v2\/product_brand?post=40572"},{"taxonomy":"product_cat","embeddable":true,"href":"https:\/\/siemid.com\/es\/wp-json\/wp\/v2\/product_cat?post=40572"},{"taxonomy":"product_tag","embeddable":true,"href":"https:\/\/siemid.com\/es\/wp-json\/wp\/v2\/product_tag?post=40572"}],"curies":[{"name":"wp","href":"https:\/\/api.w.org\/{rel}","templated":true}]}}