{"id":40626,"date":"2023-12-14T13:32:05","date_gmt":"2023-12-14T13:32:05","guid":{"rendered":"https:\/\/siemid.com\/?post_type=product&#038;p=40626"},"modified":"2023-12-14T13:41:54","modified_gmt":"2023-12-14T13:41:54","slug":"for-05-06-chevy-equinox-headlight-fog-driving-light-lamp-kit-left-set-of-4","status":"publish","type":"product","link":"https:\/\/siemid.com\/es\/producto\/for-05-06-chevy-equinox-headlight-fog-driving-light-lamp-kit-left-set-of-4\/","title":{"rendered":"Para 05-06 Chevy Equinox faros antiniebla Kit de luces de conducci\u00f3n a la izquierda Juego de 4"},"content":{"rendered":"<p>Qu\u00e9 es la niebla <\/br>El antiniebla es un sistema de iluminaci\u00f3n especializado montado en la parte baja de la parte delantera de un veh\u00edculo que est\u00e1 dise\u00f1ado para ayudar a los conductores a ver con mayor claridad en condiciones de niebla o inclemencias meteorol\u00f3gicas. <\/br>A diferencia de los faros, que est\u00e1n dise\u00f1ados para iluminar la carretera por delante, los faros antiniebla se colocan m\u00e1s cerca del suelo y producen un haz de luz ancho y plano destinado a penetrar a trav\u00e9s de la niebla y reflejarse menos en los ojos del conductor. Esto ayuda a mejorar la visibilidad y reducir el deslumbramiento en condiciones de niebla, neblina u otras condiciones de baja visibilidad.<\/br><\/br>Adaptaci\u00f3n<\/br>\u00a1Por favor, compruebe la parte superior Automotive Fitment Filter y Descripci\u00f3n para ver si este art\u00edculo funcionar\u00e1 en su veh\u00edculo antes de comprar!<\/br><\/br>Condici\u00f3n<\/br>100% Nuevo en embalaje de f\u00e1brica, nunca usado ni instalado. garantiza la calidad y el rendimiento del producto.<\/br><\/br>Art\u00edculo_ofrecido<\/br>El kit incluye: (2) Faros antiniebla<\/br>Cantidad: 4 Piezas<\/br>Art\u00edculos incluidos: (2) Faros antiniebla, (2) Faros delanteros<\/br><\/br>Posici\u00f3n<\/br>Colocaci\u00f3n en el veh\u00edculo: Delantero,Izquierdo,Derecho<\/br><\/br>N\u00famero_de_pieza<\/br>GM2502254,15162675,GM2503254,116-2379,114-00882L,LHT04212,GM2592149,15888058,15888059,20-6586-00-,5490194,114-00881R,5490195<\/br><\/br>DOT\/SAE<\/br>S\u00ed<\/br><\/br>Tecnolog\u00eda de iluminaci\u00f3n<\/br>Hal\u00f3geno<\/br><\/br>Tipo<\/br>Kit de iluminaci\u00f3n<\/br><\/br>Garant\u00eda<\/br>: Los conjuntos incluyen bombillas de prueba que deben sustituirse antes de la instalaci\u00f3n<\/br><\/br>Funci\u00f3n<\/br>Los faros antiniebla se dividen en faros antiniebla delanteros y faros antiniebla traseros, que est\u00e1n dise\u00f1ados para ayudar a ver mejor el suelo en circunstancias de baja visibilidad o para ayudar a interpretar la distancia para detener colisiones.<\/p>","protected":false},"excerpt":{"rendered":"<p>\u00a1Adaptaci\u00f3n:Por favor, compruebe la parte superior del filtro de adaptaci\u00f3n de autom\u00f3viles y Descripci\u00f3n para ver si este art\u00edculo va a trabajar en su veh\u00edculo antes de comprar!<br \/>\nColocaci\u00f3n en el veh\u00edculo: Delantero,Izquierdo,Derecho<br \/>\nPart_Number:GM2502254,15162675,GM2503254,116-2379,114-00882L,LHT04212,GM2592149,15888058,15888059,20-6586-00-,5490194,114-00881R,5490195<br \/>\nTecnolog\u00eda de iluminaci\u00f3n:Hal\u00f3gena<br \/>\nTipo:Kit de iluminaci\u00f3n<\/p>","protected":false},"featured_media":40821,"comment_status":"open","ping_status":"closed","template":"","meta":{"_acf_changed":false,"om_disable_all_campaigns":false,"inline_featured_image":false,"_mi_skip_tracking":false,"_monsterinsights_sitenote_active":false,"_monsterinsights_sitenote_note":"","_monsterinsights_sitenote_category":0},"product_brand":[],"product_cat":[554],"product_tag":[135147],"class_list":{"0":"post-40626","1":"product","2":"type-product","3":"status-publish","4":"has-post-thumbnail","6":"product_cat-fog-lights-automotive-lighting","7":"product_tag-warehouse-location-united-states","8":"product_shipping_class-us-stock-flat","9":"pa_compatibility-2005-chevy-equinox","11":"first","12":"instock","13":"sale","14":"shipping-taxable","15":"purchasable","16":"product-type-simple"},"acf":[],"aioseo_notices":[],"_links":{"self":[{"href":"https:\/\/siemid.com\/es\/wp-json\/wp\/v2\/product\/40626","targetHints":{"allow":["GET"]}}],"collection":[{"href":"https:\/\/siemid.com\/es\/wp-json\/wp\/v2\/product"}],"about":[{"href":"https:\/\/siemid.com\/es\/wp-json\/wp\/v2\/types\/product"}],"replies":[{"embeddable":true,"href":"https:\/\/siemid.com\/es\/wp-json\/wp\/v2\/comments?post=40626"}],"wp:featuredmedia":[{"embeddable":true,"href":"https:\/\/siemid.com\/es\/wp-json\/wp\/v2\/media\/40821"}],"wp:attachment":[{"href":"https:\/\/siemid.com\/es\/wp-json\/wp\/v2\/media?parent=40626"}],"wp:term":[{"taxonomy":"product_brand","embeddable":true,"href":"https:\/\/siemid.com\/es\/wp-json\/wp\/v2\/product_brand?post=40626"},{"taxonomy":"product_cat","embeddable":true,"href":"https:\/\/siemid.com\/es\/wp-json\/wp\/v2\/product_cat?post=40626"},{"taxonomy":"product_tag","embeddable":true,"href":"https:\/\/siemid.com\/es\/wp-json\/wp\/v2\/product_tag?post=40626"}],"curies":[{"name":"wp","href":"https:\/\/api.w.org\/{rel}","templated":true}]}}