{"id":40878,"date":"2023-12-14T15:38:26","date_gmt":"2023-12-14T15:38:26","guid":{"rendered":"https:\/\/siemid.com\/?post_type=product&#038;p=40878"},"modified":"2023-12-14T15:44:04","modified_gmt":"2023-12-14T15:44:04","slug":"siemid-new-generation-led-fog-lights-lamp-retrofit-and-upgraded-for-peugeot-206-207-307-407-4007-408-607-2008-3008-4008-5008-2002-2003-2004-2005-2006-2007-2009-2010-2011-2012-2013-2014-2015-2016-2017","status":"publish","type":"product","link":"https:\/\/siemid.com\/es\/producto\/siemid-new-generation-led-fog-lights-lamp-retrofit-and-upgraded-for-peugeot-206-207-307-407-4007-408-607-2008-3008-4008-5008-2002-2003-2004-2005-2006-2007-2009-2010-2011-2012-2013-2014-2015-2016-2017\/","title":{"rendered":"SIEMID Nueva Generaci\u00f3n led luces antiniebla l\u00e1mpara Retrofit y actualizado Para Peugeot 206 207 307 407 4007 408 607 2008 3008 4008 5008 2002 2003 2004 2005 2006 2007 2009 2010 2011 2012 2013 2014 2015 2016 2017"},"content":{"rendered":"<div class=\"a-expander-content a-expander-partial-collapse-content a-expander-content-expanded\" aria-expanded=\"true\">\n<div id=\"productDescription\" class=\"a-section a-spacing-small\">\n<p>Nueva Generaci\u00f3n LED Fog Light Upgrade Kit. Este art\u00edculo se ajusta como piezas de repuesto que vienen preinstalados con faros antiniebla. Estos son los nuevos faros antiniebla LED que sustituyen a los hal\u00f3genos. El \u00e1ngulo de iluminaci\u00f3n es muy amplio (130 grados a la izquierda y derecha), y la l\u00ednea de corte es clara y sharp.Approval ECE F3 SAE DOT. Su veh\u00edculo debe tener los faros antiniebla hal\u00f3genos ya equipados. Este kit ser\u00eda grande para que usted pueda actualizar como una actualizaci\u00f3n de LED especialmente a negro nuestro su veh\u00edculo.. Usted recibe las dos luces antiniebla. Si desea darle vida a la mirada de su veh\u00edculo o si desea m\u00e1s claridad mientras se est\u00e1 conduciendo no mater lo que las condiciones meteorol\u00f3gicas esto podr\u00eda ayudarle en ambas situaciones. Esto mejorar\u00e1 la visibilidad durante la noche, niebla densa, fuerte lluvia y nieve.<br \/>\n<strong>Las caracter\u00edsticas incluyen:<\/strong><br \/>\n.Come Complete<br \/>\no Bombillas LED de alta potencia.<br \/>\no \u00c1ngulo de cobertura extra ancho.<br \/>\no Reutilizar el hardware existente.<br \/>\no Instrucciones completas incluidas.<br \/>\n<strong>SUSTITUYE A LOS FAROS ANTINIEBLA HAL\u00d3GENOS ORIGINALES N\u00daMEROS<\/strong><br \/>\n1209177<br \/>\n1209077<br \/>\n620662<br \/>\n4709052<br \/>\n8321A097<br \/>\n5001874722<br \/>\n26155-00Q0A<br \/>\n35500-63J00<br \/>\n35500-63J03<br \/>\n088358<br \/>\n26150-VD300<br \/>\n26150-EB500<br \/>\n35500-63J02<br \/>\n6710027<br \/>\n8200074008<br \/>\nC2S1740<br \/>\n<strong>SE ADAPTA:<\/strong><br \/>\n<strong>Peugeot<\/strong><br \/>\nPeugeot107 2005-2012<br \/>\nPeugeot206 2005-2012<br \/>\nPeugeot207 2005-2012<br \/>\nPeugeot307 2004-2012<br \/>\nPeugeot 308 T9 2013-2018<br \/>\nPeugeot 308 \u2161 2013-2018<br \/>\nPeugeot407 2004- 2011<br \/>\nPeugeot408 2014-2019<br \/>\nPeugeot4007 2007-2012<br \/>\nPeugeot607 2004-2011<br \/>\nPeugeot2008 2013-2019<br \/>\nPeugeot3008 2008-2019<br \/>\nPeugeot4008 2012-207<br \/>\nPeugeot5008 2009-2019<\/p>\n<\/div>\n<\/div>\n<div id=\"productDescription_expander-expand_collapse_link\" class=\"a-expander-header a-expander-partial-collapse-header celwidget\" data-csa-c-id=\"i1n3ak-d9zvbw-xz19zs-6wlspo\" data-cel-widget=\"productDescription_expander-expand_collapse_link\"><\/div>","protected":false},"excerpt":{"rendered":"<ul class=\"a-unordered-list a-vertical a-spacing-mini\">\n<li class=\"a-spacing-mini\"><span class=\"a-list-item\">Utiliza la lente de enfoque puntual LED m\u00e1s avanzada. A diferencia del cristal tradicional, la lente de enfoque puntual utiliza un proceso de moldeo por inyecci\u00f3n de pl\u00e1stico, de modo que se puede formar la compleja superficie curva calculada por ordenador. La lente de enfoque puntual utiliza un dise\u00f1o hiperboloide, que tiene una mayor eficiencia \u00f3ptica y un tipo de luz m\u00e1s amplia, por lo que este tipo de lente puede realizar la funci\u00f3n de luz antiniebla y la funci\u00f3n de iluminaci\u00f3n auxiliar de la curva al mismo tiempo.<\/span><\/li>\n<li class=\"a-spacing-mini\"><span class=\"a-list-item\">Este faro antiniebla es compatible con la mayor\u00eda de los coches Peugeot faros antiniebla agujeros de montaje y la interfaz de bombilla hal\u00f3gena (H11 H9 H8) en el mercado, y tiene una gran versatilidad y es muy conveniente para las actualizaciones y modificaciones.<\/span><\/li>\n<li class=\"a-spacing-mini\"><span class=\"a-list-item\">Siemid Autolights-se centra en la investigaci\u00f3n, el desarrollo y la fabricaci\u00f3n de l\u00e1mparas para autom\u00f3viles. La esencia de la industria, liderando la tendencia de la industria. Nos comprometemos a fabricar productos seguros y satisfactorios para los consumidores. Bienvenido a elegir.<\/span><\/li>\n<li class=\"a-spacing-mini\"><span class=\"a-list-item\">Alta calidad, 1 a\u00f1o de garant\u00eda. Embalaje: dos paquetes<\/span><\/li>\n<li class=\"a-spacing-mini\"><span class=\"a-list-item\">Con el fin de evitar errores, por favor, compruebe su tama\u00f1o y forma, el tama\u00f1o es de 90 mm de di\u00e1metro (forma redonda).<\/span><\/li>\n<li class=\"a-spacing-mini\"><\/li>\n<\/ul>","protected":false},"featured_media":40472,"comment_status":"open","ping_status":"closed","template":"","meta":{"_acf_changed":false,"om_disable_all_campaigns":false,"inline_featured_image":false,"_mi_skip_tracking":false,"_monsterinsights_sitenote_active":false,"_monsterinsights_sitenote_note":"","_monsterinsights_sitenote_category":0},"product_brand":[],"product_cat":[554],"product_tag":[135147],"class_list":{"0":"post-40878","1":"product","2":"type-product","3":"status-publish","4":"has-post-thumbnail","6":"product_cat-fog-lights-automotive-lighting","7":"product_tag-warehouse-location-united-states","8":"product_shipping_class-us-stock-flat","9":"pa_compatibility-2000-ford-transit-mk6","10":"pa_compatibility-2000-ford-transit-mk7","11":"pa_compatibility-2001-ford-fiesta","12":"pa_compatibility-2003-ford-ecosport","13":"pa_compatibility-2004-ford-focus","14":"pa_compatibility-2005-ford-freestyle","15":"pa_compatibility-2006-ford-transit-vm","16":"pa_compatibility-2008-ford-taurus-x","17":"pa_compatibility-2010-ford-c-max","18":"pa_compatibility-2010-ford-transit","19":"pa_compatibility-2010-ford-transit-connect","20":"pa_compatibility-2011-ford-explorer","21":"pa_compatibility-2013-ford-fusion","22":"pa_compatibility-2013-ford-mondeo","23":"pa_compatibility-2014-ford-transit-mk8","24":"pa_compatibility-2015-ford-edge","25":"pa_compatibility-2015-ford-escort","26":"pa_compatibility-2015-ford-transit-250-2","27":"pa_compatibility-2019-ford-ranger","28":"pa_compatibility-2021-ford-bronco","30":"first","31":"instock","32":"sale","33":"shipping-taxable","34":"purchasable","35":"product-type-simple"},"acf":[],"aioseo_notices":[],"_links":{"self":[{"href":"https:\/\/siemid.com\/es\/wp-json\/wp\/v2\/product\/40878","targetHints":{"allow":["GET"]}}],"collection":[{"href":"https:\/\/siemid.com\/es\/wp-json\/wp\/v2\/product"}],"about":[{"href":"https:\/\/siemid.com\/es\/wp-json\/wp\/v2\/types\/product"}],"replies":[{"embeddable":true,"href":"https:\/\/siemid.com\/es\/wp-json\/wp\/v2\/comments?post=40878"}],"wp:featuredmedia":[{"embeddable":true,"href":"https:\/\/siemid.com\/es\/wp-json\/wp\/v2\/media\/40472"}],"wp:attachment":[{"href":"https:\/\/siemid.com\/es\/wp-json\/wp\/v2\/media?parent=40878"}],"wp:term":[{"taxonomy":"product_brand","embeddable":true,"href":"https:\/\/siemid.com\/es\/wp-json\/wp\/v2\/product_brand?post=40878"},{"taxonomy":"product_cat","embeddable":true,"href":"https:\/\/siemid.com\/es\/wp-json\/wp\/v2\/product_cat?post=40878"},{"taxonomy":"product_tag","embeddable":true,"href":"https:\/\/siemid.com\/es\/wp-json\/wp\/v2\/product_tag?post=40878"}],"curies":[{"name":"wp","href":"https:\/\/api.w.org\/{rel}","templated":true}]}}