{"id":41013,"date":"2024-01-04T15:10:47","date_gmt":"2024-01-04T15:10:47","guid":{"rendered":"https:\/\/siemid.com\/?post_type=product&#038;p=41013"},"modified":"2026-01-07T18:20:06","modified_gmt":"2026-01-07T18:20:06","slug":"new-generation-led-fog-lights-retrofit-upgraded-for-honda-acura-nissan-subaru-ford-mitsubishi-lincoln-porsche-jeep-ram-fiat-suzuki-land-rover-peugeot-renault-citroen-jaguar","status":"publish","type":"product","link":"https:\/\/siemid.com\/es\/producto\/new-generation-led-fog-lights-retrofit-upgraded-for-honda-acura-nissan-subaru-ford-mitsubishi-lincoln-porsche-jeep-ram-fiat-suzuki-land-rover-peugeot-renault-citroen-jaguar\/","title":{"rendered":"Nueva Generaci\u00f3n Led Fog Lights Retrofit Actualizado Para Honda Acura Nissan Subaru Ford Mitsubishi Lincoln Porsche Jeep RAM Fiat Suzuki Land Rover Peugeot Renault Citro\u00ebn Jaguar"},"content":{"rendered":"<div class=\"a-expander-content a-expander-partial-collapse-content a-expander-content-expanded\" aria-expanded=\"true\">\n<div id=\"productDescription\" class=\"a-section a-spacing-small\">\n<p>Nueva Generaci\u00f3n LED Fog Light Upgrade Kit. Este art\u00edculo se ajusta como piezas de repuesto que vienen preinstalados con faros antiniebla. Estos son los nuevos faros antiniebla LED que sustituyen a los hal\u00f3genos. El \u00e1ngulo de iluminaci\u00f3n es muy amplio (130 grados a la izquierda y derecha), y la l\u00ednea de corte es clara y sharp.Approval ECE F3 SAE DOT. Su veh\u00edculo debe tener los faros antiniebla hal\u00f3genos ya equipados. Este kit ser\u00eda grande para que usted pueda actualizar como una actualizaci\u00f3n de LED especialmente a negro nuestro su veh\u00edculo.. Usted recibe las dos luces antiniebla. Si desea darle vida a la mirada de su veh\u00edculo o si desea m\u00e1s claridad mientras se est\u00e1 conduciendo no mater lo que las condiciones meteorol\u00f3gicas esto podr\u00eda ayudarle en ambas situaciones. Esto mejorar\u00e1 la visibilidad durante la noche, niebla densa, fuerte lluvia y nieve.<br \/>\n<strong>Las caracter\u00edsticas incluyen:<\/strong><br \/>\n.Come Complete<br \/>\no Bombillas LED de alta potencia.<br \/>\no \u00c1ngulo de cobertura extra ancho.<br \/>\no Reutilizar el hardware existente.<br \/>\no Instrucciones completas incluidas.<br \/>\n<strong>SUSTITUYE A LOS FAROS ANTINIEBLA HAL\u00d3GENOS ORIGINALES N\u00daMEROS<\/strong><br \/>\n1209177<br \/>\n1209077<br \/>\n620662<br \/>\n4709052<br \/>\n8321A097<br \/>\n5001874722<br \/>\n26155-00Q0A<br \/>\n35500-63J00<br \/>\n35500-63J03<br \/>\n088358<br \/>\n26150-VD300<br \/>\n26150-EB500<br \/>\n35500-63J02<br \/>\n6710027<br \/>\n8200074008<br \/>\nC2S1740<\/p>\n<p><strong>SE ADAPTA:<\/strong><\/p>\n<p><strong>Honda<\/strong><br \/>\nCivic 2016-2021<br \/>\nCivic Hatchback 2016-2019 2020 2021<br \/>\nCivic Sport Hatchback 2016-2021<br \/>\nCR-V 2012-2014 (submodelo: EX, EX-L, LX, Touring)<br \/>\nCR-Z 2013-2016<br \/>\nAjuste 2014-2021<br \/>\nJAZZ 2014-2021<br \/>\nHR-V LX 2019 2020 2021<br \/>\nPiloto 2012-2021<br \/>\n2013-2015 Accord (EX, EX-L, LX-S) Coup\u00e9 2 puertas<br \/>\nOdyssey 2018-2020<br \/>\nRidgeline 2017-2020<br \/>\nCrosstour 2013-2015<br \/>\nGK5 2014-2017<br \/>\nARA\u00d1A 2013-2018<br \/>\nGerry 2015-2018<br \/>\nGREIZ 2015-2018<\/p>\n<p><strong>Acura<\/strong><br \/>\nAcura ILX 2013-2016<br \/>\nAcura RDX 2010-2016<br \/>\nAcura TL 2012-2014<br \/>\nAcura TSX 2011-2014<\/p>\n<p><strong>FORD<\/strong><br \/>\nEnfoque 2004-2014<br \/>\nEscolta 2015-2017<br \/>\nFiesta 2002-2012<br \/>\nEdge 2015-2017<br \/>\nEcosport 2003-2016<br \/>\nExplorador 2011-2015<br \/>\nRaptor 2011-2016<br \/>\nIkon<br \/>\nC-MAX II 2010<br \/>\nFIESTA V 2001-2010<br \/>\nFIESTA VI 2008<br \/>\nFOCUS II 2004-2012<br \/>\nFOCUS II Berlina 2005<br \/>\nFOCUS II Turnier 2004-2012<br \/>\nFUSI\u00d3N 2013-2016<br \/>\nMondeo 2013-2016<br \/>\nFord Freestyle 2005-2007<br \/>\nFord Taurus X 2008-2009<br \/>\nC-MAX 2013-2018<br \/>\nTr\u00e1nsito 2010-2020<br \/>\nTransit Connect 2010-2020<br \/>\nTr\u00e1nsito 250 2015-2021<br \/>\nTr\u00e1nsito VM 2006-2013<br \/>\nTRANSIT MK6 2000-2005<br \/>\nTRANSIT MK7 2000-2005<br \/>\nTRANSIT MK8 2014-2019<br \/>\nTOURNEO CONNECT 2002-2013<br \/>\nBRONCO 2021<br \/>\nRANGER 2019-2022<br \/>\nEdge 2015-2017<\/p>\n<p><strong>Jeep<\/strong><br \/>\nBr\u00fajula 2017-2021<br \/>\nBr\u00fajula MP 2017-2021<br \/>\nRenegado 2015-2021<br \/>\nCherokee 2018<\/p>\n<p><strong>RAM<\/strong><br \/>\nRAM 1500 2019-2022<br \/>\nRAM 2500 2019-2022<br \/>\nRAM 3500 2019-2022<br \/>\nRAM PROMASTER 1500 2014-2022<br \/>\nRAM PROMASTER 2500 2014-2022<br \/>\nRAM PROMASTER 3500 2014-2022<br \/>\nRAM PROMASTER CITY 2015-2022<\/p>\n<p><strong>Nissan<\/strong><br \/>\nXterra 2006-2015<br \/>\nFrontier 2005-2020 (2011-2015 debe ser con parachoques met\u00e1lico)<br \/>\nTit\u00e1n 2016-2021<br \/>\nSentraSE-R 2007-2012<br \/>\nSentra SE-R Spec V 2007-2012<br \/>\nPathfinder 2006-2012<br \/>\nPathfinder III (R51) 2006-2012<br \/>\nPathfinder 2017-2021 (No apto 2013-2016)<br \/>\nHoja 2011-2017<\/p>\n<p><strong>Subaru<\/strong><br \/>\nSubaru XV 2013-2021<br \/>\nSubaru Crosstrek 2016-2021<br \/>\nSubaru XV Crosstrek 2013-2021<br \/>\nSubaru XV Crosstrek 2.5i \/ H\u00edbrido 2013-2021<br \/>\nSubaru Legacy 2.5i \/3.6L\/3.6R\/ GT 2010-2014<br \/>\nSubaru Outback 2.5i \/3.6L\/3.6R 2010-2012<br \/>\nSubaru WRX \/ STi 2015-2017<br \/>\nSubaru Forester 2014-2021<br \/>\nSubaru Forester 2.5i \/ XT 2014-2021<br \/>\nSubaru BRZ 2013-2016<\/p>\n<p><strong>Suzuki<\/strong><br \/>\nVitara 2001-2021<br \/>\nGrand Vitara 2001-2021<br \/>\nSwift 2005-2014<br \/>\nLandy 2010-2015<br \/>\nJimny 1998-2005 2018-2021<br \/>\nAlto 2009-2014<br \/>\nLiana A6 2010-1012<br \/>\nKeietsu<br \/>\nS-CROSS<br \/>\nSPLASH (EX) 2008<\/p>\n<p><strong>Lincoln<\/strong><br \/>\nLincoln LS 2005-2006<br \/>\nLincoln Navigator 2007-2014<\/p>\n<p><strong>Mitsubishi<\/strong><br \/>\nOutlander 2006-2020<br \/>\nOutlander Sport 2006-2020<br \/>\nASX 2010-2015<br \/>\nRVR 2007-2015<br \/>\nMontero Pajero 2010-2016<br \/>\nPajero IV V8_W V9_W Todoterreno Cerrado 2007-2012<br \/>\nPajero IV Furgoneta V80 V90 Caja 2007-2015<br \/>\nPajero IV V8_W V9_W 2007-2015<br \/>\nEndeavor 2006-2011<br \/>\nEclipse 2006-2012<br \/>\nGalant 2007-2012<br \/>\nL200 2008-2010 2005-2015<br \/>\nTrit\u00f3n 2005-2015<br \/>\nTriton L200 2005-2015<br \/>\nTriton IV Pickup 2006-2015<br \/>\nTrit\u00f3n ML 2006-2009<br \/>\nTrit\u00f3n MN 2009-2015<br \/>\nRalliart Turbo 2009-2015<br \/>\nLancer Ralliart 2009-2015<\/p>\n<p><strong>Land-Rover<\/strong><br \/>\nLR2 2008 - 2014<br \/>\nLR4 2010 - 2015<br \/>\nDiscovery 4 2010 - HACIA DELANTE<br \/>\nRange Rover Full Size 2010 - 2012<br \/>\nRange Rover Full Size Sobrealimentado 2010 - 2012<br \/>\nRange Rover Sport 2010 - '2013<br \/>\nRange Rover Sport sobrealimentado 2010 - 2013<br \/>\nJAGUAR<br \/>\nS-TYPE (X200) 1999-2008<br \/>\nX-TYPE (X400) 2001-2009<br \/>\nXK 2009-2010<\/p>\n<p><strong>Porsche<\/strong><br \/>\nCayenne 2005-2018<br \/>\nPorsche Macan 2015-2018<\/p>\n<p><strong>Inteligente<\/strong><br \/>\nFortwo 453 2015-2018<br \/>\nFortwo W453 2015-2018<br \/>\nEQ fortwo 2019<br \/>\nForfour 2016-2018<\/p>\n<p><strong>FIAT<\/strong><br \/>\nFIAT 500 2012-2019<br \/>\nFIAT 500L 2014-2021<br \/>\nFIAT 500X 2019-2021<br \/>\nTALENTO 2016<\/p>\n<p><strong>Peugeot<\/strong><br \/>\nPeugeot107 2005-2012<br \/>\nPeugeot206 2005-2012<br \/>\nPeugeot207 2005-2012<br \/>\nPeugeot307 2004-2012<br \/>\nPeugeot 308 T9 2013-2018<br \/>\nPeugeot 308 \u2161 2013-2018<br \/>\nPeugeot407 2004- 2011<br \/>\nPeugeot408 2014-2019<br \/>\nPeugeot4007 2007-2012<br \/>\nPeugeot607 2004-2011<br \/>\nPeugeot2008 2013-2019<br \/>\nPeugeot3008 2008-2019<br \/>\nPeugeot4008 2012-207<br \/>\nPeugeot5008 2009-2019<\/p>\n<\/div>\n<\/div>\n<div id=\"productDescription_expander-expand_collapse_link\" class=\"a-expander-header a-expander-partial-collapse-header celwidget\" data-csa-c-id=\"i1n3ak-d9zvbw-xz19zs-6wlspo\" data-cel-widget=\"productDescription_expander-expand_collapse_link\"><\/div>","protected":false},"excerpt":{"rendered":"<ul class=\"a-unordered-list a-vertical a-spacing-mini\">\n<li class=\"a-spacing-mini\"><span class=\"a-list-item\">Utiliza la lente de enfoque puntual LED m\u00e1s avanzada. A diferencia del cristal tradicional, la lente de enfoque puntual utiliza un proceso de moldeo por inyecci\u00f3n de pl\u00e1stico, de modo que se puede formar la compleja superficie curva calculada por ordenador. La lente de enfoque puntual utiliza un dise\u00f1o hiperboloide, que tiene una mayor eficiencia \u00f3ptica y un tipo de luz m\u00e1s amplia, por lo que este tipo de lente puede realizar la funci\u00f3n de luz antiniebla y la funci\u00f3n de iluminaci\u00f3n auxiliar de la curva al mismo tiempo.<\/span><\/li>\n<li class=\"a-spacing-mini\"><span class=\"a-list-item\">Este faro antiniebla es compatible con la mayor\u00eda de los agujeros de montaje de faros antiniebla de coches y la interfaz de bombilla hal\u00f3gena (H11 H9 H8) en el mercado, y tiene una gran versatilidad y es muy conveniente para las actualizaciones y modificaciones.<\/span><\/li>\n<li class=\"a-spacing-mini\"><span class=\"a-list-item\">Siemid Autolights-se centra en la investigaci\u00f3n, el desarrollo y la fabricaci\u00f3n de l\u00e1mparas para autom\u00f3viles. La esencia de la industria, liderando la tendencia de la industria. Nos comprometemos a fabricar productos seguros y satisfactorios para los consumidores. Bienvenido a elegir.<\/span><\/li>\n<li class=\"a-spacing-mini\"><span class=\"a-list-item\">Alta calidad, 1 a\u00f1o de garant\u00eda. Embalaje: dos paquetes<\/span><\/li>\n<li class=\"a-spacing-mini\"><span class=\"a-list-item\">Con el fin de evitar errores, por favor, compruebe su tama\u00f1o y forma, el tama\u00f1o es de 90 mm de di\u00e1metro (forma redonda).<\/span><\/li>\n<li class=\"a-spacing-mini\"><\/li>\n<\/ul>","protected":false},"featured_media":40472,"comment_status":"open","ping_status":"closed","template":"","meta":{"_acf_changed":false,"om_disable_all_campaigns":false,"inline_featured_image":false,"_mi_skip_tracking":false,"_monsterinsights_sitenote_active":false,"_monsterinsights_sitenote_note":"","_monsterinsights_sitenote_category":0},"product_brand":[],"product_cat":[554],"product_tag":[135147],"class_list":{"0":"post-41013","1":"product","2":"type-product","3":"status-publish","4":"has-post-thumbnail","6":"product_cat-fog-lights-automotive-lighting","7":"product_tag-warehouse-location-united-states","8":"product_shipping_class-us-stock-flat","9":"pa_compatibility-2000-ford-transit-mk6","10":"pa_compatibility-2000-ford-transit-mk7","11":"pa_compatibility-2001-ford-fiesta","12":"pa_compatibility-2003-ford-ecosport","13":"pa_compatibility-2004-ford-focus","14":"pa_compatibility-2005-ford-freestyle","15":"pa_compatibility-2006-ford-transit-vm","16":"pa_compatibility-2008-ford-taurus-x","17":"pa_compatibility-2010-ford-c-max","18":"pa_compatibility-2010-ford-transit","19":"pa_compatibility-2010-ford-transit-connect","20":"pa_compatibility-2011-ford-explorer","21":"pa_compatibility-2013-ford-fusion","22":"pa_compatibility-2013-ford-mondeo","23":"pa_compatibility-2014-ford-transit-mk8","24":"pa_compatibility-2015-ford-edge","25":"pa_compatibility-2015-ford-escort","26":"pa_compatibility-2015-ford-transit-250-2","27":"pa_compatibility-2019-ford-ranger","28":"pa_compatibility-2021-ford-bronco","30":"first","31":"instock","32":"sale","33":"shipping-taxable","34":"purchasable","35":"product-type-simple"},"acf":[],"aioseo_notices":[],"_links":{"self":[{"href":"https:\/\/siemid.com\/es\/wp-json\/wp\/v2\/product\/41013","targetHints":{"allow":["GET"]}}],"collection":[{"href":"https:\/\/siemid.com\/es\/wp-json\/wp\/v2\/product"}],"about":[{"href":"https:\/\/siemid.com\/es\/wp-json\/wp\/v2\/types\/product"}],"replies":[{"embeddable":true,"href":"https:\/\/siemid.com\/es\/wp-json\/wp\/v2\/comments?post=41013"}],"wp:featuredmedia":[{"embeddable":true,"href":"https:\/\/siemid.com\/es\/wp-json\/wp\/v2\/media\/40472"}],"wp:attachment":[{"href":"https:\/\/siemid.com\/es\/wp-json\/wp\/v2\/media?parent=41013"}],"wp:term":[{"taxonomy":"product_brand","embeddable":true,"href":"https:\/\/siemid.com\/es\/wp-json\/wp\/v2\/product_brand?post=41013"},{"taxonomy":"product_cat","embeddable":true,"href":"https:\/\/siemid.com\/es\/wp-json\/wp\/v2\/product_cat?post=41013"},{"taxonomy":"product_tag","embeddable":true,"href":"https:\/\/siemid.com\/es\/wp-json\/wp\/v2\/product_tag?post=41013"}],"curies":[{"name":"wp","href":"https:\/\/api.w.org\/{rel}","templated":true}]}}