{"id":41015,"date":"2024-01-04T16:06:07","date_gmt":"2024-01-04T16:06:07","guid":{"rendered":"https:\/\/siemid.com\/?post_type=product&#038;p=41015"},"modified":"2024-01-04T16:42:57","modified_gmt":"2024-01-04T16:42:57","slug":"hid-xenon-headlight-bulb-d1s-type-35w-12v-right-or-left-side","status":"publish","type":"product","link":"https:\/\/siemid.com\/es\/producto\/hid-xenon-headlight-bulb-d1s-type-35w-12v-right-or-left-side\/","title":{"rendered":"Bombilla HID Xenon para Faros Tipo D1S 35W 12V Lado Derecho o Izquierdo"},"content":{"rendered":"<p>Nombre_del_producto<\/br>Bombilla de faro<\/br><\/br>Adaptaci\u00f3n<\/br>\u00a1Por favor, compruebe la parte superior Automotive Fitment Filter y Descripci\u00f3n para ver si este art\u00edculo funcionar\u00e1 en su veh\u00edculo antes de comprar!<\/br><\/br>Art\u00edculo_ofrecido<\/br>Cantidad vendida: Vendido individualmente<\/br><\/br>Condici\u00f3n<\/br>100% Nuevo en embalaje de f\u00e1brica, nunca utilizado ni instalado. Garantiza la calidad y el rendimiento del producto.<\/br><\/br>Talla<\/br>Tama\u00f1o de la bombilla: D1S<\/br><\/br>Posici\u00f3n<\/br>Ubicaci\u00f3n: Izquierda o Derecha<\/br><\/br>Especificaci\u00f3n<\/br>Tipo de bombilla: Tipo de bombilla D1S<\/br><\/br>N\u00famero_de_pieza<\/br>,,,,,,,,,,,,,,,10Cyl,,,,,CLK63,,,12Cyl,,10529326,CLK55,,,,<\/br><\/br> Paquete<\/br>No<\/br><\/br>Garant\u00eda<\/br>1 a\u00f1o<\/p>","protected":false},"excerpt":{"rendered":"<p>\u00a1Fitment:Por favor, compruebe Fitment Filtro y Descripci\u00f3n para ver si este art\u00edculo funcionar\u00e1 en su veh\u00edculo antes de comprar!<br \/>\nCantidad vendida: Vendido individualmente<br \/>\nUbicaci\u00f3n: Izquierda o Derecha<br \/>\nTipo de bombilla: Tipo de bombilla D1S<br \/>\nPart_Number:,,,,,,,,,,,,,,,10Cyl,,,,,CLK63,,,12Cyl,,10529326,CLK55,,,,<\/p>","protected":false},"featured_media":41045,"comment_status":"open","ping_status":"closed","template":"","meta":{"_acf_changed":false,"om_disable_all_campaigns":false,"inline_featured_image":false,"_mi_skip_tracking":false,"_monsterinsights_sitenote_active":false,"_monsterinsights_sitenote_note":"","_monsterinsights_sitenote_category":0},"product_brand":[],"product_cat":[557],"product_tag":[135147],"class_list":{"0":"post-41015","1":"product","2":"type-product","3":"status-publish","4":"has-post-thumbnail","6":"product_cat-car-bulbs","7":"product_tag-warehouse-location-united-states","8":"product_shipping_class-us-stock-flat","9":"pa_brand-siemid","11":"first","12":"instock","13":"sale","14":"shipping-taxable","15":"purchasable","16":"product-type-simple"},"acf":[],"aioseo_notices":[],"_links":{"self":[{"href":"https:\/\/siemid.com\/es\/wp-json\/wp\/v2\/product\/41015","targetHints":{"allow":["GET"]}}],"collection":[{"href":"https:\/\/siemid.com\/es\/wp-json\/wp\/v2\/product"}],"about":[{"href":"https:\/\/siemid.com\/es\/wp-json\/wp\/v2\/types\/product"}],"replies":[{"embeddable":true,"href":"https:\/\/siemid.com\/es\/wp-json\/wp\/v2\/comments?post=41015"}],"wp:featuredmedia":[{"embeddable":true,"href":"https:\/\/siemid.com\/es\/wp-json\/wp\/v2\/media\/41045"}],"wp:attachment":[{"href":"https:\/\/siemid.com\/es\/wp-json\/wp\/v2\/media?parent=41015"}],"wp:term":[{"taxonomy":"product_brand","embeddable":true,"href":"https:\/\/siemid.com\/es\/wp-json\/wp\/v2\/product_brand?post=41015"},{"taxonomy":"product_cat","embeddable":true,"href":"https:\/\/siemid.com\/es\/wp-json\/wp\/v2\/product_cat?post=41015"},{"taxonomy":"product_tag","embeddable":true,"href":"https:\/\/siemid.com\/es\/wp-json\/wp\/v2\/product_tag?post=41015"}],"curies":[{"name":"wp","href":"https:\/\/api.w.org\/{rel}","templated":true}]}}