{"id":41027,"date":"2024-01-04T16:06:10","date_gmt":"2024-01-04T16:06:10","guid":{"rendered":"https:\/\/siemid.com\/?post_type=product&#038;p=41027"},"modified":"2024-01-04T16:42:55","modified_gmt":"2024-01-04T16:42:55","slug":"2pcs-headlight-bulbs-9003-hi-or-low-beam-type-halogen","status":"publish","type":"product","link":"https:\/\/siemid.com\/es\/producto\/2pcs-headlight-bulbs-9003-hi-or-low-beam-type-halogen\/","title":{"rendered":"2pcs faro bombillas 9003 Hi o Low Beam Tipo Hal\u00f3geno"},"content":{"rendered":"<p>Nombre_del_producto<\/br>Bombilla de faro<\/br><\/br>Adaptaci\u00f3n<\/br>\u00a1Por favor, compruebe la parte superior Automotive Fitment Filter y Descripci\u00f3n para ver si este art\u00edculo funcionar\u00e1 en su veh\u00edculo antes de comprar!<\/br><\/br>Art\u00edculo_ofrecido<\/br>Componentes: (2) Bombillas de los faros<\/br><\/br>Nota<\/br>Doble filamento C-8 para la luz de carretera y la luz de cruce<\/br><\/br>Condici\u00f3n<\/br>100% Nuevo en embalaje de f\u00e1brica, nunca utilizado ni instalado. Garantiza la calidad y el rendimiento del producto.<\/br><\/br>Talla<\/br>Tama\u00f1o de la bombilla: H4 (9003)<\/br><\/br>Posici\u00f3n<\/br>Ubicaci\u00f3n: Izquierda o derecha<\/br><\/br>Especificaci\u00f3n<\/br>Tipo de bombilla: Tipo de bombilla H4<\/br><\/br>N\u00famero_de_pieza<\/br>,,,,14515874<\/br><\/br> Paquete<\/br>S\u00ed<\/br><\/br>Garant\u00eda<\/br>1 a\u00f1o<\/p>","protected":false},"excerpt":{"rendered":"<p>\u00a1Fitment:Por favor, compruebe Fitment Filtro y Descripci\u00f3n para ver si este art\u00edculo funcionar\u00e1 en su veh\u00edculo antes de comprar!<br \/>\nComponentes: (2) Bombillas de los faros<br \/>\nIndicaci\u00f3n:Doble filamento C-8 para la luz de carretera y la luz de cruce<br \/>\nTama\u00f1o de la bombilla: H4 (9003)<br \/>\nUbicaci\u00f3n: Izquierda o derecha<\/p>","protected":false},"featured_media":41144,"comment_status":"open","ping_status":"closed","template":"","meta":{"_acf_changed":false,"om_disable_all_campaigns":false,"inline_featured_image":false,"_mi_skip_tracking":false,"_monsterinsights_sitenote_active":false,"_monsterinsights_sitenote_note":"","_monsterinsights_sitenote_category":0},"product_brand":[],"product_cat":[557],"product_tag":[135147],"class_list":{"0":"post-41027","1":"product","2":"type-product","3":"status-publish","4":"has-post-thumbnail","6":"product_cat-car-bulbs","7":"product_tag-warehouse-location-united-states","8":"product_shipping_class-us-stock-flat","9":"pa_brand-siemid","11":"first","12":"instock","13":"sale","14":"shipping-taxable","15":"purchasable","16":"product-type-simple"},"acf":[],"aioseo_notices":[],"_links":{"self":[{"href":"https:\/\/siemid.com\/es\/wp-json\/wp\/v2\/product\/41027","targetHints":{"allow":["GET"]}}],"collection":[{"href":"https:\/\/siemid.com\/es\/wp-json\/wp\/v2\/product"}],"about":[{"href":"https:\/\/siemid.com\/es\/wp-json\/wp\/v2\/types\/product"}],"replies":[{"embeddable":true,"href":"https:\/\/siemid.com\/es\/wp-json\/wp\/v2\/comments?post=41027"}],"wp:featuredmedia":[{"embeddable":true,"href":"https:\/\/siemid.com\/es\/wp-json\/wp\/v2\/media\/41144"}],"wp:attachment":[{"href":"https:\/\/siemid.com\/es\/wp-json\/wp\/v2\/media?parent=41027"}],"wp:term":[{"taxonomy":"product_brand","embeddable":true,"href":"https:\/\/siemid.com\/es\/wp-json\/wp\/v2\/product_brand?post=41027"},{"taxonomy":"product_cat","embeddable":true,"href":"https:\/\/siemid.com\/es\/wp-json\/wp\/v2\/product_cat?post=41027"},{"taxonomy":"product_tag","embeddable":true,"href":"https:\/\/siemid.com\/es\/wp-json\/wp\/v2\/product_tag?post=41027"}],"curies":[{"name":"wp","href":"https:\/\/api.w.org\/{rel}","templated":true}]}}