{"id":41030,"date":"2024-01-04T16:06:11","date_gmt":"2024-01-04T16:06:11","guid":{"rendered":"https:\/\/siemid.com\/?post_type=product&#038;p=41030"},"modified":"2024-01-04T16:42:54","modified_gmt":"2024-01-04T16:42:54","slug":"set-of-2-head-light-headlamp-bulbs-left-right-for-2004-chevy-silverado-2500-hd","status":"publish","type":"product","link":"https:\/\/siemid.com\/es\/producto\/set-of-2-head-light-headlamp-bulbs-left-right-for-2004-chevy-silverado-2500-hd\/","title":{"rendered":"Juego de 2 bombillas de faro delantero izquierdo y derecho para 2004 Chevy Silverado 2500 HD"},"content":{"rendered":"<p>Nombre_del_producto<\/br>Bombilla de faro<\/br><\/br>Adaptaci\u00f3n<\/br>\u00a1Por favor, compruebe la parte superior Automotive Fitment Filter y Descripci\u00f3n para ver si este art\u00edculo funcionar\u00e1 en su veh\u00edculo antes de comprar!<\/br><\/br>Condici\u00f3n<\/br>100% Nuevo en embalaje de f\u00e1brica, nunca utilizado ni instalado. Garantiza la calidad y el rendimiento del producto.<\/br><\/br>Art\u00edculo_ofrecido<\/br>Componentes: (2) Bombillas de los faros<\/br>Cantidad vendida: Lote de 2<\/br><\/br>Nota<\/br>Filamento \u00fanico C-8 para la luz de cruce<\/br><\/br>Posici\u00f3n<\/br>Ubicaci\u00f3n: Lado izquierdo y derecho<\/br>Colocaci\u00f3n en el veh\u00edculo: Izquierda,Derecha<\/br><\/br>Especificaci\u00f3n<\/br>Tipo de bombilla: Tipo de bombilla HB4<\/br><\/br>N\u00famero_de_pieza<\/br>9006ST,14872770<\/br><\/br>Garant\u00eda<\/br>Garant\u00eda del fabricante: 1 a\u00f1o de garant\u00eda sin l\u00edmite de kilometraje<\/p>","protected":false},"excerpt":{"rendered":"<p>\u00a1Adaptaci\u00f3n:Por favor, compruebe la parte superior del filtro de adaptaci\u00f3n de autom\u00f3viles y Descripci\u00f3n para ver si este art\u00edculo va a trabajar en su veh\u00edculo antes de comprar!<br \/>\nArt\u00edculo_Ofertado: Componentes- (2) Bombillas de Faros;Cantidad Vendida- Juego de 2<br \/>\nIndicaci\u00f3n:Filamento \u00fanico C-8 para la luz de cruce<br \/>\nUbicaci\u00f3n: Lado izquierdo y derecho<br \/>\nColocaci\u00f3n en el veh\u00edculo: Izquierda,Derecha<\/p>","protected":false},"featured_media":41179,"comment_status":"open","ping_status":"closed","template":"","meta":{"_acf_changed":false,"om_disable_all_campaigns":false,"inline_featured_image":false,"_mi_skip_tracking":false,"_monsterinsights_sitenote_active":false,"_monsterinsights_sitenote_note":"","_monsterinsights_sitenote_category":0},"product_brand":[],"product_cat":[557],"product_tag":[135147],"class_list":{"0":"post-41030","1":"product","2":"type-product","3":"status-publish","4":"has-post-thumbnail","6":"product_cat-car-bulbs","7":"product_tag-warehouse-location-united-states","8":"product_shipping_class-us-stock-flat","9":"pa_brand-siemid","10":"pa_compatibility-2004-chevy-silverado-2500","12":"first","13":"instock","14":"sale","15":"shipping-taxable","16":"purchasable","17":"product-type-simple"},"acf":[],"aioseo_notices":[],"_links":{"self":[{"href":"https:\/\/siemid.com\/es\/wp-json\/wp\/v2\/product\/41030","targetHints":{"allow":["GET"]}}],"collection":[{"href":"https:\/\/siemid.com\/es\/wp-json\/wp\/v2\/product"}],"about":[{"href":"https:\/\/siemid.com\/es\/wp-json\/wp\/v2\/types\/product"}],"replies":[{"embeddable":true,"href":"https:\/\/siemid.com\/es\/wp-json\/wp\/v2\/comments?post=41030"}],"wp:featuredmedia":[{"embeddable":true,"href":"https:\/\/siemid.com\/es\/wp-json\/wp\/v2\/media\/41179"}],"wp:attachment":[{"href":"https:\/\/siemid.com\/es\/wp-json\/wp\/v2\/media?parent=41030"}],"wp:term":[{"taxonomy":"product_brand","embeddable":true,"href":"https:\/\/siemid.com\/es\/wp-json\/wp\/v2\/product_brand?post=41030"},{"taxonomy":"product_cat","embeddable":true,"href":"https:\/\/siemid.com\/es\/wp-json\/wp\/v2\/product_cat?post=41030"},{"taxonomy":"product_tag","embeddable":true,"href":"https:\/\/siemid.com\/es\/wp-json\/wp\/v2\/product_tag?post=41030"}],"curies":[{"name":"wp","href":"https:\/\/api.w.org\/{rel}","templated":true}]}}