{"id":41032,"date":"2024-01-04T16:06:12","date_gmt":"2024-01-04T16:06:12","guid":{"rendered":"https:\/\/siemid.com\/?post_type=product&#038;p=41032"},"modified":"2024-01-04T16:42:52","modified_gmt":"2024-01-04T16:42:52","slug":"new-halogen-headlight-bulb-9007-hb5-type-hi-lo-beam-55w-65w-12v-right-or-left","status":"publish","type":"product","link":"https:\/\/siemid.com\/es\/producto\/new-halogen-headlight-bulb-9007-hb5-type-hi-lo-beam-55w-65w-12v-right-or-left\/","title":{"rendered":"Nueva Bombilla Hal\u00f3gena para Faro 9007 HB5 tipo Hi\/Lo Beam 55W\/65W 12V Derecha o Izquierda"},"content":{"rendered":"<p>Nombre_del_producto<\/br>Bombilla de faro<\/br><\/br>Adaptaci\u00f3n<\/br>\u00a1Por favor, compruebe la parte superior Automotive Fitment Filter y Descripci\u00f3n para ver si este art\u00edculo funcionar\u00e1 en su veh\u00edculo antes de comprar!<\/br><\/br>Condici\u00f3n<\/br>100% Nuevo en embalaje de f\u00e1brica, nunca utilizado ni instalado. Garantiza la calidad y el rendimiento del producto.<\/br><\/br>Art\u00edculo_ofrecido<\/br>Cantidad vendida: Vendido individualmente<\/br><\/br>Nota<\/br>Doble filamento C-8 para la luz de carretera y la luz de cruce<\/br><\/br>Posici\u00f3n<\/br>Ubicaci\u00f3n: Lado izquierdo o derecho<\/br>Colocaci\u00f3n en el veh\u00edculo: Izquierda,Derecha<\/br><\/br>Especificaci\u00f3n<\/br>Tipo de bombilla: Tipo de bombilla HB5<\/br><\/br>N\u00famero_de_pieza<\/br>14901090<\/br><\/br>Garant\u00eda<\/br>Garant\u00eda del fabricante: 1 a\u00f1o de garant\u00eda sin l\u00edmite de kilometraje<\/br><\/br>Caracter\u00edstica<\/br>Nueva Bombilla Hal\u00f3gena para Faro 9007 HB5 tipo Hi\/Lo Beam 55W\/65W 12V Derecha o Izquierda<\/p>","protected":false},"excerpt":{"rendered":"<p>\u00a1Adaptaci\u00f3n:Por favor, compruebe la parte superior del filtro de adaptaci\u00f3n de autom\u00f3viles y Descripci\u00f3n para ver si este art\u00edculo va a trabajar en su veh\u00edculo antes de comprar!<br \/>\nIndicaci\u00f3n:Doble filamento C-8 para la luz de carretera y la luz de cruce<br \/>\nUbicaci\u00f3n: Lado izquierdo o derecho<br \/>\nColocaci\u00f3n en el veh\u00edculo: Izquierda,Derecha<br \/>\nTipo de bombilla: Tipo de bombilla HB5<\/p>","protected":false},"featured_media":41198,"comment_status":"open","ping_status":"closed","template":"","meta":{"_acf_changed":false,"om_disable_all_campaigns":false,"inline_featured_image":false,"_mi_skip_tracking":false,"_monsterinsights_sitenote_active":false,"_monsterinsights_sitenote_note":"","_monsterinsights_sitenote_category":0},"product_brand":[],"product_cat":[557],"product_tag":[135147],"class_list":{"0":"post-41032","1":"product","2":"type-product","3":"status-publish","4":"has-post-thumbnail","6":"product_cat-car-bulbs","7":"product_tag-warehouse-location-united-states","8":"product_shipping_class-us-stock-flat","9":"pa_brand-siemid","11":"first","12":"instock","13":"sale","14":"shipping-taxable","15":"purchasable","16":"product-type-simple"},"acf":[],"aioseo_notices":[],"_links":{"self":[{"href":"https:\/\/siemid.com\/es\/wp-json\/wp\/v2\/product\/41032","targetHints":{"allow":["GET"]}}],"collection":[{"href":"https:\/\/siemid.com\/es\/wp-json\/wp\/v2\/product"}],"about":[{"href":"https:\/\/siemid.com\/es\/wp-json\/wp\/v2\/types\/product"}],"replies":[{"embeddable":true,"href":"https:\/\/siemid.com\/es\/wp-json\/wp\/v2\/comments?post=41032"}],"wp:featuredmedia":[{"embeddable":true,"href":"https:\/\/siemid.com\/es\/wp-json\/wp\/v2\/media\/41198"}],"wp:attachment":[{"href":"https:\/\/siemid.com\/es\/wp-json\/wp\/v2\/media?parent=41032"}],"wp:term":[{"taxonomy":"product_brand","embeddable":true,"href":"https:\/\/siemid.com\/es\/wp-json\/wp\/v2\/product_brand?post=41032"},{"taxonomy":"product_cat","embeddable":true,"href":"https:\/\/siemid.com\/es\/wp-json\/wp\/v2\/product_cat?post=41032"},{"taxonomy":"product_tag","embeddable":true,"href":"https:\/\/siemid.com\/es\/wp-json\/wp\/v2\/product_tag?post=41032"}],"curies":[{"name":"wp","href":"https:\/\/api.w.org\/{rel}","templated":true}]}}