{"id":41043,"date":"2024-01-04T16:06:14","date_gmt":"2024-01-04T16:06:14","guid":{"rendered":"https:\/\/siemid.com\/?post_type=product&#038;p=41043"},"modified":"2024-01-04T16:42:51","modified_gmt":"2024-01-04T16:42:51","slug":"bulb-socket-for-318-320-323-325-328-525-530-535-540-745-760-840-850-m3-m5-z3-z4","status":"publish","type":"product","link":"https:\/\/siemid.com\/es\/producto\/bulb-socket-for-318-320-323-325-328-525-530-535-540-745-760-840-850-m3-m5-z3-z4\/","title":{"rendered":"Portal\u00e1mparas para 318 320 323 325 328 525 530 535 540 745 760 840 850 M3 M5 Z3 Z4"},"content":{"rendered":"<p>Nombre_del_producto<\/br>Portal\u00e1mparas<\/br><\/br>Adaptaci\u00f3n<\/br>\u00a1Por favor, compruebe la parte superior Automotive Fitment Filter y Descripci\u00f3n para ver si este art\u00edculo funcionar\u00e1 en su veh\u00edculo antes de comprar!<\/br><\/br>Condici\u00f3n<\/br>100% Nuevo en embalaje de f\u00e1brica, nunca utilizado ni instalado. Garantiza la calidad y el rendimiento del producto.<\/br><\/br>Nota<\/br>Lea todas las notas antes de realizar esta compra<\/br><\/br>Posici\u00f3n<\/br>Trasera<\/br><\/br>N\u00famero_de_pieza<\/br>PD83X8<\/br><\/br>Garant\u00eda<\/br>12 meses de garant\u00eda<\/br><\/br>Caracter\u00edstica<\/br>Detalles importantes Por favor, lea antes de hacer esta compra<\/p>","protected":false},"excerpt":{"rendered":"<p>\u00a1Fitment:Por favor, compruebe Fitment Filtro y Descripci\u00f3n para ver si este art\u00edculo funcionar\u00e1 en su veh\u00edculo antes de comprar!<br \/>\nNota:Por favor, lea todas las notas antes de hacer esta compra<br \/>\nReferencia:PD83X8<br \/>\nGarant\u00eda:12 meses<br \/>\nCaracter\u00edstica: Detalles importantes Por favor, lea antes de hacer esta compra<\/p>","protected":false},"featured_media":41286,"comment_status":"open","ping_status":"closed","template":"","meta":{"_acf_changed":false,"om_disable_all_campaigns":false,"inline_featured_image":false,"_mi_skip_tracking":false,"_monsterinsights_sitenote_active":false,"_monsterinsights_sitenote_note":"","_monsterinsights_sitenote_category":0},"product_brand":[],"product_cat":[557],"product_tag":[135147],"class_list":{"0":"post-41043","1":"product","2":"type-product","3":"status-publish","4":"has-post-thumbnail","6":"product_cat-car-bulbs","7":"product_tag-warehouse-location-united-states","8":"product_shipping_class-us-stock-flat","9":"pa_brand-siemid","11":"first","12":"instock","13":"sale","14":"shipping-taxable","15":"purchasable","16":"product-type-simple"},"acf":[],"aioseo_notices":[],"_links":{"self":[{"href":"https:\/\/siemid.com\/es\/wp-json\/wp\/v2\/product\/41043","targetHints":{"allow":["GET"]}}],"collection":[{"href":"https:\/\/siemid.com\/es\/wp-json\/wp\/v2\/product"}],"about":[{"href":"https:\/\/siemid.com\/es\/wp-json\/wp\/v2\/types\/product"}],"replies":[{"embeddable":true,"href":"https:\/\/siemid.com\/es\/wp-json\/wp\/v2\/comments?post=41043"}],"wp:featuredmedia":[{"embeddable":true,"href":"https:\/\/siemid.com\/es\/wp-json\/wp\/v2\/media\/41286"}],"wp:attachment":[{"href":"https:\/\/siemid.com\/es\/wp-json\/wp\/v2\/media?parent=41043"}],"wp:term":[{"taxonomy":"product_brand","embeddable":true,"href":"https:\/\/siemid.com\/es\/wp-json\/wp\/v2\/product_brand?post=41043"},{"taxonomy":"product_cat","embeddable":true,"href":"https:\/\/siemid.com\/es\/wp-json\/wp\/v2\/product_cat?post=41043"},{"taxonomy":"product_tag","embeddable":true,"href":"https:\/\/siemid.com\/es\/wp-json\/wp\/v2\/product_tag?post=41043"}],"curies":[{"name":"wp","href":"https:\/\/api.w.org\/{rel}","templated":true}]}}