{"id":41306,"date":"2024-01-04T16:29:58","date_gmt":"2024-01-04T16:29:58","guid":{"rendered":"https:\/\/siemid.com\/?post_type=product&#038;p=41306"},"modified":"2024-01-04T16:42:44","modified_gmt":"2024-01-04T16:42:44","slug":"for-bmw-e39-e46-e53-x5-e60-e63-e82-e90-set-of-2-halogen-headlight-bulbs","status":"publish","type":"product","link":"https:\/\/siemid.com\/es\/producto\/for-bmw-e39-e46-e53-x5-e60-e63-e82-e90-set-of-2-halogen-headlight-bulbs\/","title":{"rendered":"Para BMW E39 E46 E53 X5 E60 E63 E82 E90 Juego de 2 bombillas hal\u00f3genas para faros delanteros"},"content":{"rendered":"<p>Adaptaci\u00f3n<\/br>\u00a1Por favor, compruebe la parte superior Automotive Fitment Filter y Descripci\u00f3n para ver si este art\u00edculo funcionar\u00e1 en su veh\u00edculo antes de comprar!<\/br><\/br>Condici\u00f3n<\/br>100% Nuevo en embalaje de f\u00e1brica, nunca utilizado ni instalado. Garantiza la calidad y el rendimiento del producto.<\/br><\/br>N\u00famero_de_pieza<\/br>93169007,4008321774033,63217160781,4008321774026<\/br><\/br>Tecnolog\u00eda de iluminaci\u00f3n<\/br>Hal\u00f3geno<\/p>","protected":false},"excerpt":{"rendered":"<p>\u00a1Fitment:Por favor, compruebe Fitment Filtro y Descripci\u00f3n para ver si este art\u00edculo funcionar\u00e1 en su veh\u00edculo antes de comprar!<br \/>\nPart_Number:93169007,4008321774033,63217160781,4008321774026<br \/>\nTecnolog\u00eda de iluminaci\u00f3n:Hal\u00f3gena<br \/>\nEstado: 100% Nuevo en embalaje de f\u00e1brica, nunca usado ni instalado. Garantiza la calidad y el rendimiento del producto.<br \/>\nConstruido : Construido con y cuidado para cumplir con los est\u00e1ndares de la industria para el control de calidad, lo que garantiza un rendimiento fiable y consistente.<\/p>","protected":false},"featured_media":41464,"comment_status":"open","ping_status":"closed","template":"","meta":{"_acf_changed":false,"om_disable_all_campaigns":false,"inline_featured_image":false,"_mi_skip_tracking":false,"_monsterinsights_sitenote_active":false,"_monsterinsights_sitenote_note":"","_monsterinsights_sitenote_category":0},"product_brand":[],"product_cat":[557],"product_tag":[135147],"class_list":{"0":"post-41306","1":"product","2":"type-product","3":"status-publish","4":"has-post-thumbnail","6":"product_cat-car-bulbs","7":"product_tag-warehouse-location-united-states","8":"product_shipping_class-us-stock-flat","9":"pa_brand-siemid","11":"first","12":"instock","13":"sale","14":"shipping-taxable","15":"purchasable","16":"product-type-simple"},"acf":[],"aioseo_notices":[],"_links":{"self":[{"href":"https:\/\/siemid.com\/es\/wp-json\/wp\/v2\/product\/41306","targetHints":{"allow":["GET"]}}],"collection":[{"href":"https:\/\/siemid.com\/es\/wp-json\/wp\/v2\/product"}],"about":[{"href":"https:\/\/siemid.com\/es\/wp-json\/wp\/v2\/types\/product"}],"replies":[{"embeddable":true,"href":"https:\/\/siemid.com\/es\/wp-json\/wp\/v2\/comments?post=41306"}],"wp:featuredmedia":[{"embeddable":true,"href":"https:\/\/siemid.com\/es\/wp-json\/wp\/v2\/media\/41464"}],"wp:attachment":[{"href":"https:\/\/siemid.com\/es\/wp-json\/wp\/v2\/media?parent=41306"}],"wp:term":[{"taxonomy":"product_brand","embeddable":true,"href":"https:\/\/siemid.com\/es\/wp-json\/wp\/v2\/product_brand?post=41306"},{"taxonomy":"product_cat","embeddable":true,"href":"https:\/\/siemid.com\/es\/wp-json\/wp\/v2\/product_cat?post=41306"},{"taxonomy":"product_tag","embeddable":true,"href":"https:\/\/siemid.com\/es\/wp-json\/wp\/v2\/product_tag?post=41306"}],"curies":[{"name":"wp","href":"https:\/\/api.w.org\/{rel}","templated":true}]}}