{"id":41426,"date":"2024-01-04T16:32:30","date_gmt":"2024-01-04T16:32:30","guid":{"rendered":"https:\/\/siemid.com\/?post_type=product&#038;p=41426"},"modified":"2024-01-04T16:42:39","modified_gmt":"2024-01-04T16:42:39","slug":"vanity-mirror-light-bulb-fits-2012-2017-buick-verano-base-71gp93v","status":"publish","type":"product","link":"https:\/\/siemid.com\/es\/producto\/vanity-mirror-light-bulb-fits-2012-2017-buick-verano-base-71gp93v\/","title":{"rendered":"Espejo de vanidad bombilla de luz se adapta a 2012-2017 Buick Verano Base 71GP93V"},"content":{"rendered":"<p>Adaptaci\u00f3n<\/br>\u00a1Por favor, compruebe la parte superior Automotive Fitment Filter y Descripci\u00f3n para ver si este art\u00edculo funcionar\u00e1 en su veh\u00edculo antes de comprar!<\/br><\/br>Nota<\/br>2825 Bombilla - 12V 5W 4CP W2.1X9.5D T3.25 Par<\/br><\/br>Condici\u00f3n<\/br>100% Nuevo en embalaje de f\u00e1brica, nunca utilizado ni instalado. Garantiza la calidad y el rendimiento del producto.<\/br><\/br>N\u00famero_de_pieza<\/br>71GP93V<\/br><\/br>Caracter\u00edstica<\/br>2825 Bombilla - 12V 5W 4CP W2.1X9.5D T3.25; Pareja<\/p>","protected":false},"excerpt":{"rendered":"<p>\u00a1Fitment:Por favor, compruebe Fitment Filtro y Descripci\u00f3n para ver si este art\u00edculo funcionar\u00e1 en su veh\u00edculo antes de comprar!<br \/>\nIndicaci\u00f3n:Bombilla 2825 - 12V 5W 4CP W2.1X9.5D T3.25 Par<br \/>\nReferencia:71GP93V<br \/>\nCaracter\u00edstica: Bombilla 2825 - 12V 5W 4CP W2.1X9.5D T3.25; Pareja<br \/>\nEstado: 100% Nuevo en embalaje de f\u00e1brica, nunca usado ni instalado. Garantiza la calidad y el rendimiento del producto.<\/p>","protected":false},"featured_media":41578,"comment_status":"open","ping_status":"closed","template":"","meta":{"_acf_changed":false,"om_disable_all_campaigns":false,"inline_featured_image":false,"_mi_skip_tracking":false,"_monsterinsights_sitenote_active":false,"_monsterinsights_sitenote_note":"","_monsterinsights_sitenote_category":0},"product_brand":[],"product_cat":[557],"product_tag":[135147],"class_list":{"0":"post-41426","1":"product","2":"type-product","3":"status-publish","4":"has-post-thumbnail","6":"product_cat-car-bulbs","7":"product_tag-warehouse-location-united-states","8":"product_shipping_class-us-stock-flat","9":"pa_brand-siemid","10":"pa_compatibility-2012-buick-verano","12":"first","13":"instock","14":"sale","15":"shipping-taxable","16":"purchasable","17":"product-type-simple"},"acf":[],"aioseo_notices":[],"_links":{"self":[{"href":"https:\/\/siemid.com\/es\/wp-json\/wp\/v2\/product\/41426","targetHints":{"allow":["GET"]}}],"collection":[{"href":"https:\/\/siemid.com\/es\/wp-json\/wp\/v2\/product"}],"about":[{"href":"https:\/\/siemid.com\/es\/wp-json\/wp\/v2\/types\/product"}],"replies":[{"embeddable":true,"href":"https:\/\/siemid.com\/es\/wp-json\/wp\/v2\/comments?post=41426"}],"wp:featuredmedia":[{"embeddable":true,"href":"https:\/\/siemid.com\/es\/wp-json\/wp\/v2\/media\/41578"}],"wp:attachment":[{"href":"https:\/\/siemid.com\/es\/wp-json\/wp\/v2\/media?parent=41426"}],"wp:term":[{"taxonomy":"product_brand","embeddable":true,"href":"https:\/\/siemid.com\/es\/wp-json\/wp\/v2\/product_brand?post=41426"},{"taxonomy":"product_cat","embeddable":true,"href":"https:\/\/siemid.com\/es\/wp-json\/wp\/v2\/product_cat?post=41426"},{"taxonomy":"product_tag","embeddable":true,"href":"https:\/\/siemid.com\/es\/wp-json\/wp\/v2\/product_tag?post=41426"}],"curies":[{"name":"wp","href":"https:\/\/api.w.org\/{rel}","templated":true}]}}