{"id":41451,"date":"2024-01-04T16:33:00","date_gmt":"2024-01-04T16:33:00","guid":{"rendered":"https:\/\/siemid.com\/?post_type=product&#038;p=41451"},"modified":"2024-01-04T16:42:39","modified_gmt":"2024-01-04T16:42:39","slug":"212w-smd-dome-bulb-new-for-savana-sedan-ford-ranger-gmc-sierra-1500","status":"publish","type":"product","link":"https:\/\/siemid.com\/es\/producto\/212w-smd-dome-bulb-new-for-savana-sedan-ford-ranger-gmc-sierra-1500\/","title":{"rendered":"212W-SMD C\u00fapula Bombilla Nueva para SaVana Sed\u00e1n Ford Ranger GMC Sierra 1500"},"content":{"rendered":"<p>Nombre_del_producto<\/br>Bombilla de c\u00fapula<\/br><\/br>Adaptaci\u00f3n<\/br>\u00a1Por favor, compruebe la parte superior Automotive Fitment Filter y Descripci\u00f3n para ver si este art\u00edculo funcionar\u00e1 en su veh\u00edculo antes de comprar!<\/br><\/br>Condici\u00f3n<\/br>100% Nuevo en embalaje de f\u00e1brica, nunca utilizado ni instalado. Garantiza la calidad y el rendimiento del producto.<\/br><\/br>Art\u00edculo_ofrecido<\/br>Cantidad vendida: Vendido individualmente<\/br><\/br>N\u00famero_de_pieza<\/br>212W-SMD,61-65,58-63<\/p>","protected":false},"excerpt":{"rendered":"<p>\u00a1Adaptaci\u00f3n:Por favor, compruebe la parte superior del filtro de adaptaci\u00f3n de autom\u00f3viles y Descripci\u00f3n para ver si este art\u00edculo va a trabajar en su veh\u00edculo antes de comprar!<br \/>\nPart_Number:212W-SMD,61-65,58-63<br \/>\nEstado: 100% Nuevo en embalaje de f\u00e1brica, nunca usado ni instalado. Garantiza la calidad y el rendimiento del producto.<br \/>\nConstruido : Construido con y cuidado para cumplir con los est\u00e1ndares de la industria para el control de calidad, lo que garantiza un rendimiento fiable y consistente.<br \/>\nMaterial: El art\u00edculo est\u00e1 fabricado con materiales cuidadosamente seleccionados por su resistencia y durabilidad, lo que garantiza una excelente calidad y rendimiento.<\/p>","protected":false},"featured_media":41603,"comment_status":"open","ping_status":"closed","template":"","meta":{"_acf_changed":false,"om_disable_all_campaigns":false,"inline_featured_image":false,"_mi_skip_tracking":false,"_monsterinsights_sitenote_active":false,"_monsterinsights_sitenote_note":"","_monsterinsights_sitenote_category":0},"product_brand":[],"product_cat":[557],"product_tag":[135147],"class_list":{"0":"post-41451","1":"product","2":"type-product","3":"status-publish","4":"has-post-thumbnail","6":"product_cat-car-bulbs","7":"product_tag-warehouse-location-united-states","8":"product_shipping_class-us-stock-flat","9":"pa_brand-siemid","11":"first","12":"instock","13":"sale","14":"shipping-taxable","15":"purchasable","16":"product-type-simple"},"acf":[],"aioseo_notices":[],"_links":{"self":[{"href":"https:\/\/siemid.com\/es\/wp-json\/wp\/v2\/product\/41451","targetHints":{"allow":["GET"]}}],"collection":[{"href":"https:\/\/siemid.com\/es\/wp-json\/wp\/v2\/product"}],"about":[{"href":"https:\/\/siemid.com\/es\/wp-json\/wp\/v2\/types\/product"}],"replies":[{"embeddable":true,"href":"https:\/\/siemid.com\/es\/wp-json\/wp\/v2\/comments?post=41451"}],"wp:featuredmedia":[{"embeddable":true,"href":"https:\/\/siemid.com\/es\/wp-json\/wp\/v2\/media\/41603"}],"wp:attachment":[{"href":"https:\/\/siemid.com\/es\/wp-json\/wp\/v2\/media?parent=41451"}],"wp:term":[{"taxonomy":"product_brand","embeddable":true,"href":"https:\/\/siemid.com\/es\/wp-json\/wp\/v2\/product_brand?post=41451"},{"taxonomy":"product_cat","embeddable":true,"href":"https:\/\/siemid.com\/es\/wp-json\/wp\/v2\/product_cat?post=41451"},{"taxonomy":"product_tag","embeddable":true,"href":"https:\/\/siemid.com\/es\/wp-json\/wp\/v2\/product_tag?post=41451"}],"curies":[{"name":"wp","href":"https:\/\/api.w.org\/{rel}","templated":true}]}}