{"id":41453,"date":"2024-01-04T16:33:01","date_gmt":"2024-01-04T16:33:01","guid":{"rendered":"https:\/\/siemid.com\/?post_type=product&#038;p=41453"},"modified":"2024-01-04T16:42:38","modified_gmt":"2024-01-04T16:42:38","slug":"for-infiniti-nissan-light-bulb","status":"publish","type":"product","link":"https:\/\/siemid.com\/es\/producto\/for-infiniti-nissan-light-bulb\/","title":{"rendered":"Para INFINITI Nissan Bombilla"},"content":{"rendered":"<p>Nombre_del_producto<\/br>Bombilla<\/br><\/br>Adaptaci\u00f3n<\/br>\u00a1Por favor, compruebe la parte superior Automotive Fitment Filter y Descripci\u00f3n para ver si este art\u00edculo funcionar\u00e1 en su veh\u00edculo antes de comprar!<\/br><\/br>Condici\u00f3n<\/br>100% Nuevo en embalaje de f\u00e1brica, nunca utilizado ni instalado. Garantiza la calidad y el rendimiento del producto.<\/br><\/br>Nota<\/br>Guantera,Pack De 1 Bombilla<\/br><\/br>Especificaci\u00f3n<\/br>Cantidad vendida | Se vende individualmente | Sustituye al n\u00famero | 248602J001<\/br><\/br>N\u00famero_de_pieza<\/br>248602J001,639-044<\/br><\/br>Descripci\u00f3n \/ Notas<\/br>Condiciones de uso<\/br><\/br>Caracter\u00edstica<\/br>F\u00e1cil de instalar<\/br>Fabricado con materiales de alta calidad<\/br>La cobertura incluye una amplia variedad de aplicaciones<\/p>","protected":false},"excerpt":{"rendered":"<p>\u00a1Fitment:Por favor, compruebe Fitment Filtro y Descripci\u00f3n para ver si este art\u00edculo funcionar\u00e1 en su veh\u00edculo antes de comprar!<br \/>\nIndicaci\u00f3n:Caja de guantes, paquete de 1 bombilla<br \/>\nEspecificaci\u00f3n:Cantidad vendida | Se vende individualmente | Sustituye al n\u00famero | 248602J001<br \/>\nPart_Number:248602J001,639-044<br \/>\nDescripci\u00f3n \/ Notas:Condiciones de uso<\/p>","protected":false},"featured_media":41615,"comment_status":"open","ping_status":"closed","template":"","meta":{"_acf_changed":false,"om_disable_all_campaigns":false,"inline_featured_image":false,"_mi_skip_tracking":false,"_monsterinsights_sitenote_active":false,"_monsterinsights_sitenote_note":"","_monsterinsights_sitenote_category":0},"product_brand":[],"product_cat":[557],"product_tag":[135147],"class_list":{"0":"post-41453","1":"product","2":"type-product","3":"status-publish","4":"has-post-thumbnail","6":"product_cat-car-bulbs","7":"product_tag-warehouse-location-united-states","8":"product_shipping_class-us-stock-flat","9":"pa_brand-siemid","11":"first","12":"instock","13":"sale","14":"shipping-taxable","15":"purchasable","16":"product-type-simple"},"acf":[],"aioseo_notices":[],"_links":{"self":[{"href":"https:\/\/siemid.com\/es\/wp-json\/wp\/v2\/product\/41453","targetHints":{"allow":["GET"]}}],"collection":[{"href":"https:\/\/siemid.com\/es\/wp-json\/wp\/v2\/product"}],"about":[{"href":"https:\/\/siemid.com\/es\/wp-json\/wp\/v2\/types\/product"}],"replies":[{"embeddable":true,"href":"https:\/\/siemid.com\/es\/wp-json\/wp\/v2\/comments?post=41453"}],"wp:featuredmedia":[{"embeddable":true,"href":"https:\/\/siemid.com\/es\/wp-json\/wp\/v2\/media\/41615"}],"wp:attachment":[{"href":"https:\/\/siemid.com\/es\/wp-json\/wp\/v2\/media?parent=41453"}],"wp:term":[{"taxonomy":"product_brand","embeddable":true,"href":"https:\/\/siemid.com\/es\/wp-json\/wp\/v2\/product_brand?post=41453"},{"taxonomy":"product_cat","embeddable":true,"href":"https:\/\/siemid.com\/es\/wp-json\/wp\/v2\/product_cat?post=41453"},{"taxonomy":"product_tag","embeddable":true,"href":"https:\/\/siemid.com\/es\/wp-json\/wp\/v2\/product_tag?post=41453"}],"curies":[{"name":"wp","href":"https:\/\/api.w.org\/{rel}","templated":true}]}}