{"id":41475,"date":"2024-01-04T16:33:32","date_gmt":"2024-01-04T16:33:32","guid":{"rendered":"https:\/\/siemid.com\/?post_type=product&#038;p=41475"},"modified":"2024-01-04T16:42:37","modified_gmt":"2024-01-04T16:42:37","slug":"ac-dome-light-bulb-front-or-rear","status":"publish","type":"product","link":"https:\/\/siemid.com\/es\/producto\/ac-dome-light-bulb-front-or-rear\/","title":{"rendered":"Bombilla de luz de c\u00fapula delantera o trasera de CA"},"content":{"rendered":"<p>Nombre_del_producto<\/br>Bombilla de c\u00fapula<\/br><\/br>Adaptaci\u00f3n<\/br>\u00a1Por favor, compruebe la parte superior Automotive Fitment Filter y Descripci\u00f3n para ver si este art\u00edculo funcionar\u00e1 en su veh\u00edculo antes de comprar!<\/br><\/br>Condici\u00f3n<\/br>100% Nuevo en embalaje de f\u00e1brica, nunca utilizado ni instalado. Garantiza la calidad y el rendimiento del producto.<\/br><\/br>Art\u00edculo_ofrecido<\/br>77-79,81,87-89 98 Delantero<\/br>85-87,91 6000 Delantero<\/br><\/br>Posici\u00f3n<\/br>Colocaci\u00f3n en el veh\u00edculo: Delantero<\/br><\/br>N\u00famero_de_pieza<\/br>L212-2,9431809<\/p>","protected":false},"excerpt":{"rendered":"<p>\u00a1Adaptaci\u00f3n:Por favor, compruebe la parte superior del filtro de adaptaci\u00f3n de autom\u00f3viles y Descripci\u00f3n para ver si este art\u00edculo va a trabajar en su veh\u00edculo antes de comprar!<br \/>\nArt\u00edculo_ofrecido:77-79,81,87-89 98 Delantero;85-87,91 6000 Delantero<br \/>\nColocaci\u00f3n en el veh\u00edculo: Delantero<br \/>\nPart_Number:L212-2,9431809<br \/>\nEstado: 100% Nuevo en embalaje de f\u00e1brica, nunca usado ni instalado. Garantiza la calidad y el rendimiento del producto.<\/p>","protected":false},"featured_media":41626,"comment_status":"open","ping_status":"closed","template":"","meta":{"_acf_changed":false,"om_disable_all_campaigns":false,"inline_featured_image":false,"_mi_skip_tracking":false,"_monsterinsights_sitenote_active":false,"_monsterinsights_sitenote_note":"","_monsterinsights_sitenote_category":0},"product_brand":[],"product_cat":[557],"product_tag":[135147],"class_list":{"0":"post-41475","1":"product","2":"type-product","3":"status-publish","4":"has-post-thumbnail","6":"product_cat-car-bulbs","7":"product_tag-warehouse-location-united-states","8":"product_shipping_class-us-stock-flat","9":"pa_brand-siemid","11":"first","12":"instock","13":"sale","14":"shipping-taxable","15":"purchasable","16":"product-type-simple"},"acf":[],"aioseo_notices":[],"_links":{"self":[{"href":"https:\/\/siemid.com\/es\/wp-json\/wp\/v2\/product\/41475","targetHints":{"allow":["GET"]}}],"collection":[{"href":"https:\/\/siemid.com\/es\/wp-json\/wp\/v2\/product"}],"about":[{"href":"https:\/\/siemid.com\/es\/wp-json\/wp\/v2\/types\/product"}],"replies":[{"embeddable":true,"href":"https:\/\/siemid.com\/es\/wp-json\/wp\/v2\/comments?post=41475"}],"wp:featuredmedia":[{"embeddable":true,"href":"https:\/\/siemid.com\/es\/wp-json\/wp\/v2\/media\/41626"}],"wp:attachment":[{"href":"https:\/\/siemid.com\/es\/wp-json\/wp\/v2\/media?parent=41475"}],"wp:term":[{"taxonomy":"product_brand","embeddable":true,"href":"https:\/\/siemid.com\/es\/wp-json\/wp\/v2\/product_brand?post=41475"},{"taxonomy":"product_cat","embeddable":true,"href":"https:\/\/siemid.com\/es\/wp-json\/wp\/v2\/product_cat?post=41475"},{"taxonomy":"product_tag","embeddable":true,"href":"https:\/\/siemid.com\/es\/wp-json\/wp\/v2\/product_tag?post=41475"}],"curies":[{"name":"wp","href":"https:\/\/api.w.org\/{rel}","templated":true}]}}