{"id":41501,"date":"2024-01-04T16:34:02","date_gmt":"2024-01-04T16:34:02","guid":{"rendered":"https:\/\/siemid.com\/?post_type=product&#038;p=41501"},"modified":"2024-01-04T16:42:37","modified_gmt":"2024-01-04T16:42:37","slug":"new-original-94196-h4-75-70w-p43t-24v-halogen-headlight-lampbulb-bilux-usa","status":"publish","type":"product","link":"https:\/\/siemid.com\/es\/producto\/new-original-94196-h4-75-70w-p43t-24v-halogen-headlight-lampbulb-bilux-usa\/","title":{"rendered":"Nuevo Original 94196 H4 75\/70W P43T 24V L\u00e1mpara de Faro Hal\u00f3gena BILUX USA"},"content":{"rendered":"<p>La historia de Headlight<\/br>Headlight fue fundada en 2015 por un grupo de emprendedores e ingenieros que quer\u00edan crear una forma mejor de que los conductores navegaran por las carreteras. Crearon su primer producto, un dispositivo peque\u00f1o y barato que pod\u00eda montarse en el salpicadero de un coche y ofrecer navegaci\u00f3n en tiempo real.<\/br><\/br>Adaptaci\u00f3n<\/br>\u00a1Por favor, compruebe la parte superior Automotive Fitment Filter y Descripci\u00f3n para ver si este art\u00edculo funcionar\u00e1 en su veh\u00edculo antes de comprar!<\/br><\/br>Condici\u00f3n<\/br>100% Nuevo en embalaje de f\u00e1brica, nunca utilizado ni instalado. Garantiza la calidad y el rendimiento del producto.<\/br><\/br>Art\u00edculo_ofrecido<\/br>Art\u00edculos incluidos: Bombillas, con caja<\/br>N\u00famero de bombillas: 1<\/br><\/br>Especificaci\u00f3n<\/br>Base: P43tq<\/br><\/br>N\u00famero_de_pieza<\/br>64196<\/br><\/br>Tensi\u00f3n nominal<\/br>24.0 V<\/br><\/br>Potencia nominal<\/br>75\/70 W<\/br><\/br>Entrada de alimentaci\u00f3n<\/br>85 \/ 80 W<\/br><\/br>Tensi\u00f3n de prueba<\/br>28.0 V<\/br><\/br>Tipo<\/br>H4<\/br><\/br>Garant\u00eda<\/br>Garant\u00eda del fabricante: 6 meses<\/br><\/br>Material<\/br>Lente de pl\u00e1stico ABS\/Policarbonato, fabricada con materiales comparables de alta calidad para resistir el desgaste de la carretera y el paso del tiempo.<\/br><\/br>Funci\u00f3n de los faros<\/br>La funci\u00f3n principal de un faro es iluminar la carretera para que el conductor pueda ver posibles peligros y otros veh\u00edculos. Los faros tambi\u00e9n se utilizan para que un veh\u00edculo sea m\u00e1s visible para otros conductores y peatones, ayudando as\u00ed a evitar accidentes.<\/p>","protected":false},"excerpt":{"rendered":"<p>\u00a1Fitment:Por favor, compruebe Fitment Filtro y Descripci\u00f3n para ver si este art\u00edculo funcionar\u00e1 en su veh\u00edculo antes de comprar!<br \/>\nArt\u00edculos incluidos: Bombillas, con caja<br \/>\nN\u00famero de bombillas: 1<br \/>\nN\u00famero_de_pieza:64196<br \/>\nTensi\u00f3n nominal:24,0 V<\/p>","protected":false},"featured_media":41661,"comment_status":"open","ping_status":"closed","template":"","meta":{"_acf_changed":false,"om_disable_all_campaigns":false,"inline_featured_image":false,"_mi_skip_tracking":false,"_monsterinsights_sitenote_active":false,"_monsterinsights_sitenote_note":"","_monsterinsights_sitenote_category":0},"product_brand":[],"product_cat":[557],"product_tag":[135147],"class_list":{"0":"post-41501","1":"product","2":"type-product","3":"status-publish","4":"has-post-thumbnail","6":"product_cat-car-bulbs","7":"product_tag-warehouse-location-united-states","8":"product_shipping_class-us-stock-flat","9":"pa_brand-siemid","11":"first","12":"instock","13":"sale","14":"shipping-taxable","15":"purchasable","16":"product-type-simple"},"acf":[],"aioseo_notices":[],"_links":{"self":[{"href":"https:\/\/siemid.com\/es\/wp-json\/wp\/v2\/product\/41501","targetHints":{"allow":["GET"]}}],"collection":[{"href":"https:\/\/siemid.com\/es\/wp-json\/wp\/v2\/product"}],"about":[{"href":"https:\/\/siemid.com\/es\/wp-json\/wp\/v2\/types\/product"}],"replies":[{"embeddable":true,"href":"https:\/\/siemid.com\/es\/wp-json\/wp\/v2\/comments?post=41501"}],"wp:featuredmedia":[{"embeddable":true,"href":"https:\/\/siemid.com\/es\/wp-json\/wp\/v2\/media\/41661"}],"wp:attachment":[{"href":"https:\/\/siemid.com\/es\/wp-json\/wp\/v2\/media?parent=41501"}],"wp:term":[{"taxonomy":"product_brand","embeddable":true,"href":"https:\/\/siemid.com\/es\/wp-json\/wp\/v2\/product_brand?post=41501"},{"taxonomy":"product_cat","embeddable":true,"href":"https:\/\/siemid.com\/es\/wp-json\/wp\/v2\/product_cat?post=41501"},{"taxonomy":"product_tag","embeddable":true,"href":"https:\/\/siemid.com\/es\/wp-json\/wp\/v2\/product_tag?post=41501"}],"curies":[{"name":"wp","href":"https:\/\/api.w.org\/{rel}","templated":true}]}}