{"id":41523,"date":"2024-01-04T16:34:30","date_gmt":"2024-01-04T16:34:30","guid":{"rendered":"https:\/\/siemid.com\/?post_type=product&#038;p=41523"},"modified":"2024-01-04T16:42:36","modified_gmt":"2024-01-04T16:42:36","slug":"for-amber-front-turn-signal-light-bulb-12181na-pwy24w-fit-for-audi-a4l","status":"publish","type":"product","link":"https:\/\/siemid.com\/es\/producto\/for-amber-front-turn-signal-light-bulb-12181na-pwy24w-fit-for-audi-a4l\/","title":{"rendered":"Para \u00e1mbar luz intermitente delantera bombilla 12181NA PWY24W ajuste para Audi A4L"},"content":{"rendered":"<p>Adaptaci\u00f3n<\/br>\u00a1Por favor, compruebe la parte superior Automotive Fitment Filter y Descripci\u00f3n para ver si este art\u00edculo funcionar\u00e1 en su veh\u00edculo antes de comprar!<\/br><\/br>Condici\u00f3n<\/br>100% Nuevo en embalaje de f\u00e1brica, nunca utilizado ni instalado. Garantiza la calidad y el rendimiento del producto.<\/br><\/br>Art\u00edculo_ofrecido<\/br>Art\u00edculos incluidos: Bombillas<\/br>N\u00famero de bombillas: 1<\/br><\/br>Posici\u00f3n<\/br>Colocaci\u00f3n en el veh\u00edculo: Delantero<\/br><\/br>Especificaci\u00f3n<\/br>Tensi\u00f3n: 12 V<\/br><\/br>N\u00famero_de_pieza<\/br>C119-981-B<\/br><\/br>Tipo<\/br>Pwy24W<\/br><\/br>Watt<\/br>24W<\/br><\/br>Caracter\u00edstica<\/br>En los 180 d\u00edas siguientes a la recepci\u00f3n del art\u00edculo,S\u00ed<\/p>","protected":false},"excerpt":{"rendered":"<p>\u00a1Fitment:Por favor, compruebe Fitment Filtro y Descripci\u00f3n para ver si este art\u00edculo funcionar\u00e1 en su veh\u00edculo antes de comprar!<br \/>\nArt\u00edculos incluidos: Bombillas<br \/>\nN\u00famero de bombillas: 1<br \/>\nColocaci\u00f3n en el veh\u00edculo: Delantero<br \/>\nPart_Number:C119-981-B<\/p>","protected":false},"featured_media":41674,"comment_status":"open","ping_status":"closed","template":"","meta":{"_acf_changed":false,"om_disable_all_campaigns":false,"inline_featured_image":false,"_mi_skip_tracking":false,"_monsterinsights_sitenote_active":false,"_monsterinsights_sitenote_note":"","_monsterinsights_sitenote_category":0},"product_brand":[],"product_cat":[557],"product_tag":[135147],"class_list":{"0":"post-41523","1":"product","2":"type-product","3":"status-publish","4":"has-post-thumbnail","6":"product_cat-car-bulbs","7":"product_tag-warehouse-location-united-states","8":"product_shipping_class-us-stock-flat","9":"pa_brand-siemid","11":"first","12":"instock","13":"sale","14":"shipping-taxable","15":"purchasable","16":"product-type-simple"},"acf":[],"aioseo_notices":[],"_links":{"self":[{"href":"https:\/\/siemid.com\/es\/wp-json\/wp\/v2\/product\/41523","targetHints":{"allow":["GET"]}}],"collection":[{"href":"https:\/\/siemid.com\/es\/wp-json\/wp\/v2\/product"}],"about":[{"href":"https:\/\/siemid.com\/es\/wp-json\/wp\/v2\/types\/product"}],"replies":[{"embeddable":true,"href":"https:\/\/siemid.com\/es\/wp-json\/wp\/v2\/comments?post=41523"}],"wp:featuredmedia":[{"embeddable":true,"href":"https:\/\/siemid.com\/es\/wp-json\/wp\/v2\/media\/41674"}],"wp:attachment":[{"href":"https:\/\/siemid.com\/es\/wp-json\/wp\/v2\/media?parent=41523"}],"wp:term":[{"taxonomy":"product_brand","embeddable":true,"href":"https:\/\/siemid.com\/es\/wp-json\/wp\/v2\/product_brand?post=41523"},{"taxonomy":"product_cat","embeddable":true,"href":"https:\/\/siemid.com\/es\/wp-json\/wp\/v2\/product_cat?post=41523"},{"taxonomy":"product_tag","embeddable":true,"href":"https:\/\/siemid.com\/es\/wp-json\/wp\/v2\/product_tag?post=41523"}],"curies":[{"name":"wp","href":"https:\/\/api.w.org\/{rel}","templated":true}]}}