{"id":41547,"date":"2024-01-04T16:35:01","date_gmt":"2024-01-04T16:35:01","guid":{"rendered":"https:\/\/siemid.com\/?post_type=product&#038;p=41547"},"modified":"2024-01-04T16:42:35","modified_gmt":"2024-01-04T16:42:35","slug":"6-volt-3-watt-speedometer-bulb-for-honda-5-pack-34902-202-000-943-003","status":"publish","type":"product","link":"https:\/\/siemid.com\/es\/producto\/6-volt-3-watt-speedometer-bulb-for-honda-5-pack-34902-202-000-943-003\/","title":{"rendered":"BOMBILLA DE VELOC\u00cdMETRO DE 6 VOLTIOS Y 3 VATIOS PARA HONDA-5\/PAQUETE 34902-202-000 \/ 943-003"},"content":{"rendered":"<p>Adaptaci\u00f3n<\/br>\u00a1Por favor, compruebe la parte superior Automotive Fitment Filter y Descripci\u00f3n para ver si este art\u00edculo funcionar\u00e1 en su veh\u00edculo antes de comprar!<\/br><\/br>Art\u00edculo_ofrecido<\/br>Se vende como: Paquetes de cinco<\/br><\/br>Nota<\/br>No se puede utilizar en modelos de 12 voltios<\/br><\/br>Condici\u00f3n<\/br>100% Nuevo en embalaje de f\u00e1brica, nunca utilizado ni instalado. Garantiza la calidad y el rendimiento del producto.<\/br><\/br>Especificaci\u00f3n<\/br>Di\u00e1metro de la base: 9Mm<\/br>Especificaci\u00f3n del art\u00edculo: Amperaje .49A \/ 490Ma<\/br>Di\u00e1metro m\u00e1ximo total .43\u2033\/11Mm<\/br>Longitud total m\u00e1xima .94\u2033\/23.9Mm<\/br>Tipo de pieza: Electricidad e iluminaci\u00f3n<\/br>Tensi\u00f3n: 6,75 V<\/br><\/br>N\u00famero_de_pieza<\/br>943-003,34902-202-000<\/br><\/br>Vatios<\/br>3W<\/br><\/br>Amperaje<\/br>49A \/ 490Ma<\/br><\/br>Customtag_0<\/br>Sustituye al n\u00famero<\/br><\/br>Di\u00e1metro m\u00e1ximo total<\/br>43\u2033\/11Mm<\/br><\/br>Longitud m\u00e1xima total<\/br>94\u2033\/23,9Mm<\/br><\/br>Caracter\u00edstica<\/br>Bombilla de 6 voltios y 3 vatios<\/br>Bombilla del cuadro de instrumentos<\/br>Filamento \u00fanico<\/br>Se venden en paquetes de CINCO<\/p>","protected":false},"excerpt":{"rendered":"<p>\u00a1Fitment:Por favor, compruebe Fitment Filtro y Descripci\u00f3n para ver si este art\u00edculo funcionar\u00e1 en su veh\u00edculo antes de comprar!<br \/>\nSe vende como: Paquetes de cinco<br \/>\nNota:No se puede utilizar en modelos de 12 voltios<br \/>\nDi\u00e1metro de la base: 9Mm<br \/>\nEspecificaci\u00f3n del art\u00edculo: Amperaje .49A \/ 490Ma<\/p>","protected":false},"featured_media":41710,"comment_status":"open","ping_status":"closed","template":"","meta":{"_acf_changed":false,"om_disable_all_campaigns":false,"inline_featured_image":false,"_mi_skip_tracking":false,"_monsterinsights_sitenote_active":false,"_monsterinsights_sitenote_note":"","_monsterinsights_sitenote_category":0},"product_brand":[],"product_cat":[557],"product_tag":[135147],"class_list":{"0":"post-41547","1":"product","2":"type-product","3":"status-publish","4":"has-post-thumbnail","6":"product_cat-car-bulbs","7":"product_tag-warehouse-location-united-states","8":"product_shipping_class-us-stock-flat","9":"pa_brand-siemid","11":"first","12":"instock","13":"sale","14":"shipping-taxable","15":"purchasable","16":"product-type-simple"},"acf":[],"aioseo_notices":[],"_links":{"self":[{"href":"https:\/\/siemid.com\/es\/wp-json\/wp\/v2\/product\/41547","targetHints":{"allow":["GET"]}}],"collection":[{"href":"https:\/\/siemid.com\/es\/wp-json\/wp\/v2\/product"}],"about":[{"href":"https:\/\/siemid.com\/es\/wp-json\/wp\/v2\/types\/product"}],"replies":[{"embeddable":true,"href":"https:\/\/siemid.com\/es\/wp-json\/wp\/v2\/comments?post=41547"}],"wp:featuredmedia":[{"embeddable":true,"href":"https:\/\/siemid.com\/es\/wp-json\/wp\/v2\/media\/41710"}],"wp:attachment":[{"href":"https:\/\/siemid.com\/es\/wp-json\/wp\/v2\/media?parent=41547"}],"wp:term":[{"taxonomy":"product_brand","embeddable":true,"href":"https:\/\/siemid.com\/es\/wp-json\/wp\/v2\/product_brand?post=41547"},{"taxonomy":"product_cat","embeddable":true,"href":"https:\/\/siemid.com\/es\/wp-json\/wp\/v2\/product_cat?post=41547"},{"taxonomy":"product_tag","embeddable":true,"href":"https:\/\/siemid.com\/es\/wp-json\/wp\/v2\/product_tag?post=41547"}],"curies":[{"name":"wp","href":"https:\/\/api.w.org\/{rel}","templated":true}]}}